{"id":24775,"date":"2018-06-27T00:00:00","date_gmt":"2019-08-11T06:44:40","guid":{"rendered":"https:\/\/promz.be\/product\/tasse-en-ceramique-retro-personnalisee\/"},"modified":"2020-10-22T12:14:41","modified_gmt":"2020-10-22T10:14:41","slug":"tasse-en-ceramique-retro-personnalisee","status":"publish","type":"product","link":"https:\/\/promz.be\/fr\/product\/tasse-en-ceramique-retro-personnalisee\/","title":{"rendered":"Tasse en c\u00e9ramique r\u00e9tro personnalis\u00e9e"},"content":{"rendered":"<p>Les tasses sont des objets utilis\u00e9s au quotidien par presque toute la population. Que ce soit pour boire un caf\u00e9, un th\u00e9, un chocolat chaud ou n\u2019importe quelle autre boisson, la tasse est l\u2019objet \u00e0 avoir avec soi. Celle-ci est en c\u00e9ramique donc elle garde la chaleur longtemps pour vos boissons chaudes et fonctionne \u00e9galement pour l\u2019effet inverse, elle garde vos boissons fraiches au frais. Sa capacit\u00e9 est d\u2019environ 300 ml et peut passer au lave-vaisselle m\u00eame si elle est personnalis\u00e9e. En effet, vous pouvez ins\u00e9rer votre logo ou le nom de votre marque sur cette tasse afin d\u2019en faire un outil de communication id\u00e9al. Vous pouvez offrir cette tasse \u00e0 vos employ\u00e9s, qui doivent certainement boire du th\u00e9 ou du caf\u00e9 au bureau. Ou bien \u00e0 vos clients en guise de cadeau afin qu\u2019ils se souviennent de vous. Plusieurs coloris sont disponibles tels que le noir, le blanc, le rouge, le bleu et le beige. \u00c0 vous de choisir quelle couleur, vous corresponds le mieux.<\/p>\n","protected":false},"excerpt":{"rendered":"<p>Les tasses sont des objets utilis\u00e9s au quotidien par presque toute la population. Que ce soit pour boire un caf\u00e9, un th\u00e9, un chocolat chaud ou n\u2019importe quelle autre boisson, la tasse est l\u2019objet \u00e0 avoir avec soi. Celle-ci est en c\u00e9ramique donc elle garde la chaleur longtemps pour vos boissons chaudes et fonctionne \u00e9galement pour l\u2019effet inverse, elle garde vos boissons fraiches au frais. Sa capacit\u00e9 est d\u2019environ 300 ml et peut passer au lave-vaisselle m\u00eame si elle est personnalis\u00e9e. En effet, vous pouvez ins\u00e9rer votre logo ou le nom de votre marque sur cette tasse afin d\u2019en faire un outil de communication id\u00e9al. Vous pouvez offrir cette tasse \u00e0 vos employ\u00e9s, qui doivent certainement boire du th\u00e9 ou du caf\u00e9 au bureau. Ou bien \u00e0 vos clients en guise de cadeau afin qu\u2019ils se souviennent de vous. Plusieurs coloris sont disponibles tels que le noir, le blanc, le rouge, le bleu et le beige. \u00c0 vous de choisir quelle couleur, vous corresponds le mieux. [&#8230;]<\/p>\n<p><a class=\"btn btn-secondary understrap-read-more-link\" href=\"https:\/\/promz.be\/fr\/product\/tasse-en-ceramique-retro-personnalisee\/\">Lire la suite&#8230;<\/a><\/p>\n","protected":false},"featured_media":24702,"comment_status":"closed","ping_status":"open","template":"","meta":[],"product_cat":[947,984,995,968],"product_tag":[],"_links":{"self":[{"href":"https:\/\/promz.be\/fr\/wp-json\/wp\/v2\/product\/24775"}],"collection":[{"href":"https:\/\/promz.be\/fr\/wp-json\/wp\/v2\/product"}],"about":[{"href":"https:\/\/promz.be\/fr\/wp-json\/wp\/v2\/types\/product"}],"replies":[{"embeddable":true,"href":"https:\/\/promz.be\/fr\/wp-json\/wp\/v2\/comments?post=24775"}],"wp:featuredmedia":[{"embeddable":true,"href":"https:\/\/promz.be\/fr\/wp-json\/wp\/v2\/media\/24702"}],"wp:attachment":[{"href":"https:\/\/promz.be\/fr\/wp-json\/wp\/v2\/media?parent=24775"}],"wp:term":[{"taxonomy":"product_cat","embeddable":true,"href":"https:\/\/promz.be\/fr\/wp-json\/wp\/v2\/product_cat?post=24775"},{"taxonomy":"product_tag","embeddable":true,"href":"https:\/\/promz.be\/fr\/wp-json\/wp\/v2\/product_tag?post=24775"}],"curies":[{"name":"wp","href":"https:\/\/api.w.org\/{rel}","templated":true}]}}