{"id":24777,"date":"2018-11-20T00:00:00","date_gmt":"2019-08-11T06:45:12","guid":{"rendered":"https:\/\/promz.be\/product\/casquette-basic-5-panneaux-personnalisee\/"},"modified":"2020-10-22T12:14:30","modified_gmt":"2020-10-22T10:14:30","slug":"casquette-basic-5-panneaux-personnalisee","status":"publish","type":"product","link":"https:\/\/promz.be\/fr\/product\/casquette-basic-5-panneaux-personnalisee\/","title":{"rendered":"Casquette basic 5 panneaux personnalis\u00e9e"},"content":{"rendered":"<p>Lorsque le soleil pointe le bout de son nez, nous aimons tous porter une petite casquette pour tout nous prot\u00e9ger du soleil, mais pour aussi avoir un petit style original. Cette casquette pourrait faire l\u2019affaire. Elle est disponible en plusieurs coloris afin que vous puissiez choisir celle que vous ressemble le plus. Cette casquette est enti\u00e8rement en coton et est ajustable \u00e0 l\u2019arri\u00e8re \u00e0 l\u2019aide d\u2019un syst\u00e8me de fermeture. Vous pouvez y ins\u00e9rer votre logo \u00e0 l\u2019aide de diff\u00e9rentes techniques d\u2019impression comme le transfert, la broderie ou la s\u00e9rigraphie. Toutes les techniques assurent un rendu qualitatif et avec une tenue de longue dur\u00e9e. Profitez-en pour offrir ces casquettes \u00e0 votre entourage. Ils pourront repr\u00e9senter votre marque \u00e0 chaque fois qu\u2019ils la porteront, et cela, partout o\u00f9 ils seront. Vous pouvez aussi sponsoriser le club de tennis du coin. En effet, quand le soleil est pr\u00e9sent, les joueurs ont vraiment besoin de se prot\u00e9ger du soleil pour pouvoir jouer le plus facilement possible.<\/p>\n","protected":false},"excerpt":{"rendered":"<p>Lorsque le soleil pointe le bout de son nez, nous aimons tous porter une petite casquette pour tout nous prot\u00e9ger du soleil, mais pour aussi avoir un petit style original. Cette casquette pourrait faire l\u2019affaire. Elle est disponible en plusieurs coloris afin que vous puissiez choisir celle que vous ressemble le plus. Cette casquette est enti\u00e8rement en coton et est ajustable \u00e0 l\u2019arri\u00e8re \u00e0 l\u2019aide d\u2019un syst\u00e8me de fermeture. Vous pouvez y ins\u00e9rer votre logo \u00e0 l\u2019aide de diff\u00e9rentes techniques d\u2019impression comme le transfert, la broderie ou la s\u00e9rigraphie. Toutes les techniques assurent un rendu qualitatif et avec une tenue de longue dur\u00e9e. Profitez-en pour offrir ces casquettes \u00e0 votre entourage. Ils pourront repr\u00e9senter votre marque \u00e0 chaque fois qu\u2019ils la porteront, et cela, partout o\u00f9 ils seront. Vous pouvez aussi sponsoriser le club de tennis du coin. En effet, quand le soleil est pr\u00e9sent, les joueurs ont vraiment besoin de se prot\u00e9ger du soleil pour pouvoir jouer le plus facilement possible. [&#8230;]<\/p>\n<p><a class=\"btn btn-secondary understrap-read-more-link\" href=\"https:\/\/promz.be\/fr\/product\/casquette-basic-5-panneaux-personnalisee\/\">Lire la suite&#8230;<\/a><\/p>\n","protected":false},"featured_media":24708,"comment_status":"closed","ping_status":"open","template":"","meta":[],"product_cat":[993,976,955],"product_tag":[],"_links":{"self":[{"href":"https:\/\/promz.be\/fr\/wp-json\/wp\/v2\/product\/24777"}],"collection":[{"href":"https:\/\/promz.be\/fr\/wp-json\/wp\/v2\/product"}],"about":[{"href":"https:\/\/promz.be\/fr\/wp-json\/wp\/v2\/types\/product"}],"replies":[{"embeddable":true,"href":"https:\/\/promz.be\/fr\/wp-json\/wp\/v2\/comments?post=24777"}],"wp:featuredmedia":[{"embeddable":true,"href":"https:\/\/promz.be\/fr\/wp-json\/wp\/v2\/media\/24708"}],"wp:attachment":[{"href":"https:\/\/promz.be\/fr\/wp-json\/wp\/v2\/media?parent=24777"}],"wp:term":[{"taxonomy":"product_cat","embeddable":true,"href":"https:\/\/promz.be\/fr\/wp-json\/wp\/v2\/product_cat?post=24777"},{"taxonomy":"product_tag","embeddable":true,"href":"https:\/\/promz.be\/fr\/wp-json\/wp\/v2\/product_tag?post=24777"}],"curies":[{"name":"wp","href":"https:\/\/api.w.org\/{rel}","templated":true}]}}