{"id":24780,"date":"2018-11-06T00:00:00","date_gmt":"2019-08-11T06:45:12","guid":{"rendered":"https:\/\/promz.be\/product\/porte-carte-de-credit-rfid-personnalise\/"},"modified":"2020-10-22T12:14:32","modified_gmt":"2020-10-22T10:14:32","slug":"porte-carte-de-credit-rfid-personnalise","status":"publish","type":"product","link":"https:\/\/promz.be\/fr\/product\/porte-carte-de-credit-rfid-personnalise\/","title":{"rendered":"Porte carte de cr\u00e9dit RFID personnalis\u00e9"},"content":{"rendered":"<p>Le porte-carte de cr\u00e9dit anti RFID est actuellement un produit tr\u00e8s en vogue. En effet, les vols de donn\u00e9es bancaires sont fr\u00e9quents dans les zones fr\u00e9quent\u00e9es. Il suffit juste que quelqu\u2019un dot\u00e9 d\u2019un gadget \u00e9lectronique sp\u00e9cial passe \u00e0 c\u00f4t\u00e9 de vous et vous d\u00e9robe vos donn\u00e9es bancaires sans rien faire. Le porte-carte anti RFID permet de ne pas avoir ce genre de probl\u00e8mes. En effet, ce porte-carte prot\u00e8ge vos donn\u00e9es gr\u00e2ce \u00e0 un syst\u00e8me int\u00e9gr\u00e9 dans le cuir. Il poss\u00e8de trois compartiments pour cartes et un petit compartiment pour ranger par exemple les tickets de caisse ou les billets. Ce porte-carte est personnalisable, ainsi, vous pouvez offrir de la s\u00e9curit\u00e9 \u00e0 vos collaborateurs et clients en leur offrant un produit tr\u00e8s utile personnalis\u00e9 avec votre logo. Ils vous en seront tr\u00e8s reconnaissants et vous, de votre c\u00f4t\u00e9, pourrez augmenter votre image de marque gr\u00e2ce \u00e0 ce produit personnalis\u00e9. Si nous pouvons vous donner un conseil, c\u2019est vraiment un produit que nous recommandons.<\/p>\n","protected":false},"excerpt":{"rendered":"<p>Le porte-carte de cr\u00e9dit anti RFID est actuellement un produit tr\u00e8s en vogue. En effet, les vols de donn\u00e9es bancaires sont fr\u00e9quents dans les zones fr\u00e9quent\u00e9es. Il suffit juste que quelqu\u2019un dot\u00e9 d\u2019un gadget \u00e9lectronique sp\u00e9cial passe \u00e0 c\u00f4t\u00e9 de vous et vous d\u00e9robe vos donn\u00e9es bancaires sans rien faire. Le porte-carte anti RFID permet de ne pas avoir ce genre de probl\u00e8mes. En effet, ce porte-carte prot\u00e8ge vos donn\u00e9es gr\u00e2ce \u00e0 un syst\u00e8me int\u00e9gr\u00e9 dans le cuir. Il poss\u00e8de trois compartiments pour cartes et un petit compartiment pour ranger par exemple les tickets de caisse ou les billets. Ce porte-carte est personnalisable, ainsi, vous pouvez offrir de la s\u00e9curit\u00e9 \u00e0 vos collaborateurs et clients en leur offrant un produit tr\u00e8s utile personnalis\u00e9 avec votre logo. Ils vous en seront tr\u00e8s reconnaissants et vous, de votre c\u00f4t\u00e9, pourrez augmenter votre image de marque gr\u00e2ce \u00e0 ce produit personnalis\u00e9. Si nous pouvons vous donner un conseil, c\u2019est vraiment un produit que nous recommandons. [&#8230;]<\/p>\n<p><a class=\"btn btn-secondary understrap-read-more-link\" href=\"https:\/\/promz.be\/fr\/product\/porte-carte-de-credit-rfid-personnalise\/\">Lire la suite&#8230;<\/a><\/p>\n","protected":false},"featured_media":24717,"comment_status":"closed","ping_status":"open","template":"","meta":[],"product_cat":[998,957,1013,955],"product_tag":[],"_links":{"self":[{"href":"https:\/\/promz.be\/fr\/wp-json\/wp\/v2\/product\/24780"}],"collection":[{"href":"https:\/\/promz.be\/fr\/wp-json\/wp\/v2\/product"}],"about":[{"href":"https:\/\/promz.be\/fr\/wp-json\/wp\/v2\/types\/product"}],"replies":[{"embeddable":true,"href":"https:\/\/promz.be\/fr\/wp-json\/wp\/v2\/comments?post=24780"}],"wp:featuredmedia":[{"embeddable":true,"href":"https:\/\/promz.be\/fr\/wp-json\/wp\/v2\/media\/24717"}],"wp:attachment":[{"href":"https:\/\/promz.be\/fr\/wp-json\/wp\/v2\/media?parent=24780"}],"wp:term":[{"taxonomy":"product_cat","embeddable":true,"href":"https:\/\/promz.be\/fr\/wp-json\/wp\/v2\/product_cat?post=24780"},{"taxonomy":"product_tag","embeddable":true,"href":"https:\/\/promz.be\/fr\/wp-json\/wp\/v2\/product_tag?post=24780"}],"curies":[{"name":"wp","href":"https:\/\/api.w.org\/{rel}","templated":true}]}}