{"id":24781,"date":"2018-11-14T00:00:00","date_gmt":"2019-08-11T06:45:12","guid":{"rendered":"https:\/\/promz.be\/product\/sac-shopping-cork-personnalise\/"},"modified":"2020-10-22T12:14:31","modified_gmt":"2020-10-22T10:14:31","slug":"sac-shopping-cork-personnalise","status":"publish","type":"product","link":"https:\/\/promz.be\/fr\/product\/sac-shopping-cork-personnalise\/","title":{"rendered":"Sac shopping Cork personnalis\u00e9"},"content":{"rendered":"<p>Le sac de shopping Cork est un de nos produits pr\u00e9f\u00e9r\u00e9s. Il est fabriqu\u00e9 \u00e0 l\u2019aide de coton et de li\u00e8ge, ce qui en fait un sac \u00e9cologique et durable. Les hanses sont assez longues pour que le sac puisse \u00eatre port\u00e9 aux \u00e9paules. Une seule couleur est disponible pour ce sac, qui est le beige, pour son c\u00f4t\u00e9 naturel. Ce sac est personnalisable sur toute la surface avant pour en faire un outil de communication tendance et durable. Plusieurs techniques sont utilis\u00e9es et sont toutes qualitatives afin que votre logo puisse tenir dans le temps. Nous aimons beaucoup le c\u00f4t\u00e9 pratique et \u00e9cologique de ce sac. Vous pouvez l\u2019utiliser pour aller faire vos courses, transporter des objets ou tout ce que vous souhaitez. Le coton \u00e9tant une mati\u00e8re solide, le sac r\u00e9sistera \u00e0 des charges assez \u00e9lev\u00e9es. Ce sac peut \u00eatre utilis\u00e9 en guise de cadeau \u00e0 vos clients ou collaborateurs pour les remercier de leur fid\u00e9lit\u00e9. Ce sera un geste appr\u00e9ci\u00e9 et en plus de \u00e7a, c\u2019est un geste positif pour l\u2019environnement.<\/p>\n","protected":false},"excerpt":{"rendered":"<p>Le sac de shopping Cork est un de nos produits pr\u00e9f\u00e9r\u00e9s. Il est fabriqu\u00e9 \u00e0 l\u2019aide de coton et de li\u00e8ge, ce qui en fait un sac \u00e9cologique et durable. Les hanses sont assez longues pour que le sac puisse \u00eatre port\u00e9 aux \u00e9paules. Une seule couleur est disponible pour ce sac, qui est le beige, pour son c\u00f4t\u00e9 naturel. Ce sac est personnalisable sur toute la surface avant pour en faire un outil de communication tendance et durable. Plusieurs techniques sont utilis\u00e9es et sont toutes qualitatives afin que votre logo puisse tenir dans le temps. Nous aimons beaucoup le c\u00f4t\u00e9 pratique et \u00e9cologique de ce sac. Vous pouvez l\u2019utiliser pour aller faire vos courses, transporter des objets ou tout ce que vous souhaitez. Le coton \u00e9tant une mati\u00e8re solide, le sac r\u00e9sistera \u00e0 des charges assez \u00e9lev\u00e9es. Ce sac peut \u00eatre utilis\u00e9 en guise de cadeau \u00e0 vos clients ou collaborateurs pour les remercier de leur fid\u00e9lit\u00e9. Ce sera un geste appr\u00e9ci\u00e9 et en plus de \u00e7a, c\u2019est un geste positif pour l\u2019environnement. [&#8230;]<\/p>\n<p><a class=\"btn btn-secondary understrap-read-more-link\" href=\"https:\/\/promz.be\/fr\/product\/sac-shopping-cork-personnalise\/\">Lire la suite&#8230;<\/a><\/p>\n","protected":false},"featured_media":24720,"comment_status":"closed","ping_status":"open","template":"","meta":[],"product_cat":[980,957,978,954],"product_tag":[],"_links":{"self":[{"href":"https:\/\/promz.be\/fr\/wp-json\/wp\/v2\/product\/24781"}],"collection":[{"href":"https:\/\/promz.be\/fr\/wp-json\/wp\/v2\/product"}],"about":[{"href":"https:\/\/promz.be\/fr\/wp-json\/wp\/v2\/types\/product"}],"replies":[{"embeddable":true,"href":"https:\/\/promz.be\/fr\/wp-json\/wp\/v2\/comments?post=24781"}],"wp:featuredmedia":[{"embeddable":true,"href":"https:\/\/promz.be\/fr\/wp-json\/wp\/v2\/media\/24720"}],"wp:attachment":[{"href":"https:\/\/promz.be\/fr\/wp-json\/wp\/v2\/media?parent=24781"}],"wp:term":[{"taxonomy":"product_cat","embeddable":true,"href":"https:\/\/promz.be\/fr\/wp-json\/wp\/v2\/product_cat?post=24781"},{"taxonomy":"product_tag","embeddable":true,"href":"https:\/\/promz.be\/fr\/wp-json\/wp\/v2\/product_tag?post=24781"}],"curies":[{"name":"wp","href":"https:\/\/api.w.org\/{rel}","templated":true}]}}