{"id":24784,"date":"2018-07-31T00:00:00","date_gmt":"2019-08-11T06:45:12","guid":{"rendered":"https:\/\/promz.be\/product\/service-a-vin-miller-personnalise\/"},"modified":"2020-10-22T12:14:40","modified_gmt":"2020-10-22T10:14:40","slug":"service-a-vin-miller-personnalise","status":"publish","type":"product","link":"https:\/\/promz.be\/fr\/product\/service-a-vin-miller-personnalise\/","title":{"rendered":"Service \u00e0 vin Miller personnalis\u00e9"},"content":{"rendered":"<p>Parfois, nous avons envie d\u2019offrir des cadeaux de fin d\u2019ann\u00e9e, des cadeaux d\u2019entreprises ou de remerciement qui sortent du lot. Ce service \u00e0 vin est un cadeau qui sort du lot. En effet, il permet de transporter facilement une bouteille de vin ainsi que des verres. En plus, ce service est en bambou, et le bambou est une mati\u00e8re \u00e9cologique et durable. Vous pourrez donc \u00eatre fier de servir du vin \u00e0 vos invit\u00e9s \u00e0 l\u2019aide d\u2019un objet \u00e9cologique et tr\u00e8s design. \u00c9tant donn\u00e9 que beaucoup de personnes aiment recevoir des invit\u00e9s, ce service ferait un cadeau parfait. D\u2019autant plus si vous le personnalisez avec votre logo ou le nom de votre marque, de mani\u00e8re tr\u00e8s \u00e9pur\u00e9e, ce sera vraiment un cadeau tr\u00e8s appr\u00e9ci\u00e9. L\u2019avantage de ce service est qu\u2019il s\u2019adapte \u00e0 plusieurs types de bouteilles et de verres. Ainsi, il peut \u00eatre utilis\u00e9 pour autre choque que pour du vin.<\/p>\n","protected":false},"excerpt":{"rendered":"<p>Parfois, nous avons envie d\u2019offrir des cadeaux de fin d\u2019ann\u00e9e, des cadeaux d\u2019entreprises ou de remerciement qui sortent du lot. Ce service \u00e0 vin est un cadeau qui sort du lot. En effet, il permet de transporter facilement une bouteille de vin ainsi que des verres. En plus, ce service est en bambou, et le bambou est une mati\u00e8re \u00e9cologique et durable. Vous pourrez donc \u00eatre fier de servir du vin \u00e0 vos invit\u00e9s \u00e0 l\u2019aide d\u2019un objet \u00e9cologique et tr\u00e8s design. \u00c9tant donn\u00e9 que beaucoup de personnes aiment recevoir des invit\u00e9s, ce service ferait un cadeau parfait. D\u2019autant plus si vous le personnalisez avec votre logo ou le nom de votre marque, de mani\u00e8re tr\u00e8s \u00e9pur\u00e9e, ce sera vraiment un cadeau tr\u00e8s appr\u00e9ci\u00e9. L\u2019avantage de ce service est qu\u2019il s\u2019adapte \u00e0 plusieurs types de bouteilles et de verres. Ainsi, il peut \u00eatre utilis\u00e9 pour autre choque que pour du vin. [&#8230;]<\/p>\n<p><a class=\"btn btn-secondary understrap-read-more-link\" href=\"https:\/\/promz.be\/fr\/product\/service-a-vin-miller-personnalise\/\">Lire la suite&#8230;<\/a><\/p>\n","protected":false},"featured_media":24729,"comment_status":"closed","ping_status":"open","template":"","meta":[],"product_cat":[979,952,947,984,982],"product_tag":[],"_links":{"self":[{"href":"https:\/\/promz.be\/fr\/wp-json\/wp\/v2\/product\/24784"}],"collection":[{"href":"https:\/\/promz.be\/fr\/wp-json\/wp\/v2\/product"}],"about":[{"href":"https:\/\/promz.be\/fr\/wp-json\/wp\/v2\/types\/product"}],"replies":[{"embeddable":true,"href":"https:\/\/promz.be\/fr\/wp-json\/wp\/v2\/comments?post=24784"}],"wp:featuredmedia":[{"embeddable":true,"href":"https:\/\/promz.be\/fr\/wp-json\/wp\/v2\/media\/24729"}],"wp:attachment":[{"href":"https:\/\/promz.be\/fr\/wp-json\/wp\/v2\/media?parent=24784"}],"wp:term":[{"taxonomy":"product_cat","embeddable":true,"href":"https:\/\/promz.be\/fr\/wp-json\/wp\/v2\/product_cat?post=24784"},{"taxonomy":"product_tag","embeddable":true,"href":"https:\/\/promz.be\/fr\/wp-json\/wp\/v2\/product_tag?post=24784"}],"curies":[{"name":"wp","href":"https:\/\/api.w.org\/{rel}","templated":true}]}}