{"id":24786,"date":"2018-08-15T00:00:00","date_gmt":"2019-08-11T06:45:12","guid":{"rendered":"https:\/\/promz.be\/product\/protege-selle-personnalise\/"},"modified":"2020-10-22T12:14:38","modified_gmt":"2020-10-22T10:14:38","slug":"protege-selle-personnalise","status":"publish","type":"product","link":"https:\/\/promz.be\/fr\/product\/protege-selle-personnalise\/","title":{"rendered":"Prot\u00e8ge selle personnalis\u00e9"},"content":{"rendered":"<p>Pour toutes les personnes qui font du v\u00e9lo, vous connaissez le moment o\u00f9, apr\u00e8s une journ\u00e9e de travail, vous vous appr\u00eatez \u00e0 renter, mais votre selle est toute mouill\u00e9e. C\u2019est un moment assez d\u00e9sagr\u00e9able, car nous n\u2019avons pas forc\u00e9ment envie de mouiller notre pantalon pendant toute la dur\u00e9e du trajet. Nous avons donc pens\u00e9 \u00e0 tout \u00e7a et nous avons finalement trouv\u00e9 le produit parfait. Cette housse permet de prot\u00e9ger la selle de votre v\u00e9lo pour que vous soyez toujours assis au sec. C\u2019est une housse disponible en plusieurs coloris, des couleurs les plus classiques aux couleurs les plus flashy. Vous pouvez \u00e9galement y ins\u00e9rer votre logo dessus pour en faire un outil de communication original et plut\u00f4t amusant. La technique d\u2019impression utilis\u00e9e garantie une longue tenue de votre logo. Ainsi, il ne s\u2019effacera pas apr\u00e8s la premi\u00e8re pluie qui est pass\u00e9e. L\u2019\u00e9lastique int\u00e9gr\u00e9 \u00e0 l\u2019int\u00e9rieur de cette housse permet une adaptation \u00e0 diff\u00e9rents types de selles.<\/p>\n","protected":false},"excerpt":{"rendered":"<p>Pour toutes les personnes qui font du v\u00e9lo, vous connaissez le moment o\u00f9, apr\u00e8s une journ\u00e9e de travail, vous vous appr\u00eatez \u00e0 renter, mais votre selle est toute mouill\u00e9e. C\u2019est un moment assez d\u00e9sagr\u00e9able, car nous n\u2019avons pas forc\u00e9ment envie de mouiller notre pantalon pendant toute la dur\u00e9e du trajet. Nous avons donc pens\u00e9 \u00e0 tout \u00e7a et nous avons finalement trouv\u00e9 le produit parfait. Cette housse permet de prot\u00e9ger la selle de votre v\u00e9lo pour que vous soyez toujours assis au sec. C\u2019est une housse disponible en plusieurs coloris, des couleurs les plus classiques aux couleurs les plus flashy. Vous pouvez \u00e9galement y ins\u00e9rer votre logo dessus pour en faire un outil de communication original et plut\u00f4t amusant. La technique d\u2019impression utilis\u00e9e garantie une longue tenue de votre logo. Ainsi, il ne s\u2019effacera pas apr\u00e8s la premi\u00e8re pluie qui est pass\u00e9e. L\u2019\u00e9lastique int\u00e9gr\u00e9 \u00e0 l\u2019int\u00e9rieur de cette housse permet une adaptation \u00e0 diff\u00e9rents types de selles. [&#8230;]<\/p>\n<p><a class=\"btn btn-secondary understrap-read-more-link\" href=\"https:\/\/promz.be\/fr\/product\/protege-selle-personnalise\/\">Lire la suite&#8230;<\/a><\/p>\n","protected":false},"featured_media":24735,"comment_status":"closed","ping_status":"open","template":"","meta":[],"product_cat":[952,983],"product_tag":[],"_links":{"self":[{"href":"https:\/\/promz.be\/fr\/wp-json\/wp\/v2\/product\/24786"}],"collection":[{"href":"https:\/\/promz.be\/fr\/wp-json\/wp\/v2\/product"}],"about":[{"href":"https:\/\/promz.be\/fr\/wp-json\/wp\/v2\/types\/product"}],"replies":[{"embeddable":true,"href":"https:\/\/promz.be\/fr\/wp-json\/wp\/v2\/comments?post=24786"}],"wp:featuredmedia":[{"embeddable":true,"href":"https:\/\/promz.be\/fr\/wp-json\/wp\/v2\/media\/24735"}],"wp:attachment":[{"href":"https:\/\/promz.be\/fr\/wp-json\/wp\/v2\/media?parent=24786"}],"wp:term":[{"taxonomy":"product_cat","embeddable":true,"href":"https:\/\/promz.be\/fr\/wp-json\/wp\/v2\/product_cat?post=24786"},{"taxonomy":"product_tag","embeddable":true,"href":"https:\/\/promz.be\/fr\/wp-json\/wp\/v2\/product_tag?post=24786"}],"curies":[{"name":"wp","href":"https:\/\/api.w.org\/{rel}","templated":true}]}}