{"id":26274,"date":"2019-11-15T16:24:53","date_gmt":"2019-11-15T15:24:53","guid":{"rendered":"https:\/\/promz.be\/product\/cottover-t-shirt-100-eologisch-fairtrade-katoen\/"},"modified":"2019-11-26T12:10:50","modified_gmt":"2019-11-26T11:10:50","slug":"cottover-t-shirt-100-coton-fairtrade-ecologique","status":"publish","type":"product","link":"https:\/\/promz.be\/fr\/product\/cottover-t-shirt-100-coton-fairtrade-ecologique\/","title":{"rendered":"Cottover T-shirt 100% coton Fairtrade \u00e9cologique"},"content":{"rendered":"<p>T-shirt col rond. L\u00e9g\u00e8rement plus fin avec une coupe plus moderne et un col c\u00f4tel\u00e9. Con\u00e7u avec du coton fin d\u2019excellente qualit\u00e9.<br \/>\n100% coton Fairtrade \u00e9cologique<br \/>\n160 g\/m\u00b2<\/p>\n","protected":false},"excerpt":{"rendered":"<p>T-shirt col rond. L\u00e9g\u00e8rement plus fin avec une coupe plus moderne et un col c\u00f4tel\u00e9. Con\u00e7u avec du coton fin d\u2019excellente qualit\u00e9.<br \/>\n100% coton Fairtrade \u00e9cologique<br \/>\n160 g\/m\u00b2 [&#8230;]<\/p>\n<p><a class=\"btn btn-secondary understrap-read-more-link\" href=\"https:\/\/promz.be\/fr\/product\/cottover-t-shirt-100-coton-fairtrade-ecologique\/\">Lire la suite&#8230;<\/a><\/p>\n","protected":false},"featured_media":26272,"comment_status":"open","ping_status":"closed","template":"","meta":[],"product_cat":[980,957,1001,1012,955],"product_tag":[],"_links":{"self":[{"href":"https:\/\/promz.be\/fr\/wp-json\/wp\/v2\/product\/26274"}],"collection":[{"href":"https:\/\/promz.be\/fr\/wp-json\/wp\/v2\/product"}],"about":[{"href":"https:\/\/promz.be\/fr\/wp-json\/wp\/v2\/types\/product"}],"replies":[{"embeddable":true,"href":"https:\/\/promz.be\/fr\/wp-json\/wp\/v2\/comments?post=26274"}],"wp:featuredmedia":[{"embeddable":true,"href":"https:\/\/promz.be\/fr\/wp-json\/wp\/v2\/media\/26272"}],"wp:attachment":[{"href":"https:\/\/promz.be\/fr\/wp-json\/wp\/v2\/media?parent=26274"}],"wp:term":[{"taxonomy":"product_cat","embeddable":true,"href":"https:\/\/promz.be\/fr\/wp-json\/wp\/v2\/product_cat?post=26274"},{"taxonomy":"product_tag","embeddable":true,"href":"https:\/\/promz.be\/fr\/wp-json\/wp\/v2\/product_tag?post=26274"}],"curies":[{"name":"wp","href":"https:\/\/api.w.org\/{rel}","templated":true}]}}