{"id":26278,"date":"2019-11-15T16:32:07","date_gmt":"2019-11-15T15:32:07","guid":{"rendered":"https:\/\/promz.be\/product\/un-pas-concret-vers-un-monde-meilleur-sans-petrole\/"},"modified":"2019-11-27T09:02:17","modified_gmt":"2019-11-27T08:02:17","slug":"un-pas-concret-vers-un-monde-meilleur-sans-petrole","status":"publish","type":"product","link":"https:\/\/promz.be\/fr\/product\/un-pas-concret-vers-un-monde-meilleur-sans-petrole\/","title":{"rendered":"Un pas concret vers un monde meilleur sans p\u00e9trole"},"content":{"rendered":"<p>La gourde la plus \u00e9cologique du march\u00e9, 0% p\u00e9trole. Fabriqu\u00e9 \u00e0 partir de canne \u00e0 sucre. 1 arbre plant\u00e9 pour chaque bouteille vendue par Trees for the Future.<br \/>\nImprimez votre logo sur la bouteille BE O et cr\u00e9ez un cadeau durable pour vos clients et vos relations.<\/p>\n<p><strong>BE O la bouteille d&#8217;eau avec une mission !<\/strong><\/p>\n<p>BE O r\u00e9volutionne l&#8217;industrie du plastique en d\u00e9veloppant des bidons \u00e0 partir de mat\u00e9riaux renouvelables tels que la canne \u00e0 sucre, l&#8217;herbe \u00e0 \u00e9l\u00e9phant, le manioc et les algues.<\/p>\n<p>C&#8217;est le d\u00e9but d&#8217;une nouvelle norme, le Bioplastique !<\/p>\n<p>La mati\u00e8re premi\u00e8re de la bouteille BE O est la canne \u00e0 sucre et est r\u00e9colt\u00e9e chaque ann\u00e9e. La plante peut \u00eatre r\u00e9colt\u00e9e pendant environ cinq ans avant qu&#8217;une nouvelle plante ne pousse. L&#8217;huile fossile a besoin de millions d&#8217;ann\u00e9es pour \u00e9merger \u00e0 nouveau.<\/p>\n<p>Ce qui compte aussi, c&#8217;est que la canne \u00e0 sucre absorbe le CO2 de l&#8217;air pendant la croissance. Alors que le p\u00e9trole n&#8217;\u00e9met que du CO2 lors de sa combustion. La canne \u00e0 sucre capte trois fois plus de CO2 qu&#8217;elle n&#8217;en \u00e9met.<\/p>\n<p>Les bouteilles BE O sont fabriqu\u00e9es \u00e0 partir de r\u00e9sidus de canne \u00e0 sucre Br\u00e9silienne.\u00a0 La canne \u00e0 sucre est d&#8217;abord utilis\u00e9e pour le sucre et le bio\u00e9thanol.<\/p>\n<p>Les bouteilles sont fabriqu\u00e9es \u00e0 partir du reste. Les bouteilles d&#8217;eau sont color\u00e9es avec des pigments naturels.<\/p>\n<p>Rendre le monde sucr\u00e9 et sans huile !<\/p>\n<p>Avec les bouteilles d\u2019eau imprim\u00e9es BE O, votre entreprise acc\u00e9l\u00e8re la transition vers le nouveau bon plastique.<\/p>\n<p><strong>Pour chaque bouteille BE O vendue, un arbre est plant\u00e9 par Trees for the Future. R\u00e9duisez encore plus votre impact sur le changement climatique!<\/strong><\/p>\n<p>Avantages d&#8217;une bouteille BE O :<\/p>\n<ul>\n<li>Rechargeable, contenu de 500 ml<\/li>\n<li><a href=\"https:\/\/youtu.be\/0t7yMT50Aio\" target=\"_blank\" rel=\"noopener noreferrer\">Trois parties s\u00e9par\u00e9es, facile \u00e0 nettoyer<\/a><\/li>\n<li>Va au lave-vaisselle jusqu&#8217;\u00e0 65\u00b0 C<\/li>\n<li>Convient pour les eaux et les boissons froides, les boissons\u00a0gazeuses, les limonades et les boissons alcoolis\u00e9es \u00e0 moins de 13%<\/li>\n<li>Sans BPA ni autres produits chimiques et sans danger pour les\u00a0aliments<\/li>\n<li>Aucune odeur ni go\u00fbt de plastique<\/li>\n<li>100% recyclable<\/li>\n<li>Modulaire et prend donc moins de place \u00e0 vide<\/li>\n<\/ul>\n<p>Disponible en 2 couleurs : noir et blanc<\/p>\n<p>La bouteille BE O est la bouteille d\u2019eau potable id\u00e9ale pour l\u2019eau du robinet. Elle est con\u00e7ue pour r\u00e9duire la quantit\u00e9 de bouteilles jetables.<\/p>\n<p>Les bouteilles d&#8217;eau peuvent \u00eatre imprim\u00e9es jusqu&#8217;\u00e0 5 couleurs PMS. Le bouchon et la partie inf\u00e9rieure de la bouteille peuvent \u00eatre imprim\u00e9s avec votre logo.<\/p>\n<p>Contactez-nous pour plus d&#8217;informations et pour un devis.<\/p>\n","protected":false},"excerpt":{"rendered":"<p>La gourde la plus \u00e9cologique du march\u00e9, 0% p\u00e9trole. Fabriqu\u00e9 \u00e0 partir de canne \u00e0 sucre. 1 arbre plant\u00e9 pour chaque bouteille vendue par Trees for the Future.<br \/>\nImprimez votre logo sur la bouteille BE O et cr\u00e9ez un cadeau durable pour vos clients et vos relations.<\/p>\n<p><strong>BE O la bouteille d&#8217;eau avec une mission !<\/strong><\/p>\n<p>BE O r\u00e9volutionne l&#8217;industrie du plastique en d\u00e9veloppant des bidons \u00e0 partir de mat\u00e9riaux renouvelables tels que la canne \u00e0 sucre, l&#8217;herbe \u00e0 \u00e9l\u00e9phant, le manioc et les algues.<\/p>\n<p>C&#8217;est le d\u00e9but d&#8217;une nouvelle norme, le Bioplastique !<\/p>\n<p>La mati\u00e8re premi\u00e8re de la bouteille BE O est la canne \u00e0 sucre et est r\u00e9colt\u00e9e chaque ann\u00e9e. La plante peut \u00eatre r\u00e9colt\u00e9e pendant environ cinq ans avant qu&#8217;une nouvelle plante ne pousse. L&#8217;huile fossile a besoin de millions d&#8217;ann\u00e9es pour \u00e9merger \u00e0 nouveau.<\/p>\n<p>Ce qui compte aussi, c&#8217;est que la canne \u00e0 sucre absorbe le CO2 de l&#8217;air pendant la croissance. Alors que le p\u00e9trole n&#8217;\u00e9met que du CO2 lors de sa combustion. La canne \u00e0 sucre capte trois fois plus de CO2 qu&#8217;elle n&#8217;en \u00e9met.<\/p>\n<p>Les bouteilles BE O sont fabriqu\u00e9es \u00e0 partir de r\u00e9sidus de canne \u00e0 sucre Br\u00e9silienne.\u00a0 La canne \u00e0 sucre est d&#8217;abord utilis\u00e9e pour le sucre et le bio\u00e9thanol.<\/p>\n<p>Les bouteilles sont fabriqu\u00e9es \u00e0 partir du reste. Les bouteilles d&#8217;eau sont color\u00e9es avec des pigments naturels.<\/p>\n<p>Rendre le monde sucr\u00e9 et sans huile !<\/p>\n<p>Avec les bouteilles d\u2019eau imprim\u00e9es BE O, votre entreprise acc\u00e9l\u00e8re la transition vers le nouveau bon plastique.<\/p>\n<p><strong>Pour chaque bouteille BE O vendue, un arbre est plant\u00e9 par Trees for the Future. R\u00e9duisez encore plus votre impact sur le changement climatique!<\/strong><\/p>\n<p>Avantages d&#8217;une bouteille BE O :<\/p>\n<ul>\n<li>Rechargeable, contenu de 500 ml<\/li>\n<li><a href=\"https:\/\/youtu.be\/0t7yMT50Aio\" target=\"_blank\" rel=\"noopener noreferrer\">Trois parties s\u00e9par\u00e9es, facile \u00e0 nettoyer<\/a><\/li>\n<li>Va au lave-vaisselle jusqu&#8217;\u00e0 65\u00b0 C<\/li>\n<li>Convient pour les eaux et les boissons froides, les boissons\u00a0gazeuses, les limonades et les boissons alcoolis\u00e9es \u00e0 moins de 13%<\/li>\n<li>Sans BPA ni autres produits chimiques et sans danger pour les\u00a0aliments<\/li>\n<li>Aucune odeur ni go\u00fbt de plastique<\/li>\n<li>100% recyclable<\/li>\n<li>Modulaire et prend donc moins de place \u00e0 vide<\/li>\n<\/ul>\n<p>Disponible en 2 couleurs : noir et blanc<\/p>\n<p>La bouteille BE O est la bouteille d\u2019eau potable id\u00e9ale pour l\u2019eau du robinet. Elle est con\u00e7ue pour r\u00e9duire la quantit\u00e9 de bouteilles jetables.<\/p>\n<p>Les bouteilles d&#8217;eau peuvent \u00eatre imprim\u00e9es jusqu&#8217;\u00e0 5 couleurs PMS. Le bouchon et la partie inf\u00e9rieure de la bouteille peuvent \u00eatre imprim\u00e9s avec votre logo.<\/p>\n<p>Contactez-nous pour plus d&#8217;informations et pour un devis. [&#8230;]<\/p>\n<p><a class=\"btn btn-secondary understrap-read-more-link\" href=\"https:\/\/promz.be\/fr\/product\/un-pas-concret-vers-un-monde-meilleur-sans-petrole\/\">Lire la suite&#8230;<\/a><\/p>\n","protected":false},"featured_media":26277,"comment_status":"open","ping_status":"closed","template":"","meta":[],"product_cat":[947,980,969,957,968,1001],"product_tag":[],"_links":{"self":[{"href":"https:\/\/promz.be\/fr\/wp-json\/wp\/v2\/product\/26278"}],"collection":[{"href":"https:\/\/promz.be\/fr\/wp-json\/wp\/v2\/product"}],"about":[{"href":"https:\/\/promz.be\/fr\/wp-json\/wp\/v2\/types\/product"}],"replies":[{"embeddable":true,"href":"https:\/\/promz.be\/fr\/wp-json\/wp\/v2\/comments?post=26278"}],"wp:featuredmedia":[{"embeddable":true,"href":"https:\/\/promz.be\/fr\/wp-json\/wp\/v2\/media\/26277"}],"wp:attachment":[{"href":"https:\/\/promz.be\/fr\/wp-json\/wp\/v2\/media?parent=26278"}],"wp:term":[{"taxonomy":"product_cat","embeddable":true,"href":"https:\/\/promz.be\/fr\/wp-json\/wp\/v2\/product_cat?post=26278"},{"taxonomy":"product_tag","embeddable":true,"href":"https:\/\/promz.be\/fr\/wp-json\/wp\/v2\/product_tag?post=26278"}],"curies":[{"name":"wp","href":"https:\/\/api.w.org\/{rel}","templated":true}]}}