{"id":26284,"date":"2019-11-15T16:51:37","date_gmt":"2019-11-15T15:51:37","guid":{"rendered":"https:\/\/promz.be\/product\/no-waste\/"},"modified":"2019-11-15T16:51:37","modified_gmt":"2019-11-15T15:51:37","slug":"no-waste","status":"publish","type":"product","link":"https:\/\/promz.be\/fr\/product\/no-waste\/","title":{"rendered":"No waste"},"content":{"rendered":"<p>Cartamundi assure un jeu durable car tous nos types de carton sont approuv\u00e9s par FSC! De plus, nous offrons un cellophane 100% compostable. N&#8217;h\u00e9sitez pas \u00e0 nous demander conseil!<\/p>\n","protected":false},"excerpt":{"rendered":"<p>Cartamundi assure un jeu durable car tous nos types de carton sont approuv\u00e9s par FSC! De plus, nous offrons un cellophane 100% compostable. N&#8217;h\u00e9sitez pas \u00e0 nous demander conseil! [&#8230;]<\/p>\n<p><a class=\"btn btn-secondary understrap-read-more-link\" href=\"https:\/\/promz.be\/fr\/product\/no-waste\/\">Lire la suite&#8230;<\/a><\/p>\n","protected":false},"featured_media":26281,"comment_status":"open","ping_status":"closed","template":"","meta":[],"product_cat":[952,960,1023,980,948,957,1022,953,1001],"product_tag":[],"_links":{"self":[{"href":"https:\/\/promz.be\/fr\/wp-json\/wp\/v2\/product\/26284"}],"collection":[{"href":"https:\/\/promz.be\/fr\/wp-json\/wp\/v2\/product"}],"about":[{"href":"https:\/\/promz.be\/fr\/wp-json\/wp\/v2\/types\/product"}],"replies":[{"embeddable":true,"href":"https:\/\/promz.be\/fr\/wp-json\/wp\/v2\/comments?post=26284"}],"wp:featuredmedia":[{"embeddable":true,"href":"https:\/\/promz.be\/fr\/wp-json\/wp\/v2\/media\/26281"}],"wp:attachment":[{"href":"https:\/\/promz.be\/fr\/wp-json\/wp\/v2\/media?parent=26284"}],"wp:term":[{"taxonomy":"product_cat","embeddable":true,"href":"https:\/\/promz.be\/fr\/wp-json\/wp\/v2\/product_cat?post=26284"},{"taxonomy":"product_tag","embeddable":true,"href":"https:\/\/promz.be\/fr\/wp-json\/wp\/v2\/product_tag?post=26284"}],"curies":[{"name":"wp","href":"https:\/\/api.w.org\/{rel}","templated":true}]}}