{"id":26361,"date":"2019-11-22T11:26:25","date_gmt":"2019-11-22T10:26:25","guid":{"rendered":"https:\/\/promz.be\/product\/samsonite-eco-sac-dordinateur-avec-logo\/"},"modified":"2019-11-22T11:26:25","modified_gmt":"2019-11-22T10:26:25","slug":"samsonite-eco-sac-dordinateur-avec-logo","status":"publish","type":"product","link":"https:\/\/promz.be\/fr\/product\/samsonite-eco-sac-dordinateur-avec-logo\/","title":{"rendered":"Samsonite Eco sac d&#8217;ordinateur avec logo"},"content":{"rendered":"<p>Sac \u00e0 dos ordinateur portable\/ de voyage pratique qui peut \u00eatre port\u00e9 de trois fa\u00e7ons. Fabriqu\u00e9 \u00e0 partir de bouteilles PET 100 % recyl\u00e9es, parfait pour la personnalisation. Disponible en 4 coleurs.<\/p>\n","protected":false},"excerpt":{"rendered":"<p>Sac \u00e0 dos ordinateur portable\/ de voyage pratique qui peut \u00eatre port\u00e9 de trois fa\u00e7ons. Fabriqu\u00e9 \u00e0 partir de bouteilles PET 100 % recyl\u00e9es, parfait pour la personnalisation. Disponible en 4 coleurs. [&#8230;]<\/p>\n<p><a class=\"btn btn-secondary understrap-read-more-link\" href=\"https:\/\/promz.be\/fr\/product\/samsonite-eco-sac-dordinateur-avec-logo\/\">Lire la suite&#8230;<\/a><\/p>\n","protected":false},"featured_media":26360,"comment_status":"open","ping_status":"closed","template":"","meta":[],"product_cat":[952,980,957,1001,978,954,983],"product_tag":[],"_links":{"self":[{"href":"https:\/\/promz.be\/fr\/wp-json\/wp\/v2\/product\/26361"}],"collection":[{"href":"https:\/\/promz.be\/fr\/wp-json\/wp\/v2\/product"}],"about":[{"href":"https:\/\/promz.be\/fr\/wp-json\/wp\/v2\/types\/product"}],"replies":[{"embeddable":true,"href":"https:\/\/promz.be\/fr\/wp-json\/wp\/v2\/comments?post=26361"}],"wp:featuredmedia":[{"embeddable":true,"href":"https:\/\/promz.be\/fr\/wp-json\/wp\/v2\/media\/26360"}],"wp:attachment":[{"href":"https:\/\/promz.be\/fr\/wp-json\/wp\/v2\/media?parent=26361"}],"wp:term":[{"taxonomy":"product_cat","embeddable":true,"href":"https:\/\/promz.be\/fr\/wp-json\/wp\/v2\/product_cat?post=26361"},{"taxonomy":"product_tag","embeddable":true,"href":"https:\/\/promz.be\/fr\/wp-json\/wp\/v2\/product_tag?post=26361"}],"curies":[{"name":"wp","href":"https:\/\/api.w.org\/{rel}","templated":true}]}}