{"id":26372,"date":"2019-11-22T11:41:04","date_gmt":"2019-11-22T10:41:04","guid":{"rendered":"https:\/\/promz.be\/product\/batterie-de-secours-de-poche-5000-mah-en-fibre-de-paille\/"},"modified":"2019-11-22T11:41:04","modified_gmt":"2019-11-22T10:41:04","slug":"batterie-de-secours-de-poche-5000-mah-en-fibre-de-paille","status":"publish","type":"product","link":"https:\/\/promz.be\/fr\/product\/batterie-de-secours-de-poche-5000-mah-en-fibre-de-paille\/","title":{"rendered":"Batterie de secours de poche 5000 mAh en fibre de paille"},"content":{"rendered":"<p>Powerbank 5000 mAh en fibre de bl\u00e9 naturelle (35%) m\u00e9lang\u00e9 \u00e0 de l&#8217;ABS. Une fois charg\u00e9e elle permet 3 charges compl\u00e8tes de votre t\u00e9l\u00e9phone. L&#8217;indicateur de puissance vous indique l&#8217;\u00e9nergie restante et vous permet de savoir quand recharger. Entr\u00e9e : 5V\/2A. Sortie USB 1 : 5V\/2A. Sortie USB 2 : 5V\/1A.<\/p>\n","protected":false},"excerpt":{"rendered":"<p>Powerbank 5000 mAh en fibre de bl\u00e9 naturelle (35%) m\u00e9lang\u00e9 \u00e0 de l&#8217;ABS. Une fois charg\u00e9e elle permet 3 charges compl\u00e8tes de votre t\u00e9l\u00e9phone. L&#8217;indicateur de puissance vous indique l&#8217;\u00e9nergie restante et vous permet de savoir quand recharger. Entr\u00e9e : 5V\/2A. Sortie USB 1 : 5V\/2A. Sortie USB 2 : 5V\/1A. [&#8230;]<\/p>\n<p><a class=\"btn btn-secondary understrap-read-more-link\" href=\"https:\/\/promz.be\/fr\/product\/batterie-de-secours-de-poche-5000-mah-en-fibre-de-paille\/\">Lire la suite&#8230;<\/a><\/p>\n","protected":false},"featured_media":26365,"comment_status":"open","ping_status":"closed","template":"","meta":[],"product_cat":[1014,1026,980,1006,957,954,956],"product_tag":[],"_links":{"self":[{"href":"https:\/\/promz.be\/fr\/wp-json\/wp\/v2\/product\/26372"}],"collection":[{"href":"https:\/\/promz.be\/fr\/wp-json\/wp\/v2\/product"}],"about":[{"href":"https:\/\/promz.be\/fr\/wp-json\/wp\/v2\/types\/product"}],"replies":[{"embeddable":true,"href":"https:\/\/promz.be\/fr\/wp-json\/wp\/v2\/comments?post=26372"}],"wp:featuredmedia":[{"embeddable":true,"href":"https:\/\/promz.be\/fr\/wp-json\/wp\/v2\/media\/26365"}],"wp:attachment":[{"href":"https:\/\/promz.be\/fr\/wp-json\/wp\/v2\/media?parent=26372"}],"wp:term":[{"taxonomy":"product_cat","embeddable":true,"href":"https:\/\/promz.be\/fr\/wp-json\/wp\/v2\/product_cat?post=26372"},{"taxonomy":"product_tag","embeddable":true,"href":"https:\/\/promz.be\/fr\/wp-json\/wp\/v2\/product_tag?post=26372"}],"curies":[{"name":"wp","href":"https:\/\/api.w.org\/{rel}","templated":true}]}}