{"id":26430,"date":"2019-11-26T11:58:56","date_gmt":"2019-11-26T10:58:56","guid":{"rendered":"https:\/\/promz.be\/product\/fouta-recycle\/"},"modified":"2019-11-26T11:58:56","modified_gmt":"2019-11-26T10:58:56","slug":"fouta-recycle","status":"publish","type":"product","link":"https:\/\/promz.be\/fr\/product\/fouta-recycle\/","title":{"rendered":"Fouta recycl\u00e9"},"content":{"rendered":"<p><strong>Vraiment durable! <\/strong><\/p>\n<p>La fouta recycl\u00e9e Oxious permet d&#8217;\u00e9conomiser 5 000 litres d&#8217;eau par fouta. Fabriqu\u00e9e dans un projet pour femmes.<\/p>\n<p>\u00c9l\u00e9gant et bon pour les gens et l&#8217;environnement.<\/p>\n<p>Certifi\u00e9 GSES.<\/p>\n","protected":false},"excerpt":{"rendered":"<p><strong>Vraiment durable! <\/strong><\/p>\n<p>La fouta recycl\u00e9e Oxious permet d&#8217;\u00e9conomiser 5 000 litres d&#8217;eau par fouta. Fabriqu\u00e9e dans un projet pour femmes.<\/p>\n<p>\u00c9l\u00e9gant et bon pour les gens et l&#8217;environnement.<\/p>\n<p>Certifi\u00e9 GSES. [&#8230;]<\/p>\n<p><a class=\"btn btn-secondary understrap-read-more-link\" href=\"https:\/\/promz.be\/fr\/product\/fouta-recycle\/\">Lire la suite&#8230;<\/a><\/p>\n","protected":false},"featured_media":26429,"comment_status":"open","ping_status":"closed","template":"","meta":[],"product_cat":[980,957],"product_tag":[],"_links":{"self":[{"href":"https:\/\/promz.be\/fr\/wp-json\/wp\/v2\/product\/26430"}],"collection":[{"href":"https:\/\/promz.be\/fr\/wp-json\/wp\/v2\/product"}],"about":[{"href":"https:\/\/promz.be\/fr\/wp-json\/wp\/v2\/types\/product"}],"replies":[{"embeddable":true,"href":"https:\/\/promz.be\/fr\/wp-json\/wp\/v2\/comments?post=26430"}],"wp:featuredmedia":[{"embeddable":true,"href":"https:\/\/promz.be\/fr\/wp-json\/wp\/v2\/media\/26429"}],"wp:attachment":[{"href":"https:\/\/promz.be\/fr\/wp-json\/wp\/v2\/media?parent=26430"}],"wp:term":[{"taxonomy":"product_cat","embeddable":true,"href":"https:\/\/promz.be\/fr\/wp-json\/wp\/v2\/product_cat?post=26430"},{"taxonomy":"product_tag","embeddable":true,"href":"https:\/\/promz.be\/fr\/wp-json\/wp\/v2\/product_tag?post=26430"}],"curies":[{"name":"wp","href":"https:\/\/api.w.org\/{rel}","templated":true}]}}