{"id":26645,"date":"2019-12-10T16:04:42","date_gmt":"2019-12-10T15:04:42","guid":{"rendered":"https:\/\/promz.be\/product\/26645\/"},"modified":"2019-12-12T14:53:50","modified_gmt":"2019-12-12T13:53:50","slug":"enjoy-box-700g","status":"publish","type":"product","link":"https:\/\/promz.be\/fr\/product\/enjoy-box-700g\/","title":{"rendered":"ENJOY box 700g"},"content":{"rendered":"<p><strong>Le cadeau id\u00e9al pour d\u00e9couvrir les cr\u00e9ations de Jules Destrooper. Sept biscuits \u00e0 savourer, de la tradition des grands classiques au raffinement des variantes chocolat\u00e9es.<\/strong><\/p>\n<p>Les biscuits de Jules Destrooper jouissent d&#8217;une renomm\u00e9e mondiale gr\u00e2ce \u00e0 leur go\u00fbt raffin\u00e9, leur texture croquante, qui fond dans la bouche. \u00c0 cet effet, seuls les meilleurs ingr\u00e9dients sont s\u00e9lectionn\u00e9s, comme le beurre d&#8217;\u00e9t\u00e9, les amandes de Valence, la vanille de Madagascar et la cannelle d&#8217;Indon\u00e9sie. Qui dit Jules Destrooper dit saveurs pures sans conservateurs, colorants ou ar\u00f4mes artificiels. Rien n&#8217;a chang\u00e9 depuis 1886.<\/p>\n<p>Les biscuits l\u00e9gendaires ont aussi \u00e9norm\u00e9ment de succ\u00e8s comme cadeaux de relation. Ils conviennent \u00e0 chacun, peu importe le sexe, la religion ou l&#8217;\u00e2ge&#8230; Les emballages originaux et souvent exclusifs vous permettent de choyer vos clients et vos employ\u00e9s.<\/p>\n<p>Souhaitez-vous aussi lancer votre propre programme de fid\u00e9lit\u00e9 en ligne? Eventuellement personnalis\u00e9 en fonction d&#8217;une campagne sp\u00e9cifique? En partenariat avec Jules Destrooper qui se chargerait du cadeau qualitatif et d\u00e9licieux ainsi que du suivi logistique? Aucun probl\u00e8me !<\/p>\n<p><a href=\"https:\/\/www.julesdestrooper.com\/fr\/gifting\" target=\"_blank\" rel=\"noopener noreferrer\"><em>Demandez \u00e9galement nos diverses possibilit\u00e9es de personnalisation<\/em><\/a><\/p>\n","protected":false},"excerpt":{"rendered":"<p><strong>Le cadeau id\u00e9al pour d\u00e9couvrir les cr\u00e9ations de Jules Destrooper. Sept biscuits \u00e0 savourer, de la tradition des grands classiques au raffinement des variantes chocolat\u00e9es.<\/strong><\/p>\n<p>Les biscuits de Jules Destrooper jouissent d&#8217;une renomm\u00e9e mondiale gr\u00e2ce \u00e0 leur go\u00fbt raffin\u00e9, leur texture croquante, qui fond dans la bouche. \u00c0 cet effet, seuls les meilleurs ingr\u00e9dients sont s\u00e9lectionn\u00e9s, comme le beurre d&#8217;\u00e9t\u00e9, les amandes de Valence, la vanille de Madagascar et la cannelle d&#8217;Indon\u00e9sie. Qui dit Jules Destrooper dit saveurs pures sans conservateurs, colorants ou ar\u00f4mes artificiels. Rien n&#8217;a chang\u00e9 depuis 1886.<\/p>\n<p>Les biscuits l\u00e9gendaires ont aussi \u00e9norm\u00e9ment de succ\u00e8s comme cadeaux de relation. Ils conviennent \u00e0 chacun, peu importe le sexe, la religion ou l&#8217;\u00e2ge&#8230; Les emballages originaux et souvent exclusifs vous permettent de choyer vos clients et vos employ\u00e9s.<\/p>\n<p>Souhaitez-vous aussi lancer votre propre programme de fid\u00e9lit\u00e9 en ligne? Eventuellement personnalis\u00e9 en fonction d&#8217;une campagne sp\u00e9cifique? En partenariat avec Jules Destrooper qui se chargerait du cadeau qualitatif et d\u00e9licieux ainsi que du suivi logistique? Aucun probl\u00e8me !<\/p>\n<p><a href=\"https:\/\/www.julesdestrooper.com\/fr\/gifting\" target=\"_blank\" rel=\"noopener noreferrer\"><em>Demandez \u00e9galement nos diverses possibilit\u00e9es de personnalisation<\/em><\/a> [&#8230;]<\/p>\n<p><a class=\"btn btn-secondary understrap-read-more-link\" href=\"https:\/\/promz.be\/fr\/product\/enjoy-box-700g\/\">Lire la suite&#8230;<\/a><\/p>\n","protected":false},"featured_media":26642,"comment_status":"open","ping_status":"closed","template":"","meta":[],"product_cat":[946,977,991,957,1000],"product_tag":[],"_links":{"self":[{"href":"https:\/\/promz.be\/fr\/wp-json\/wp\/v2\/product\/26645"}],"collection":[{"href":"https:\/\/promz.be\/fr\/wp-json\/wp\/v2\/product"}],"about":[{"href":"https:\/\/promz.be\/fr\/wp-json\/wp\/v2\/types\/product"}],"replies":[{"embeddable":true,"href":"https:\/\/promz.be\/fr\/wp-json\/wp\/v2\/comments?post=26645"}],"wp:featuredmedia":[{"embeddable":true,"href":"https:\/\/promz.be\/fr\/wp-json\/wp\/v2\/media\/26642"}],"wp:attachment":[{"href":"https:\/\/promz.be\/fr\/wp-json\/wp\/v2\/media?parent=26645"}],"wp:term":[{"taxonomy":"product_cat","embeddable":true,"href":"https:\/\/promz.be\/fr\/wp-json\/wp\/v2\/product_cat?post=26645"},{"taxonomy":"product_tag","embeddable":true,"href":"https:\/\/promz.be\/fr\/wp-json\/wp\/v2\/product_tag?post=26645"}],"curies":[{"name":"wp","href":"https:\/\/api.w.org\/{rel}","templated":true}]}}