{"id":26675,"date":"2019-12-11T11:14:19","date_gmt":"2019-12-11T10:14:19","guid":{"rendered":"https:\/\/promz.be\/product\/bouteilles-metal-bol-alimentaire\/"},"modified":"2019-12-11T11:14:19","modified_gmt":"2019-12-11T10:14:19","slug":"bouteilles-metal-bol-alimentaire","status":"publish","type":"product","link":"https:\/\/promz.be\/fr\/product\/bouteilles-metal-bol-alimentaire\/","title":{"rendered":"Bouteilles m\u00e9tal &#038; Bol alimentaire"},"content":{"rendered":"<p>&nbsp;<\/p>\n<p><strong>Que votre lunch soit une f\u00eate\u00a0!<\/strong><\/p>\n<p>Profitez de ces jolies bouteilles et bols en m\u00e9tal pour garder votre boisson ou votre lunch \u00e0 temp\u00e9rature.<\/p>\n<p><a href=\"https:\/\/cottonic.be\/\" target=\"_blank\" rel=\"noopener noreferrer\">Cottonic<\/a> | +32 3 2938373 | <a href=\"mailto:info@cottonic.be\">info@cottonic.be<\/a><\/p>\n","protected":false},"excerpt":{"rendered":"<p><strong>Que votre lunch soit une f\u00eate\u00a0!<\/strong><\/p>\n<p>Profitez de ces jolies bouteilles et bols en m\u00e9tal pour garder votre boisson ou votre lunch \u00e0 temp\u00e9rature.<\/p>\n<p><a href=\"https:\/\/cottonic.be\/\" target=\"_blank\" rel=\"noopener noreferrer\">Cottonic<\/a> | +32 3 2938373 | <a href=\"mailto:info@cottonic.be\">info@cottonic.be<\/a> [&#8230;]<\/p>\n<p><a class=\"btn btn-secondary understrap-read-more-link\" href=\"https:\/\/promz.be\/fr\/product\/bouteilles-metal-bol-alimentaire\/\">Lire la suite&#8230;<\/a><\/p>\n","protected":false},"featured_media":26668,"comment_status":"open","ping_status":"closed","template":"","meta":[],"product_cat":[1014,952,947,969,1027,951,995,957,954,1005],"product_tag":[],"_links":{"self":[{"href":"https:\/\/promz.be\/fr\/wp-json\/wp\/v2\/product\/26675"}],"collection":[{"href":"https:\/\/promz.be\/fr\/wp-json\/wp\/v2\/product"}],"about":[{"href":"https:\/\/promz.be\/fr\/wp-json\/wp\/v2\/types\/product"}],"replies":[{"embeddable":true,"href":"https:\/\/promz.be\/fr\/wp-json\/wp\/v2\/comments?post=26675"}],"wp:featuredmedia":[{"embeddable":true,"href":"https:\/\/promz.be\/fr\/wp-json\/wp\/v2\/media\/26668"}],"wp:attachment":[{"href":"https:\/\/promz.be\/fr\/wp-json\/wp\/v2\/media?parent=26675"}],"wp:term":[{"taxonomy":"product_cat","embeddable":true,"href":"https:\/\/promz.be\/fr\/wp-json\/wp\/v2\/product_cat?post=26675"},{"taxonomy":"product_tag","embeddable":true,"href":"https:\/\/promz.be\/fr\/wp-json\/wp\/v2\/product_tag?post=26675"}],"curies":[{"name":"wp","href":"https:\/\/api.w.org\/{rel}","templated":true}]}}