{"id":26685,"date":"2019-12-11T12:27:06","date_gmt":"2019-12-11T11:27:06","guid":{"rendered":"https:\/\/promz.be\/product\/rituals-cadeaux-dentreprise\/"},"modified":"2019-12-11T12:27:06","modified_gmt":"2019-12-11T11:27:06","slug":"rituals-cadeaux-dentreprise","status":"publish","type":"product","link":"https:\/\/promz.be\/fr\/product\/rituals-cadeaux-dentreprise\/","title":{"rendered":"Rituals Cadeaux D\u2019entreprise"},"content":{"rendered":"<p><strong>RITUALS POUR LES ENTREPRISES DE TOUTES TAILLES<\/strong><br \/>\nEntretenez vos relations clients et exprimez votre gratitude avec un cadeau d\u2019exception.<\/p>\n<h2>Une image positive de votre soci\u00e9t\u00e9<\/h2>\n<p>Des cabinets juridiques, des centres m\u00e9dicaux, des restaurants ou des salles de sport ; Rituals r\u00e9pond aux besoins de toutes les entreprises en leur offrant des solutions personnalis\u00e9es adapt\u00e9es. Pour que l\u2019image de votre soci\u00e9t\u00e9 se d\u00e9marque de mani\u00e8re positive.<\/p>\n<p>Veuillez-contacter Trendfactory B.V. pour un conseil personnalis\u00e9, ou si vous souhaitez commander des articles pour une utilisation B2B. Nous vous dirigerons vers l&#8217;un de nos distributeurs partenaires de cadeaux d&#8217;entreprise.<\/p>\n<p>S&#8217;il vous pla\u00eet contactez-nous par email \u00e0 <a href=\"mailto:info@trendfactory.fr\">info@trendfactory.fr<\/a><\/p>\n","protected":false},"excerpt":{"rendered":"<p><strong>RITUALS POUR LES ENTREPRISES DE TOUTES TAILLES<\/strong><br \/>\nEntretenez vos relations clients et exprimez votre gratitude avec un cadeau d\u2019exception.<\/p>\n<h2>Une image positive de votre soci\u00e9t\u00e9<\/h2>\n<p>Des cabinets juridiques, des centres m\u00e9dicaux, des restaurants ou des salles de sport ; Rituals r\u00e9pond aux besoins de toutes les entreprises en leur offrant des solutions personnalis\u00e9es adapt\u00e9es. Pour que l\u2019image de votre soci\u00e9t\u00e9 se d\u00e9marque de mani\u00e8re positive.<\/p>\n<p>Veuillez-contacter Trendfactory B.V. pour un conseil personnalis\u00e9, ou si vous souhaitez commander des articles pour une utilisation B2B. Nous vous dirigerons vers l&#8217;un de nos distributeurs partenaires de cadeaux d&#8217;entreprise.<\/p>\n<p>S&#8217;il vous pla\u00eet contactez-nous par email \u00e0 <a href=\"mailto:info@trendfactory.fr\">info@trendfactory.fr<\/a> [&#8230;]<\/p>\n<p><a class=\"btn btn-secondary understrap-read-more-link\" href=\"https:\/\/promz.be\/fr\/product\/rituals-cadeaux-dentreprise\/\">Lire la suite&#8230;<\/a><\/p>\n","protected":false},"featured_media":26682,"comment_status":"open","ping_status":"closed","template":"","meta":[],"product_cat":[980,1035,991,957,949,963],"product_tag":[],"_links":{"self":[{"href":"https:\/\/promz.be\/fr\/wp-json\/wp\/v2\/product\/26685"}],"collection":[{"href":"https:\/\/promz.be\/fr\/wp-json\/wp\/v2\/product"}],"about":[{"href":"https:\/\/promz.be\/fr\/wp-json\/wp\/v2\/types\/product"}],"replies":[{"embeddable":true,"href":"https:\/\/promz.be\/fr\/wp-json\/wp\/v2\/comments?post=26685"}],"wp:featuredmedia":[{"embeddable":true,"href":"https:\/\/promz.be\/fr\/wp-json\/wp\/v2\/media\/26682"}],"wp:attachment":[{"href":"https:\/\/promz.be\/fr\/wp-json\/wp\/v2\/media?parent=26685"}],"wp:term":[{"taxonomy":"product_cat","embeddable":true,"href":"https:\/\/promz.be\/fr\/wp-json\/wp\/v2\/product_cat?post=26685"},{"taxonomy":"product_tag","embeddable":true,"href":"https:\/\/promz.be\/fr\/wp-json\/wp\/v2\/product_tag?post=26685"}],"curies":[{"name":"wp","href":"https:\/\/api.w.org\/{rel}","templated":true}]}}