{"id":26690,"date":"2019-12-11T14:58:06","date_gmt":"2019-12-11T14:01:24","guid":{"rendered":"https:\/\/promz.be\/?post_type=product&#038;p=26690"},"modified":"2019-12-11T15:01:24","modified_gmt":"2019-12-11T14:01:24","slug":"scento-discovery-set-black-vanillasnowdrop","status":"publish","type":"product","link":"https:\/\/promz.be\/fr\/product\/scento-discovery-set-black-vanillasnowdrop\/","title":{"rendered":"Scento Discovery Set Black Vanilla&#038;Snowdrop"},"content":{"rendered":"<p><strong>Un parfum d&#8217;hiver luxueux qui se d\u00e9cline en un mini parfum d&#8217;int\u00e9rieur, une mini bougie parfum\u00e9e et de mini b\u00e0tonnets parfum\u00e9s.<\/strong><\/p>\n<p>Vous avez envie d&#8217;offrir un peu plus \u00e0 vous clients, fournisseurs ou employ\u00e9s? Offrez-leur ces senteurs luxueuses \u00e0 la vanille noire sensuelle et aux perce-neige fra\u00eeches qui parfument chaque int\u00e9rieur d&#8217;une ambiance chaleureuse.<\/p>\n","protected":false},"excerpt":{"rendered":"<p><strong>Un parfum d&#8217;hiver luxueux qui se d\u00e9cline en un mini parfum d&#8217;int\u00e9rieur, une mini bougie parfum\u00e9e et de mini b\u00e0tonnets parfum\u00e9s.<\/strong><\/p>\n<p>Vous avez envie d&#8217;offrir un peu plus \u00e0 vous clients, fournisseurs ou employ\u00e9s? Offrez-leur ces senteurs luxueuses \u00e0 la vanille noire sensuelle et aux perce-neige fra\u00eeches qui parfument chaque int\u00e9rieur d&#8217;une ambiance chaleureuse. [&#8230;]<\/p>\n<p><a class=\"btn btn-secondary understrap-read-more-link\" href=\"https:\/\/promz.be\/fr\/product\/scento-discovery-set-black-vanillasnowdrop\/\">Lire la suite&#8230;<\/a><\/p>\n","protected":false},"featured_media":26692,"comment_status":"open","ping_status":"closed","template":"","meta":[],"product_cat":[988,950,1035,991,957,949],"product_tag":[],"_links":{"self":[{"href":"https:\/\/promz.be\/fr\/wp-json\/wp\/v2\/product\/26690"}],"collection":[{"href":"https:\/\/promz.be\/fr\/wp-json\/wp\/v2\/product"}],"about":[{"href":"https:\/\/promz.be\/fr\/wp-json\/wp\/v2\/types\/product"}],"replies":[{"embeddable":true,"href":"https:\/\/promz.be\/fr\/wp-json\/wp\/v2\/comments?post=26690"}],"wp:featuredmedia":[{"embeddable":true,"href":"https:\/\/promz.be\/fr\/wp-json\/wp\/v2\/media\/26692"}],"wp:attachment":[{"href":"https:\/\/promz.be\/fr\/wp-json\/wp\/v2\/media?parent=26690"}],"wp:term":[{"taxonomy":"product_cat","embeddable":true,"href":"https:\/\/promz.be\/fr\/wp-json\/wp\/v2\/product_cat?post=26690"},{"taxonomy":"product_tag","embeddable":true,"href":"https:\/\/promz.be\/fr\/wp-json\/wp\/v2\/product_tag?post=26690"}],"curies":[{"name":"wp","href":"https:\/\/api.w.org\/{rel}","templated":true}]}}