{"id":26711,"date":"2019-12-11T16:16:25","date_gmt":"2019-12-11T15:16:25","guid":{"rendered":"https:\/\/promz.be\/product\/samsonite-proxis-biz\/"},"modified":"2019-12-11T16:16:25","modified_gmt":"2019-12-11T15:16:25","slug":"samsonite-proxis-biz","status":"publish","type":"product","link":"https:\/\/promz.be\/fr\/product\/samsonite-proxis-biz\/","title":{"rendered":"Samsonite Proxis Biz"},"content":{"rendered":"<p><strong>Samsonite PROXIS BIZ \u00e8 un sac \u00e0 dos ordinateur con un design spectaculair.<br \/>\n<\/strong>Peut \u00eatre personnalis\u00e9 et dispose d\u2019une connexion USB.<\/p>\n<p><strong>Caract\u00e9ristiques:<\/strong><\/p>\n<p>&#8211; Styl\u00e9 et un design modern<br \/>\n&#8211; Compartiment principal spacieux pour document A4<br \/>\n&#8211; Poches divers pour vos autres objets de la via quotidienne<br \/>\n&#8211; Une sortie USB integr\u00e9e<br \/>\n&#8211; Poche r\u00e9glable rembourr\u00e9e pour ordinateur portable de 15.6\u201d<br \/>\n&#8211; Poche rembourr\u00e9e pour tablette<br \/>\n&#8211; Panneau rembourr\u00e9e pour un meilleur confort<br \/>\n&#8211; Bandouli\u00e8res r\u00e9glables rembourr\u00e9es<br \/>\n&#8211; Garantie de 2 ans<\/p>\n","protected":false},"excerpt":{"rendered":"<p><strong>Samsonite PROXIS BIZ \u00e8 un sac \u00e0 dos ordinateur con un design spectaculair.<br \/>\n<\/strong>Peut \u00eatre personnalis\u00e9 et dispose d\u2019une connexion USB.<\/p>\n<p><strong>Caract\u00e9ristiques:<\/strong><\/p>\n<p>&#8211; Styl\u00e9 et un design modern<br \/>\n&#8211; Compartiment principal spacieux pour document A4<br \/>\n&#8211; Poches divers pour vos autres objets de la via quotidienne<br \/>\n&#8211; Une sortie USB integr\u00e9e<br \/>\n&#8211; Poche r\u00e9glable rembourr\u00e9e pour ordinateur portable de 15.6\u201d<br \/>\n&#8211; Poche rembourr\u00e9e pour tablette<br \/>\n&#8211; Panneau rembourr\u00e9e pour un meilleur confort<br \/>\n&#8211; Bandouli\u00e8res r\u00e9glables rembourr\u00e9es<br \/>\n&#8211; Garantie de 2 ans [&#8230;]<\/p>\n<p><a class=\"btn btn-secondary understrap-read-more-link\" href=\"https:\/\/promz.be\/fr\/product\/samsonite-proxis-biz\/\">Lire la suite&#8230;<\/a><\/p>\n","protected":false},"featured_media":26710,"comment_status":"open","ping_status":"closed","template":"","meta":[],"product_cat":[952,951,957,1030,978,954,1005,956],"product_tag":[],"_links":{"self":[{"href":"https:\/\/promz.be\/fr\/wp-json\/wp\/v2\/product\/26711"}],"collection":[{"href":"https:\/\/promz.be\/fr\/wp-json\/wp\/v2\/product"}],"about":[{"href":"https:\/\/promz.be\/fr\/wp-json\/wp\/v2\/types\/product"}],"replies":[{"embeddable":true,"href":"https:\/\/promz.be\/fr\/wp-json\/wp\/v2\/comments?post=26711"}],"wp:featuredmedia":[{"embeddable":true,"href":"https:\/\/promz.be\/fr\/wp-json\/wp\/v2\/media\/26710"}],"wp:attachment":[{"href":"https:\/\/promz.be\/fr\/wp-json\/wp\/v2\/media?parent=26711"}],"wp:term":[{"taxonomy":"product_cat","embeddable":true,"href":"https:\/\/promz.be\/fr\/wp-json\/wp\/v2\/product_cat?post=26711"},{"taxonomy":"product_tag","embeddable":true,"href":"https:\/\/promz.be\/fr\/wp-json\/wp\/v2\/product_tag?post=26711"}],"curies":[{"name":"wp","href":"https:\/\/api.w.org\/{rel}","templated":true}]}}