{"id":26735,"date":"2019-12-12T11:12:10","date_gmt":"2019-12-12T10:12:10","guid":{"rendered":"https:\/\/promz.be\/product\/stylo-plume-parker-im-luxe-edition-speciale\/"},"modified":"2019-12-12T11:12:10","modified_gmt":"2019-12-12T10:12:10","slug":"stylo-plume-parker-im-luxe-edition-speciale","status":"publish","type":"product","link":"https:\/\/promz.be\/fr\/product\/stylo-plume-parker-im-luxe-edition-speciale\/","title":{"rendered":"Stylo plume Parker IM Luxe \u00e9dition sp\u00e9ciale"},"content":{"rendered":"<p><strong>Stylo plume Parker IM Luxe \u00e9dition sp\u00e9ciale. Stylo \u00e0 plume Parker IM Luxe \u00e9dition sp\u00e9ciale en Metallic Pursuit ou Midnight Astral avec l&#8217;agrafe en fl\u00e8che embl\u00e9matique de la marque. <\/strong><\/p>\n<p>Metallic Pursuit : embelli avec un motif de ligne dynamique, en acier inoxydable, avec corps laqu\u00e9 noir et capuchon grav\u00e9 et vernis noir brillant.<\/p>\n<p>Midnight Astral : embelli avec une carte des constellations, en acier inoxydable, avec corps et capuchon vernis bleu brillant. M\u00e9tal.<\/p>\n<h2>Impression<\/h2>\n<p>Technique d&#8217;impression<br \/>\nImpression<\/p>\n<p><strong>Positionnement d&#8217;impression<\/strong><br \/>\nsur la casquette<\/p>\n<p><strong>Couleurs <\/strong><br \/>\n4<\/p>\n<p><strong>Surface maximale<\/strong><br \/>\n6 x 35 mm<\/p>\n<h2>Quantit\u00e9 minimale<\/h2>\n<p>Quantit\u00e9 minimale non imprim\u00e9e 5 pi\u00e8ces<br \/>\nQuantit\u00e9 minimale imprim\u00e9e 10 pi\u00e8ces<\/p>\n<p><a href=\"https:\/\/www.pascogifts.com\/fr\/stylo-plume-parker-im-luxe-edition-speciale#!\" target=\"_blank\" rel=\"noopener noreferrer\">D\u00e9couvrez plus ici<\/a><\/p>\n","protected":false},"excerpt":{"rendered":"<p><strong>Stylo plume Parker IM Luxe \u00e9dition sp\u00e9ciale. Stylo \u00e0 plume Parker IM Luxe \u00e9dition sp\u00e9ciale en Metallic Pursuit ou Midnight Astral avec l&#8217;agrafe en fl\u00e8che embl\u00e9matique de la marque. <\/strong><\/p>\n<p>Metallic Pursuit : embelli avec un motif de ligne dynamique, en acier inoxydable, avec corps laqu\u00e9 noir et capuchon grav\u00e9 et vernis noir brillant.<\/p>\n<p>Midnight Astral : embelli avec une carte des constellations, en acier inoxydable, avec corps et capuchon vernis bleu brillant. M\u00e9tal.<\/p>\n<h2>Impression<\/h2>\n<p>Technique d&#8217;impression<br \/>\nImpression<\/p>\n<p><strong>Positionnement d&#8217;impression<\/strong><br \/>\nsur la casquette<\/p>\n<p><strong>Couleurs <\/strong><br \/>\n4<\/p>\n<p><strong>Surface maximale<\/strong><br \/>\n6 x 35 mm<\/p>\n<h2>Quantit\u00e9 minimale<\/h2>\n<p>Quantit\u00e9 minimale non imprim\u00e9e 5 pi\u00e8ces<br \/>\nQuantit\u00e9 minimale imprim\u00e9e 10 pi\u00e8ces<\/p>\n<p><a href=\"https:\/\/www.pascogifts.com\/fr\/stylo-plume-parker-im-luxe-edition-speciale#!\" target=\"_blank\" rel=\"noopener noreferrer\">D\u00e9couvrez plus ici<\/a> [&#8230;]<\/p>\n<p><a class=\"btn btn-secondary understrap-read-more-link\" href=\"https:\/\/promz.be\/fr\/product\/stylo-plume-parker-im-luxe-edition-speciale\/\">Lire la suite&#8230;<\/a><\/p>\n","protected":false},"featured_media":26728,"comment_status":"open","ping_status":"closed","template":"","meta":[],"product_cat":[951,1010],"product_tag":[],"_links":{"self":[{"href":"https:\/\/promz.be\/fr\/wp-json\/wp\/v2\/product\/26735"}],"collection":[{"href":"https:\/\/promz.be\/fr\/wp-json\/wp\/v2\/product"}],"about":[{"href":"https:\/\/promz.be\/fr\/wp-json\/wp\/v2\/types\/product"}],"replies":[{"embeddable":true,"href":"https:\/\/promz.be\/fr\/wp-json\/wp\/v2\/comments?post=26735"}],"wp:featuredmedia":[{"embeddable":true,"href":"https:\/\/promz.be\/fr\/wp-json\/wp\/v2\/media\/26728"}],"wp:attachment":[{"href":"https:\/\/promz.be\/fr\/wp-json\/wp\/v2\/media?parent=26735"}],"wp:term":[{"taxonomy":"product_cat","embeddable":true,"href":"https:\/\/promz.be\/fr\/wp-json\/wp\/v2\/product_cat?post=26735"},{"taxonomy":"product_tag","embeddable":true,"href":"https:\/\/promz.be\/fr\/wp-json\/wp\/v2\/product_tag?post=26735"}],"curies":[{"name":"wp","href":"https:\/\/api.w.org\/{rel}","templated":true}]}}