{"id":26756,"date":"2019-12-12T15:39:43","date_gmt":"2019-12-12T14:39:43","guid":{"rendered":"https:\/\/promz.be\/product\/2-in-1-design-laadstation-lexon\/"},"modified":"2019-12-12T15:48:35","modified_gmt":"2019-12-12T14:48:35","slug":"lexon-oblio-une-station-de-charge-2-en-1","status":"publish","type":"product","link":"https:\/\/promz.be\/fr\/product\/lexon-oblio-une-station-de-charge-2-en-1\/","title":{"rendered":"LEXON Oblio UNE STATION DE CHARGE 2-EN-1"},"content":{"rendered":"<h2>Lh59\u00a0LEXON Oblio<\/h2>\n<p>Oblio est une station de charge sans fil 10W certifi\u00e9e Qi \u00e0 l\u2019apparence de vase, qui recharge et nettoie votre smartphone en toute discr\u00e9tion, gr\u00e2ce \u00e0 sa technologie LED UV int\u00e9gr\u00e9e.<\/p>\n<p><a href=\"https:\/\/prefix-design.com\/nl\/\">Prefix Design Benelux<\/a><\/p>\n","protected":false},"excerpt":{"rendered":"<h2>Lh59\u00a0LEXON Oblio<\/h2>\n<p>Oblio est une station de charge sans fil 10W certifi\u00e9e Qi \u00e0 l\u2019apparence de vase, qui recharge et nettoie votre smartphone en toute discr\u00e9tion, gr\u00e2ce \u00e0 sa technologie LED UV int\u00e9gr\u00e9e.<\/p>\n<p><a href=\"https:\/\/prefix-design.com\/nl\/\">Prefix Design Benelux<\/a> [&#8230;]<\/p>\n<p><a class=\"btn btn-secondary understrap-read-more-link\" href=\"https:\/\/promz.be\/fr\/product\/lexon-oblio-une-station-de-charge-2-en-1\/\">Lire la suite&#8230;<\/a><\/p>\n","protected":false},"featured_media":26755,"comment_status":"open","ping_status":"closed","template":"","meta":[],"product_cat":[974,1026,980,988,950,1035,951,1006,957,1030,949,956],"product_tag":[],"_links":{"self":[{"href":"https:\/\/promz.be\/fr\/wp-json\/wp\/v2\/product\/26756"}],"collection":[{"href":"https:\/\/promz.be\/fr\/wp-json\/wp\/v2\/product"}],"about":[{"href":"https:\/\/promz.be\/fr\/wp-json\/wp\/v2\/types\/product"}],"replies":[{"embeddable":true,"href":"https:\/\/promz.be\/fr\/wp-json\/wp\/v2\/comments?post=26756"}],"wp:featuredmedia":[{"embeddable":true,"href":"https:\/\/promz.be\/fr\/wp-json\/wp\/v2\/media\/26755"}],"wp:attachment":[{"href":"https:\/\/promz.be\/fr\/wp-json\/wp\/v2\/media?parent=26756"}],"wp:term":[{"taxonomy":"product_cat","embeddable":true,"href":"https:\/\/promz.be\/fr\/wp-json\/wp\/v2\/product_cat?post=26756"},{"taxonomy":"product_tag","embeddable":true,"href":"https:\/\/promz.be\/fr\/wp-json\/wp\/v2\/product_tag?post=26756"}],"curies":[{"name":"wp","href":"https:\/\/api.w.org\/{rel}","templated":true}]}}