{"id":27380,"date":"2018-02-22T16:11:28","date_gmt":"2020-02-10T15:11:28","guid":{"rendered":"https:\/\/promz.be\/product\/chewing-gum-sportlife-euro2020\/"},"modified":"2020-02-10T16:11:28","modified_gmt":"2020-02-10T15:11:28","slug":"chewing-gum-sportlife-euro2020","status":"publish","type":"product","link":"https:\/\/promz.be\/fr\/product\/chewing-gum-sportlife-euro2020\/","title":{"rendered":"Chewing-gum Sportlife\u00ae EURO2020"},"content":{"rendered":"<p><strong>Sportlife\u00ae avec rabat avec programme EURO2020 complet.<\/strong><br \/>\n<strong>Et la Braban\u00e7onne! Placez votre logo sur l\u2019avant.<\/strong><br \/>\n<strong>Ou votre propre design?<\/strong><\/p>\n<p>Marquez avec le chewing-gum SPORTLIFE\u00ae EURO 2020<\/p>\n<p>Unexpected Freshness au Championnat d&#8217;Europe 2020!<\/p>\n<p>En vue du prochain Championnat d&#8217;Europe de Football 2020, Commercial Sweets a un v\u00e9ritable accroche-regard pour vous.<br \/>\nUn paquet imprim\u00e9 enti\u00e8rement en couleur de chewing-gum original SPORTLIFE\u00ae avec le calendrier de jeu complet pour que vous n&#8217;ayez pas \u00e0 manquer un match.<br \/>\nFormat super pratique \u00e0 emporter, merveilleusement frais \u00e0 manger et avec la Braban\u00e7onne dessus pour chanter; alors il peut difficilement se tromper!<br \/>\nVous avez la possibilit\u00e9 de choisir un design standard, avec un espace sur le devant pour placer votre logo, texte ou photo.<br \/>\nBien s\u00fbr, vous pouvez \u00e9galement opter pour votre propre conception, le calendrier de jeu peut bien s\u00fbr \u00eatre int\u00e9gr\u00e9 \u00e0 cela.<br \/>\nCe chewing-gum original SPORTLIFE\u00ae est disponible \u00e0 partir de 100 pi\u00e8ces et imprim\u00e9 en couleur.<\/p>\n<p><strong>Alors vous \u00eates pr\u00eat pour \u00e7a?!<\/strong><br \/>\nChewing-gum Sportlife\u00ae EURO 2020:<br \/>\n\u2022 horaire complet du match avec la Braban\u00e7onne<br \/>\n\u2022 design standard avec espace pour votre logo, texte et \/ ou photo<br \/>\n\u2022 pr\u00e9f\u00e9rez un aspect et une sensation uniques; votre propre design n&#8217;est pas un probl\u00e8me<br \/>\n\u2022 disponible \u00e0 partir de 100 pi\u00e8ces<\/p>\n<p><strong>Vous voulez en savoir plus sur ce cadeau original? Ou \u00e0 la recherche d&#8217;un autre cadeau appropri\u00e9?<\/strong> Consultez notre site ou mail.<\/p>\n<p><strong>Commercial Sweets<\/strong><br \/>\nHeiligenbos 59<br \/>\n5351 SW Berghem<br \/>\n+31 (412) 45 00 68<br \/>\n<a href=\"https:\/\/www.commercialsweets.nl\/nl\/\" target=\"_blank\" rel=\"noopener noreferrer\">www.commercialsweets.nl<\/a><br \/>\n<a href=\"mailto:info@commercialsweets.nl\">info@commercialsweets.nl<\/a><\/p>\n<p>&nbsp;<\/p>\n","protected":false},"excerpt":{"rendered":"<p><strong>Sportlife\u00ae avec rabat avec programme EURO2020 complet.<\/strong><br \/>\n<strong>Et la Braban\u00e7onne! Placez votre logo sur l\u2019avant.<\/strong><br \/>\n<strong>Ou votre propre design?<\/strong><\/p>\n<p>Marquez avec le chewing-gum SPORTLIFE\u00ae EURO 2020<\/p>\n<p>Unexpected Freshness au Championnat d&#8217;Europe 2020!<\/p>\n<p>En vue du prochain Championnat d&#8217;Europe de Football 2020, Commercial Sweets a un v\u00e9ritable accroche-regard pour vous.<br \/>\nUn paquet imprim\u00e9 enti\u00e8rement en couleur de chewing-gum original SPORTLIFE\u00ae avec le calendrier de jeu complet pour que vous n&#8217;ayez pas \u00e0 manquer un match.<br \/>\nFormat super pratique \u00e0 emporter, merveilleusement frais \u00e0 manger et avec la Braban\u00e7onne dessus pour chanter; alors il peut difficilement se tromper!<br \/>\nVous avez la possibilit\u00e9 de choisir un design standard, avec un espace sur le devant pour placer votre logo, texte ou photo.<br \/>\nBien s\u00fbr, vous pouvez \u00e9galement opter pour votre propre conception, le calendrier de jeu peut bien s\u00fbr \u00eatre int\u00e9gr\u00e9 \u00e0 cela.<br \/>\nCe chewing-gum original SPORTLIFE\u00ae est disponible \u00e0 partir de 100 pi\u00e8ces et imprim\u00e9 en couleur.<\/p>\n<p><strong>Alors vous \u00eates pr\u00eat pour \u00e7a?!<\/strong><br \/>\nChewing-gum Sportlife\u00ae EURO 2020:<br \/>\n\u2022 horaire complet du match avec la Braban\u00e7onne<br \/>\n\u2022 design standard avec espace pour votre logo, texte et \/ ou photo<br \/>\n\u2022 pr\u00e9f\u00e9rez un aspect et une sensation uniques; votre propre design n&#8217;est pas un probl\u00e8me<br \/>\n\u2022 disponible \u00e0 partir de 100 pi\u00e8ces<\/p>\n<p><strong>Vous voulez en savoir plus sur ce cadeau original? Ou \u00e0 la recherche d&#8217;un autre cadeau appropri\u00e9?<\/strong> Consultez notre site ou mail.<\/p>\n<p><strong>Commercial Sweets<\/strong><br \/>\nHeiligenbos 59<br \/>\n5351 SW Berghem<br \/>\n+31 (412) 45 00 68<br \/>\n<a href=\"https:\/\/www.commercialsweets.nl\/nl\/\" target=\"_blank\" rel=\"noopener noreferrer\">www.commercialsweets.nl<\/a><br \/>\n<a href=\"mailto:info@commercialsweets.nl\">info@commercialsweets.nl<\/a><\/p>\n<p>&nbsp; [&#8230;]<\/p>\n<p><a class=\"btn btn-secondary understrap-read-more-link\" href=\"https:\/\/promz.be\/fr\/product\/chewing-gum-sportlife-euro2020\/\">Lire la suite&#8230;<\/a><\/p>\n","protected":false},"featured_media":27379,"comment_status":"open","ping_status":"closed","template":"","meta":[],"product_cat":[947,1023,986,1035,948,977,957,953,1001,949],"product_tag":[],"_links":{"self":[{"href":"https:\/\/promz.be\/fr\/wp-json\/wp\/v2\/product\/27380"}],"collection":[{"href":"https:\/\/promz.be\/fr\/wp-json\/wp\/v2\/product"}],"about":[{"href":"https:\/\/promz.be\/fr\/wp-json\/wp\/v2\/types\/product"}],"replies":[{"embeddable":true,"href":"https:\/\/promz.be\/fr\/wp-json\/wp\/v2\/comments?post=27380"}],"wp:featuredmedia":[{"embeddable":true,"href":"https:\/\/promz.be\/fr\/wp-json\/wp\/v2\/media\/27379"}],"wp:attachment":[{"href":"https:\/\/promz.be\/fr\/wp-json\/wp\/v2\/media?parent=27380"}],"wp:term":[{"taxonomy":"product_cat","embeddable":true,"href":"https:\/\/promz.be\/fr\/wp-json\/wp\/v2\/product_cat?post=27380"},{"taxonomy":"product_tag","embeddable":true,"href":"https:\/\/promz.be\/fr\/wp-json\/wp\/v2\/product_tag?post=27380"}],"curies":[{"name":"wp","href":"https:\/\/api.w.org\/{rel}","templated":true}]}}