{"id":27536,"date":"2018-10-18T00:00:00","date_gmt":"2018-06-13T22:00:00","guid":{"rendered":"https:\/\/promz.be\/?post_type=product&#038;p=27536"},"modified":"2020-02-14T09:00:25","modified_gmt":"2020-02-14T08:00:25","slug":"support-de-telephone-ajustable-avec-induction-5w","status":"publish","type":"product","link":"https:\/\/promz.be\/fr\/product\/support-de-telephone-ajustable-avec-induction-5w\/","title":{"rendered":"Support de t\u00e9l\u00e9phone ajustable avec induction 5W"},"content":{"rendered":"<p>Chargeur induction 5W en ABS et acrylique avec capteur infrarouge. Le capteur d\u00e9t\u00e9tectera votre t\u00e9l\u00e9phone et ouvrira automatiquement le support pour le placer. Une fois positionn\u00e9 le support se refermera automatiquement pour s\u00e9curiser votre appareil et le charger. Chargement sans fil compatible avec tous les appareils supportant la recharge \u00e0 induction (Qi) comme Android derni\u00e8re g\u00e9n\u00e9ration, iPhone 8 et plus. Entr\u00e9e : 5V\/2A, Sortie induction : 5V\/1A 5W. C\u00e2ble micro USB 80 cm inclus. Convient \u00e0 la plupart des tailles de t\u00e9l\u00e9phone du march\u00e9.<\/p>\n","protected":false},"excerpt":{"rendered":"<p>Chargeur induction 5W en ABS et acrylique avec capteur infrarouge. Le capteur d\u00e9t\u00e9tectera votre t\u00e9l\u00e9phone et ouvrira automatiquement le support pour le placer. Une fois positionn\u00e9 le support se refermera automatiquement pour s\u00e9curiser votre appareil et le charger. Chargement sans fil compatible avec tous les appareils supportant la recharge \u00e0 induction (Qi) comme Android derni\u00e8re g\u00e9n\u00e9ration, iPhone 8 et plus. Entr\u00e9e : 5V\/2A, Sortie induction : 5V\/1A 5W. C\u00e2ble micro USB 80 cm inclus. Convient \u00e0 la plupart des tailles de t\u00e9l\u00e9phone du march\u00e9. [&#8230;]<\/p>\n<p><a class=\"btn btn-secondary understrap-read-more-link\" href=\"https:\/\/promz.be\/fr\/product\/support-de-telephone-ajustable-avec-induction-5w\/\">Lire la suite&#8230;<\/a><\/p>\n","protected":false},"featured_media":27456,"comment_status":"closed","ping_status":"closed","template":"","meta":[],"product_cat":[961,1026,1006,957,956],"product_tag":[],"_links":{"self":[{"href":"https:\/\/promz.be\/fr\/wp-json\/wp\/v2\/product\/27536"}],"collection":[{"href":"https:\/\/promz.be\/fr\/wp-json\/wp\/v2\/product"}],"about":[{"href":"https:\/\/promz.be\/fr\/wp-json\/wp\/v2\/types\/product"}],"replies":[{"embeddable":true,"href":"https:\/\/promz.be\/fr\/wp-json\/wp\/v2\/comments?post=27536"}],"wp:featuredmedia":[{"embeddable":true,"href":"https:\/\/promz.be\/fr\/wp-json\/wp\/v2\/media\/27456"}],"wp:attachment":[{"href":"https:\/\/promz.be\/fr\/wp-json\/wp\/v2\/media?parent=27536"}],"wp:term":[{"taxonomy":"product_cat","embeddable":true,"href":"https:\/\/promz.be\/fr\/wp-json\/wp\/v2\/product_cat?post=27536"},{"taxonomy":"product_tag","embeddable":true,"href":"https:\/\/promz.be\/fr\/wp-json\/wp\/v2\/product_tag?post=27536"}],"curies":[{"name":"wp","href":"https:\/\/api.w.org\/{rel}","templated":true}]}}