{"id":27547,"date":"2018-06-19T00:00:00","date_gmt":"2018-07-29T22:00:00","guid":{"rendered":"https:\/\/promz.be\/?post_type=product&#038;p=27547"},"modified":"2020-02-14T08:46:35","modified_gmt":"2020-02-14T07:46:35","slug":"etui-passeport-anti-rfid-en-liege","status":"publish","type":"product","link":"https:\/\/promz.be\/fr\/product\/etui-passeport-anti-rfid-en-liege\/","title":{"rendered":"Etui passeport anti RFID en li\u00e8ge"},"content":{"rendered":"<p>Etui fabriqu\u00e9 \u00e0 base de li\u00e8ge naturel et s\u00e9curis\u00e9 avec la protection anti-RFID. Le syst\u00e8me anti-RFID permet d&#8217;\u00e9viter l&#8217;usurpation d&#8217;identit\u00e9 et le piratage \u00e9lectronique. 3 emplacements pour 6 cartes.<\/p>\n","protected":false},"excerpt":{"rendered":"<p>Etui fabriqu\u00e9 \u00e0 base de li\u00e8ge naturel et s\u00e9curis\u00e9 avec la protection anti-RFID. Le syst\u00e8me anti-RFID permet d&#8217;\u00e9viter l&#8217;usurpation d&#8217;identit\u00e9 et le piratage \u00e9lectronique. 3 emplacements pour 6 cartes. [&#8230;]<\/p>\n<p><a class=\"btn btn-secondary understrap-read-more-link\" href=\"https:\/\/promz.be\/fr\/product\/etui-passeport-anti-rfid-en-liege\/\">Lire la suite&#8230;<\/a><\/p>\n","protected":false},"featured_media":27534,"comment_status":"closed","ping_status":"closed","template":"","meta":[],"product_cat":[957,1013],"product_tag":[],"_links":{"self":[{"href":"https:\/\/promz.be\/fr\/wp-json\/wp\/v2\/product\/27547"}],"collection":[{"href":"https:\/\/promz.be\/fr\/wp-json\/wp\/v2\/product"}],"about":[{"href":"https:\/\/promz.be\/fr\/wp-json\/wp\/v2\/types\/product"}],"replies":[{"embeddable":true,"href":"https:\/\/promz.be\/fr\/wp-json\/wp\/v2\/comments?post=27547"}],"wp:featuredmedia":[{"embeddable":true,"href":"https:\/\/promz.be\/fr\/wp-json\/wp\/v2\/media\/27534"}],"wp:attachment":[{"href":"https:\/\/promz.be\/fr\/wp-json\/wp\/v2\/media?parent=27547"}],"wp:term":[{"taxonomy":"product_cat","embeddable":true,"href":"https:\/\/promz.be\/fr\/wp-json\/wp\/v2\/product_cat?post=27547"},{"taxonomy":"product_tag","embeddable":true,"href":"https:\/\/promz.be\/fr\/wp-json\/wp\/v2\/product_tag?post=27547"}],"curies":[{"name":"wp","href":"https:\/\/api.w.org\/{rel}","templated":true}]}}