{"id":27556,"date":"2018-08-09T00:00:00","date_gmt":"2018-08-08T22:00:00","guid":{"rendered":"https:\/\/promz.be\/product\/sac-a-dos-antivol-bobby-hero-small\/"},"modified":"2018-08-09T00:00:00","modified_gmt":"2018-08-08T22:00:00","slug":"sac-a-dos-antivol-bobby-hero-small","status":"publish","type":"product","link":"https:\/\/promz.be\/fr\/product\/sac-a-dos-antivol-bobby-hero-small\/","title":{"rendered":"Sac \u00e0 dos antivol Bobby Hero Small"},"content":{"rendered":"<p>Bobby Hero est notre nouvelle g\u00e9n\u00e9ration de sacs \u00e0 dos antivol fabriqu\u00e9 \u00e0 partir de bouteilles PET recycles, rPET. Ce nouveau mod\u00e8le vous aidera \u00e0 vous d\u00e9placer en toute s\u00e9curit\u00e9, sans soucis et organis\u00e9. Des caract\u00e9ristiques cl\u00e9s telles que la protection anti lac\u00e9ration, les poches \u00e0 fermetures \u00e9clairs cach\u00e9es garderont vos affaires en s\u00e9curit\u00e9 pendant vos d\u00e9placements. Bobby est aussi le sac \u00e0 dos le plus pratique avec des caract\u00e9ristiques telles qu&#8217;un port de chargement USB int\u00e9gr\u00e9, un tissu imperm\u00e9able, bandes r\u00e9fl\u00e9chissantes et une sangle pour bagages. A l&#8217;int\u00e9rieur il y a des compartiments rembourr\u00e9s pour ordinateur portable de 13,3&#8243; et tablette jusqu&#8217;\u00e0 12,9&#8243;. Mod\u00e8le d\u00e9pos\u00e9 \u00ae<\/p>\n","protected":false},"excerpt":{"rendered":"<p>Bobby Hero est notre nouvelle g\u00e9n\u00e9ration de sacs \u00e0 dos antivol fabriqu\u00e9 \u00e0 partir de bouteilles PET recycles, rPET. Ce nouveau mod\u00e8le vous aidera \u00e0 vous d\u00e9placer en toute s\u00e9curit\u00e9, sans soucis et organis\u00e9. Des caract\u00e9ristiques cl\u00e9s telles que la protection anti lac\u00e9ration, les poches \u00e0 fermetures \u00e9clairs cach\u00e9es garderont vos affaires en s\u00e9curit\u00e9 pendant vos d\u00e9placements. Bobby est aussi le sac \u00e0 dos le plus pratique avec des caract\u00e9ristiques telles qu&#8217;un port de chargement USB int\u00e9gr\u00e9, un tissu imperm\u00e9able, bandes r\u00e9fl\u00e9chissantes et une sangle pour bagages. A l&#8217;int\u00e9rieur il y a des compartiments rembourr\u00e9s pour ordinateur portable de 13,3&#8243; et tablette jusqu&#8217;\u00e0 12,9&#8243;. Mod\u00e8le d\u00e9pos\u00e9 \u00ae [&#8230;]<\/p>\n<p><a class=\"btn btn-secondary understrap-read-more-link\" href=\"https:\/\/promz.be\/fr\/product\/sac-a-dos-antivol-bobby-hero-small\/\">Lire la suite&#8230;<\/a><\/p>\n","protected":false},"featured_media":27512,"comment_status":"closed","ping_status":"closed","template":"","meta":[],"product_cat":[978,954],"product_tag":[],"_links":{"self":[{"href":"https:\/\/promz.be\/fr\/wp-json\/wp\/v2\/product\/27556"}],"collection":[{"href":"https:\/\/promz.be\/fr\/wp-json\/wp\/v2\/product"}],"about":[{"href":"https:\/\/promz.be\/fr\/wp-json\/wp\/v2\/types\/product"}],"replies":[{"embeddable":true,"href":"https:\/\/promz.be\/fr\/wp-json\/wp\/v2\/comments?post=27556"}],"wp:featuredmedia":[{"embeddable":true,"href":"https:\/\/promz.be\/fr\/wp-json\/wp\/v2\/media\/27512"}],"wp:attachment":[{"href":"https:\/\/promz.be\/fr\/wp-json\/wp\/v2\/media?parent=27556"}],"wp:term":[{"taxonomy":"product_cat","embeddable":true,"href":"https:\/\/promz.be\/fr\/wp-json\/wp\/v2\/product_cat?post=27556"},{"taxonomy":"product_tag","embeddable":true,"href":"https:\/\/promz.be\/fr\/wp-json\/wp\/v2\/product_tag?post=27556"}],"curies":[{"name":"wp","href":"https:\/\/api.w.org\/{rel}","templated":true}]}}