{"id":27557,"date":"2018-07-19T00:00:00","date_gmt":"2018-07-18T22:00:00","guid":{"rendered":"https:\/\/promz.be\/product\/enceinte-dexterieur-6w-soundboom\/"},"modified":"2018-07-19T00:00:00","modified_gmt":"2018-07-18T22:00:00","slug":"enceinte-dexterieur-6w-soundboom","status":"publish","type":"product","link":"https:\/\/promz.be\/fr\/product\/enceinte-dexterieur-6w-soundboom\/","title":{"rendered":"Enceinte d&#8217;ext\u00e9rieur 6W Soundboom"},"content":{"rendered":"<p>Haut-parleur 6W en polyester de qualit\u00e9 (IPX4), compacte mais puissant parfait pour les activit\u00e9s de plein air, pique-nique, barbecue ou \u00e0 la plage. Batterie de 1200 mAh pour 6 heures d&#8217;\u00e9coute, et BT 5 pour une distance de fonctionnement jusqu&#8217;\u00e0 10 m\u00e8tres.<\/p>\n","protected":false},"excerpt":{"rendered":"<p>Haut-parleur 6W en polyester de qualit\u00e9 (IPX4), compacte mais puissant parfait pour les activit\u00e9s de plein air, pique-nique, barbecue ou \u00e0 la plage. Batterie de 1200 mAh pour 6 heures d&#8217;\u00e9coute, et BT 5 pour une distance de fonctionnement jusqu&#8217;\u00e0 10 m\u00e8tres. [&#8230;]<\/p>\n<p><a class=\"btn btn-secondary understrap-read-more-link\" href=\"https:\/\/promz.be\/fr\/product\/enceinte-dexterieur-6w-soundboom\/\">Lire la suite&#8230;<\/a><\/p>\n","protected":false},"featured_media":27522,"comment_status":"closed","ping_status":"closed","template":"","meta":[],"product_cat":[1021,956],"product_tag":[],"_links":{"self":[{"href":"https:\/\/promz.be\/fr\/wp-json\/wp\/v2\/product\/27557"}],"collection":[{"href":"https:\/\/promz.be\/fr\/wp-json\/wp\/v2\/product"}],"about":[{"href":"https:\/\/promz.be\/fr\/wp-json\/wp\/v2\/types\/product"}],"replies":[{"embeddable":true,"href":"https:\/\/promz.be\/fr\/wp-json\/wp\/v2\/comments?post=27557"}],"wp:featuredmedia":[{"embeddable":true,"href":"https:\/\/promz.be\/fr\/wp-json\/wp\/v2\/media\/27522"}],"wp:attachment":[{"href":"https:\/\/promz.be\/fr\/wp-json\/wp\/v2\/media?parent=27557"}],"wp:term":[{"taxonomy":"product_cat","embeddable":true,"href":"https:\/\/promz.be\/fr\/wp-json\/wp\/v2\/product_cat?post=27557"},{"taxonomy":"product_tag","embeddable":true,"href":"https:\/\/promz.be\/fr\/wp-json\/wp\/v2\/product_tag?post=27557"}],"curies":[{"name":"wp","href":"https:\/\/api.w.org\/{rel}","templated":true}]}}