{"id":27559,"date":"2018-08-15T00:00:00","date_gmt":"2018-08-14T22:00:00","guid":{"rendered":"https:\/\/promz.be\/product\/stylo-en-fibre-de-paille\/"},"modified":"2020-02-14T09:24:06","modified_gmt":"2020-02-14T08:24:06","slug":"stylo-en-fibre-de-paille","status":"publish","type":"product","link":"https:\/\/promz.be\/fr\/product\/stylo-en-fibre-de-paille\/","title":{"rendered":"Stylo en fibre de paille"},"content":{"rendered":"<p>Stylo fabriqu\u00e9 \u00e0 partir de fibre de paille de bl\u00e9 r\u00e9colt\u00e9, ce qui le rend durable. Encre bleue Dokumental\u00ae de fabrication allemande pour +\/- 1200m d\u2019\u00e9criture et bille en carbure de tungstene assurant une \u00e9criture r\u00e9guli\u00e8re.<\/p>\n","protected":false},"excerpt":{"rendered":"<p>Stylo fabriqu\u00e9 \u00e0 partir de fibre de paille de bl\u00e9 r\u00e9colt\u00e9, ce qui le rend durable. Encre bleue Dokumental\u00ae de fabrication allemande pour +\/- 1200m d\u2019\u00e9criture et bille en carbure de tungstene assurant une \u00e9criture r\u00e9guli\u00e8re. [&#8230;]<\/p>\n<p><a class=\"btn btn-secondary understrap-read-more-link\" href=\"https:\/\/promz.be\/fr\/product\/stylo-en-fibre-de-paille\/\">Lire la suite&#8230;<\/a><\/p>\n","protected":false},"featured_media":27508,"comment_status":"closed","ping_status":"closed","template":"","meta":[],"product_cat":[980,951,957,1010],"product_tag":[],"_links":{"self":[{"href":"https:\/\/promz.be\/fr\/wp-json\/wp\/v2\/product\/27559"}],"collection":[{"href":"https:\/\/promz.be\/fr\/wp-json\/wp\/v2\/product"}],"about":[{"href":"https:\/\/promz.be\/fr\/wp-json\/wp\/v2\/types\/product"}],"replies":[{"embeddable":true,"href":"https:\/\/promz.be\/fr\/wp-json\/wp\/v2\/comments?post=27559"}],"wp:featuredmedia":[{"embeddable":true,"href":"https:\/\/promz.be\/fr\/wp-json\/wp\/v2\/media\/27508"}],"wp:attachment":[{"href":"https:\/\/promz.be\/fr\/wp-json\/wp\/v2\/media?parent=27559"}],"wp:term":[{"taxonomy":"product_cat","embeddable":true,"href":"https:\/\/promz.be\/fr\/wp-json\/wp\/v2\/product_cat?post=27559"},{"taxonomy":"product_tag","embeddable":true,"href":"https:\/\/promz.be\/fr\/wp-json\/wp\/v2\/product_tag?post=27559"}],"curies":[{"name":"wp","href":"https:\/\/api.w.org\/{rel}","templated":true}]}}