{"id":27560,"date":"2018-10-05T00:00:00","date_gmt":"2018-10-04T22:00:00","guid":{"rendered":"https:\/\/promz.be\/product\/bouteille-avec-bec-verseur-aqua\/"},"modified":"2018-10-05T00:00:00","modified_gmt":"2018-10-04T22:00:00","slug":"bouteille-avec-bec-verseur-aqua","status":"publish","type":"product","link":"https:\/\/promz.be\/fr\/product\/bouteille-avec-bec-verseur-aqua\/","title":{"rendered":"Bouteille avec bec verseur Aqua"},"content":{"rendered":"<p>Aqua est une bouteille \u00e9tanche 600ml en tritan avec un syst\u00e8me intelligent pour suivre votre hydratation quotidienne. Le bouchon affiche une plus grande goutte d&#8217;eau \u00e0 chaque fois que vous buvez et tourner le col pour facilement compter le nombre de bouteilles. Lavage \u00e0 la main. Mod\u00e8le d\u00e9pos\u00e9\u00ae<\/p>\n","protected":false},"excerpt":{"rendered":"<p>Aqua est une bouteille \u00e9tanche 600ml en tritan avec un syst\u00e8me intelligent pour suivre votre hydratation quotidienne. Le bouchon affiche une plus grande goutte d&#8217;eau \u00e0 chaque fois que vous buvez et tourner le col pour facilement compter le nombre de bouteilles. Lavage \u00e0 la main. Mod\u00e8le d\u00e9pos\u00e9\u00ae [&#8230;]<\/p>\n<p><a class=\"btn btn-secondary understrap-read-more-link\" href=\"https:\/\/promz.be\/fr\/product\/bouteille-avec-bec-verseur-aqua\/\">Lire la suite&#8230;<\/a><\/p>\n","protected":false},"featured_media":27474,"comment_status":"closed","ping_status":"closed","template":"","meta":[],"product_cat":[947,1023,969,953],"product_tag":[],"_links":{"self":[{"href":"https:\/\/promz.be\/fr\/wp-json\/wp\/v2\/product\/27560"}],"collection":[{"href":"https:\/\/promz.be\/fr\/wp-json\/wp\/v2\/product"}],"about":[{"href":"https:\/\/promz.be\/fr\/wp-json\/wp\/v2\/types\/product"}],"replies":[{"embeddable":true,"href":"https:\/\/promz.be\/fr\/wp-json\/wp\/v2\/comments?post=27560"}],"wp:featuredmedia":[{"embeddable":true,"href":"https:\/\/promz.be\/fr\/wp-json\/wp\/v2\/media\/27474"}],"wp:attachment":[{"href":"https:\/\/promz.be\/fr\/wp-json\/wp\/v2\/media?parent=27560"}],"wp:term":[{"taxonomy":"product_cat","embeddable":true,"href":"https:\/\/promz.be\/fr\/wp-json\/wp\/v2\/product_cat?post=27560"},{"taxonomy":"product_tag","embeddable":true,"href":"https:\/\/promz.be\/fr\/wp-json\/wp\/v2\/product_tag?post=27560"}],"curies":[{"name":"wp","href":"https:\/\/api.w.org\/{rel}","templated":true}]}}