{"id":27561,"date":"2018-10-15T00:00:00","date_gmt":"2018-10-14T22:00:00","guid":{"rendered":"https:\/\/promz.be\/product\/porte-cles-rond-cable-3-en-1\/"},"modified":"2018-10-15T00:00:00","modified_gmt":"2018-10-14T22:00:00","slug":"porte-cles-rond-cable-3-en-1","status":"publish","type":"product","link":"https:\/\/promz.be\/fr\/product\/porte-cles-rond-cable-3-en-1\/","title":{"rendered":"Porte-cl\u00e9s rond c\u00e2ble 3 en 1"},"content":{"rendered":"<p>C\u00e2ble porte cl\u00e9s pour charger et synchroniser les donn\u00e9es avec 3 connectiques diff\u00e9rentes : micro USB, type C et un connecteur double face pour IOS et Android. Les deux extr\u00e9mit\u00e9s peuvent \u00eatre connect\u00e9es par aimant pour garder le c\u00e2ble compact et facile \u00e0 transporter.<\/p>\n","protected":false},"excerpt":{"rendered":"<p>C\u00e2ble porte cl\u00e9s pour charger et synchroniser les donn\u00e9es avec 3 connectiques diff\u00e9rentes : micro USB, type C et un connecteur double face pour IOS et Android. Les deux extr\u00e9mit\u00e9s peuvent \u00eatre connect\u00e9es par aimant pour garder le c\u00e2ble compact et facile \u00e0 transporter. [&#8230;]<\/p>\n<p><a class=\"btn btn-secondary understrap-read-more-link\" href=\"https:\/\/promz.be\/fr\/product\/porte-cles-rond-cable-3-en-1\/\">Lire la suite&#8230;<\/a><\/p>\n","protected":false},"featured_media":27466,"comment_status":"closed","ping_status":"closed","template":"","meta":[],"product_cat":[1026,948,1018,1030,956],"product_tag":[],"_links":{"self":[{"href":"https:\/\/promz.be\/fr\/wp-json\/wp\/v2\/product\/27561"}],"collection":[{"href":"https:\/\/promz.be\/fr\/wp-json\/wp\/v2\/product"}],"about":[{"href":"https:\/\/promz.be\/fr\/wp-json\/wp\/v2\/types\/product"}],"replies":[{"embeddable":true,"href":"https:\/\/promz.be\/fr\/wp-json\/wp\/v2\/comments?post=27561"}],"wp:featuredmedia":[{"embeddable":true,"href":"https:\/\/promz.be\/fr\/wp-json\/wp\/v2\/media\/27466"}],"wp:attachment":[{"href":"https:\/\/promz.be\/fr\/wp-json\/wp\/v2\/media?parent=27561"}],"wp:term":[{"taxonomy":"product_cat","embeddable":true,"href":"https:\/\/promz.be\/fr\/wp-json\/wp\/v2\/product_cat?post=27561"},{"taxonomy":"product_tag","embeddable":true,"href":"https:\/\/promz.be\/fr\/wp-json\/wp\/v2\/product_tag?post=27561"}],"curies":[{"name":"wp","href":"https:\/\/api.w.org\/{rel}","templated":true}]}}