{"id":27562,"date":"2018-08-07T00:00:00","date_gmt":"2018-08-06T22:00:00","guid":{"rendered":"https:\/\/promz.be\/product\/porte-cles-rond-cable-3-en-1-2\/"},"modified":"2018-08-07T00:00:00","modified_gmt":"2018-08-06T22:00:00","slug":"porte-cles-rond-cable-3-en-1-2","status":"publish","type":"product","link":"https:\/\/promz.be\/fr\/product\/porte-cles-rond-cable-3-en-1-2\/","title":{"rendered":"Porte-cl\u00e9s rond c\u00e2ble 3 en 1"},"content":{"rendered":"<p>C\u00e2ble 3 en 1 en TPE avec connecteurs en aluminium, effet lumineux pendant le chargement. Avec type C et connecteur double face pour tous les appareils iOS et Android micro USB. Longueur 30 cm. Convient pour la charge.<\/p>\n","protected":false},"excerpt":{"rendered":"<p>C\u00e2ble 3 en 1 en TPE avec connecteurs en aluminium, effet lumineux pendant le chargement. Avec type C et connecteur double face pour tous les appareils iOS et Android micro USB. Longueur 30 cm. Convient pour la charge. [&#8230;]<\/p>\n<p><a class=\"btn btn-secondary understrap-read-more-link\" href=\"https:\/\/promz.be\/fr\/product\/porte-cles-rond-cable-3-en-1-2\/\">Lire la suite&#8230;<\/a><\/p>\n","protected":false},"featured_media":27464,"comment_status":"closed","ping_status":"closed","template":"","meta":[],"product_cat":[1026,1030,956],"product_tag":[],"_links":{"self":[{"href":"https:\/\/promz.be\/fr\/wp-json\/wp\/v2\/product\/27562"}],"collection":[{"href":"https:\/\/promz.be\/fr\/wp-json\/wp\/v2\/product"}],"about":[{"href":"https:\/\/promz.be\/fr\/wp-json\/wp\/v2\/types\/product"}],"replies":[{"embeddable":true,"href":"https:\/\/promz.be\/fr\/wp-json\/wp\/v2\/comments?post=27562"}],"wp:featuredmedia":[{"embeddable":true,"href":"https:\/\/promz.be\/fr\/wp-json\/wp\/v2\/media\/27464"}],"wp:attachment":[{"href":"https:\/\/promz.be\/fr\/wp-json\/wp\/v2\/media?parent=27562"}],"wp:term":[{"taxonomy":"product_cat","embeddable":true,"href":"https:\/\/promz.be\/fr\/wp-json\/wp\/v2\/product_cat?post=27562"},{"taxonomy":"product_tag","embeddable":true,"href":"https:\/\/promz.be\/fr\/wp-json\/wp\/v2\/product_tag?post=27562"}],"curies":[{"name":"wp","href":"https:\/\/api.w.org\/{rel}","templated":true}]}}