{"id":27563,"date":"2018-11-07T00:00:00","date_gmt":"2018-11-06T23:00:00","guid":{"rendered":"https:\/\/promz.be\/product\/bouteille-deau-fit-avec-porte-telephone\/"},"modified":"2018-11-07T00:00:00","modified_gmt":"2018-11-06T23:00:00","slug":"bouteille-deau-fit-avec-porte-telephone","status":"publish","type":"product","link":"https:\/\/promz.be\/fr\/product\/bouteille-deau-fit-avec-porte-telephone\/","title":{"rendered":"Bouteille d&#8217;eau FIT avec porte t\u00e9l\u00e9phone"},"content":{"rendered":"<p>Bouteille d&#8217;eau 800ml \u00e9tanche en Tritan parfaite pour le bureau, le sport ou le cours de yoga, et avec fonction unique pour ranger votre t\u00e9l\u00e9phone sur le dessus. Il est donc facile de garder vos effets personnels les plus importants ensemble au gymnase. L&#8217;autocollant est d\u00e9tachable et nous recommandons de le laver avec la bouteille apr\u00e8s utilisation pour conserver une adh\u00e9rence optimale. 1 autocollant suppl\u00e9mentaire inclus. Mod\u00e8le d\u00e9pos\u00e9 \u00ae<\/p>\n","protected":false},"excerpt":{"rendered":"<p>Bouteille d&#8217;eau 800ml \u00e9tanche en Tritan parfaite pour le bureau, le sport ou le cours de yoga, et avec fonction unique pour ranger votre t\u00e9l\u00e9phone sur le dessus. Il est donc facile de garder vos effets personnels les plus importants ensemble au gymnase. L&#8217;autocollant est d\u00e9tachable et nous recommandons de le laver avec la bouteille apr\u00e8s utilisation pour conserver une adh\u00e9rence optimale. 1 autocollant suppl\u00e9mentaire inclus. Mod\u00e8le d\u00e9pos\u00e9 \u00ae [&#8230;]<\/p>\n<p><a class=\"btn btn-secondary understrap-read-more-link\" href=\"https:\/\/promz.be\/fr\/product\/bouteille-deau-fit-avec-porte-telephone\/\">Lire la suite&#8230;<\/a><\/p>\n","protected":false},"featured_media":27446,"comment_status":"closed","ping_status":"closed","template":"","meta":[],"product_cat":[947,1023,969,953],"product_tag":[],"_links":{"self":[{"href":"https:\/\/promz.be\/fr\/wp-json\/wp\/v2\/product\/27563"}],"collection":[{"href":"https:\/\/promz.be\/fr\/wp-json\/wp\/v2\/product"}],"about":[{"href":"https:\/\/promz.be\/fr\/wp-json\/wp\/v2\/types\/product"}],"replies":[{"embeddable":true,"href":"https:\/\/promz.be\/fr\/wp-json\/wp\/v2\/comments?post=27563"}],"wp:featuredmedia":[{"embeddable":true,"href":"https:\/\/promz.be\/fr\/wp-json\/wp\/v2\/media\/27446"}],"wp:attachment":[{"href":"https:\/\/promz.be\/fr\/wp-json\/wp\/v2\/media?parent=27563"}],"wp:term":[{"taxonomy":"product_cat","embeddable":true,"href":"https:\/\/promz.be\/fr\/wp-json\/wp\/v2\/product_cat?post=27563"},{"taxonomy":"product_tag","embeddable":true,"href":"https:\/\/promz.be\/fr\/wp-json\/wp\/v2\/product_tag?post=27563"}],"curies":[{"name":"wp","href":"https:\/\/api.w.org\/{rel}","templated":true}]}}