{"id":28432,"date":"2020-03-09T12:13:10","date_gmt":"2020-03-09T11:13:10","guid":{"rendered":"https:\/\/promz.be\/product\/shiva-premium-500ml-750ml\/"},"modified":"2020-03-09T12:13:10","modified_gmt":"2020-03-09T11:13:10","slug":"shiva-premium-500ml-750ml","status":"publish","type":"product","link":"https:\/\/promz.be\/fr\/product\/shiva-premium-500ml-750ml\/","title":{"rendered":"Shiva &#8211; Premium &#8211; 500ml &#038; 750ml"},"content":{"rendered":"<p><strong>Bouchon \u00e0 membrane Shanti innovant unique<\/strong><br \/>\n&#8211; \u00c9galement disponible en mat\u00e9riau \u00e9cologique<br \/>\n&#8211; Grande surface<br \/>\n&#8211; Impression enti\u00e8rement en couleur<\/p>\n<p>Le bidon Shiva est identique aux autres bidons Shiva, mais se distingue gr\u00e2ce \u00e0 son bouchon \u00e0 membrane d\u00e9velopp\u00e9 sp\u00e9cialement. Le bouchon s\u2019ouvre et se ferme rapidement, d\u2019un seul mouvement. En position, le bidon est continuellement pr\u00eat \u00e0 l\u2019emploi. Gr\u00e2ce au syst\u00e8me \u00e0 membrane sp\u00e9cial, le contenu ne fuit pas. La boisson ne sort que lorsque l\u2019on presse le bidon, exactement dans la quantit\u00e9 souhait\u00e9e. Le bouchon peut \u00e9galement \u00eatre en position.<\/p>\n","protected":false},"excerpt":{"rendered":"<p><strong>Bouchon \u00e0 membrane Shanti innovant unique<\/strong><br \/>\n&#8211; \u00c9galement disponible en mat\u00e9riau \u00e9cologique<br \/>\n&#8211; Grande surface<br \/>\n&#8211; Impression enti\u00e8rement en couleur<\/p>\n<p>Le bidon Shiva est identique aux autres bidons Shiva, mais se distingue gr\u00e2ce \u00e0 son bouchon \u00e0 membrane d\u00e9velopp\u00e9 sp\u00e9cialement. Le bouchon s\u2019ouvre et se ferme rapidement, d\u2019un seul mouvement. En position, le bidon est continuellement pr\u00eat \u00e0 l\u2019emploi. Gr\u00e2ce au syst\u00e8me \u00e0 membrane sp\u00e9cial, le contenu ne fuit pas. La boisson ne sort que lorsque l\u2019on presse le bidon, exactement dans la quantit\u00e9 souhait\u00e9e. Le bouchon peut \u00e9galement \u00eatre en position. [&#8230;]<\/p>\n<p><a class=\"btn btn-secondary understrap-read-more-link\" href=\"https:\/\/promz.be\/fr\/product\/shiva-premium-500ml-750ml\/\">Lire la suite&#8230;<\/a><\/p>\n","protected":false},"featured_media":28431,"comment_status":"open","ping_status":"closed","template":"","meta":[],"product_cat":[952,947,1023,1007,969,948,957,953,1001,983],"product_tag":[],"_links":{"self":[{"href":"https:\/\/promz.be\/fr\/wp-json\/wp\/v2\/product\/28432"}],"collection":[{"href":"https:\/\/promz.be\/fr\/wp-json\/wp\/v2\/product"}],"about":[{"href":"https:\/\/promz.be\/fr\/wp-json\/wp\/v2\/types\/product"}],"replies":[{"embeddable":true,"href":"https:\/\/promz.be\/fr\/wp-json\/wp\/v2\/comments?post=28432"}],"wp:featuredmedia":[{"embeddable":true,"href":"https:\/\/promz.be\/fr\/wp-json\/wp\/v2\/media\/28431"}],"wp:attachment":[{"href":"https:\/\/promz.be\/fr\/wp-json\/wp\/v2\/media?parent=28432"}],"wp:term":[{"taxonomy":"product_cat","embeddable":true,"href":"https:\/\/promz.be\/fr\/wp-json\/wp\/v2\/product_cat?post=28432"},{"taxonomy":"product_tag","embeddable":true,"href":"https:\/\/promz.be\/fr\/wp-json\/wp\/v2\/product_tag?post=28432"}],"curies":[{"name":"wp","href":"https:\/\/api.w.org\/{rel}","templated":true}]}}