{"id":28436,"date":"2020-03-09T13:55:42","date_gmt":"2020-03-09T12:55:42","guid":{"rendered":"https:\/\/promz.be\/product\/applaudisseurs-gonflables-bio\/"},"modified":"2020-03-09T13:58:48","modified_gmt":"2020-03-09T12:58:48","slug":"applaudisseurs-gonflables-bio","status":"publish","type":"product","link":"https:\/\/promz.be\/fr\/product\/applaudisseurs-gonflables-bio\/","title":{"rendered":"Applaudisseurs Gonflables BIO"},"content":{"rendered":"<p><strong>Nouveau ! Tap taps biod\u00e9gradables ET compostables pour votre prochain \u00e9v\u00e9nement.<\/strong><br \/>\nLivrable \u00e0 partir de 500 sets avec impression. Made in Europe !<\/p>\n<p><em><strong>IF-1000 APPLAUDISSEURS GONFLABLES BIO<br \/>\n<\/strong><\/em>Ces nouveaux tap taps gonflables sont fabriqu\u00e9s en biopolym\u00e8re \u00e0 base de f\u00e9cule de pomme de terre.<br \/>\nBiod\u00e9gradable et compostable en jardin priv\u00e9 selon la norme europ\u00e9enne EN 13432 (max. 6 mois).<br \/>\nLivr\u00e9 avec paille pour gonfler en papier; emball\u00e9 par set de 2 pi\u00e8ces en sachet papier.<br \/>\nLivrable avec impression jusqu&#8217;\u00e0 3 couleurs sur les deux faces de chaque applaudisseur \u00e0 partir de 500 sets.<br \/>\nMarquage en quadri possible \u00e0 partir de 5.000 sets.<br \/>\nMade in Europe, d\u00e9lai 4-6 semaines selon quantit\u00e9s.<em><strong><br \/>\n<\/strong><\/em><\/p>\n<p>Disponible uniquement aupr\u00e8s de votre distributeur.<\/p>\n","protected":false},"excerpt":{"rendered":"<p><strong>Nouveau ! Tap taps biod\u00e9gradables ET compostables pour votre prochain \u00e9v\u00e9nement.<\/strong><br \/>\nLivrable \u00e0 partir de 500 sets avec impression. Made in Europe !<\/p>\n<p><em><strong>IF-1000 APPLAUDISSEURS GONFLABLES BIO<br \/>\n<\/strong><\/em>Ces nouveaux tap taps gonflables sont fabriqu\u00e9s en biopolym\u00e8re \u00e0 base de f\u00e9cule de pomme de terre.<br \/>\nBiod\u00e9gradable et compostable en jardin priv\u00e9 selon la norme europ\u00e9enne EN 13432 (max. 6 mois).<br \/>\nLivr\u00e9 avec paille pour gonfler en papier; emball\u00e9 par set de 2 pi\u00e8ces en sachet papier.<br \/>\nLivrable avec impression jusqu&#8217;\u00e0 3 couleurs sur les deux faces de chaque applaudisseur \u00e0 partir de 500 sets.<br \/>\nMarquage en quadri possible \u00e0 partir de 5.000 sets.<br \/>\nMade in Europe, d\u00e9lai 4-6 semaines selon quantit\u00e9s.<em><strong><br \/>\n<\/strong><\/em><\/p>\n<p>Disponible uniquement aupr\u00e8s de votre distributeur. [&#8230;]<\/p>\n<p><a class=\"btn btn-secondary understrap-read-more-link\" href=\"https:\/\/promz.be\/fr\/product\/applaudisseurs-gonflables-bio\/\">Lire la suite&#8230;<\/a><\/p>\n","protected":false},"featured_media":28435,"comment_status":"open","ping_status":"closed","template":"","meta":[],"product_cat":[952,1025,980,989,1007,957,1001,949,963],"product_tag":[],"_links":{"self":[{"href":"https:\/\/promz.be\/fr\/wp-json\/wp\/v2\/product\/28436"}],"collection":[{"href":"https:\/\/promz.be\/fr\/wp-json\/wp\/v2\/product"}],"about":[{"href":"https:\/\/promz.be\/fr\/wp-json\/wp\/v2\/types\/product"}],"replies":[{"embeddable":true,"href":"https:\/\/promz.be\/fr\/wp-json\/wp\/v2\/comments?post=28436"}],"wp:featuredmedia":[{"embeddable":true,"href":"https:\/\/promz.be\/fr\/wp-json\/wp\/v2\/media\/28435"}],"wp:attachment":[{"href":"https:\/\/promz.be\/fr\/wp-json\/wp\/v2\/media?parent=28436"}],"wp:term":[{"taxonomy":"product_cat","embeddable":true,"href":"https:\/\/promz.be\/fr\/wp-json\/wp\/v2\/product_cat?post=28436"},{"taxonomy":"product_tag","embeddable":true,"href":"https:\/\/promz.be\/fr\/wp-json\/wp\/v2\/product_tag?post=28436"}],"curies":[{"name":"wp","href":"https:\/\/api.w.org\/{rel}","templated":true}]}}