{"id":29083,"date":"2020-05-06T12:06:44","date_gmt":"2020-05-06T10:06:44","guid":{"rendered":"https:\/\/promz.be\/product\/powercube\/"},"modified":"2020-05-06T12:06:44","modified_gmt":"2020-05-06T10:06:44","slug":"powercube","status":"publish","type":"product","link":"https:\/\/promz.be\/fr\/product\/powercube\/","title":{"rendered":"PowerCube"},"content":{"rendered":"<p><strong>Travaillez plus facilement \u00e0 domicile avec le PowerCube Extended Duo-USB. Ayez toujours 3 prises de courant et 2 chargeurs USB \u00e0 port\u00e9e de main.<\/strong><\/p>\n","protected":false},"excerpt":{"rendered":"<p><strong>Travaillez plus facilement \u00e0 domicile avec le PowerCube Extended Duo-USB. Ayez toujours 3 prises de courant et 2 chargeurs USB \u00e0 port\u00e9e de main.<\/strong> [&#8230;]<\/p>\n<p><a class=\"btn btn-secondary understrap-read-more-link\" href=\"https:\/\/promz.be\/fr\/product\/powercube\/\">Lire la suite&#8230;<\/a><\/p>\n","protected":false},"featured_media":29076,"comment_status":"open","ping_status":"closed","template":"","meta":[],"product_cat":[974,1014,988,950,951,1006,957,954,956],"product_tag":[],"_links":{"self":[{"href":"https:\/\/promz.be\/fr\/wp-json\/wp\/v2\/product\/29083"}],"collection":[{"href":"https:\/\/promz.be\/fr\/wp-json\/wp\/v2\/product"}],"about":[{"href":"https:\/\/promz.be\/fr\/wp-json\/wp\/v2\/types\/product"}],"replies":[{"embeddable":true,"href":"https:\/\/promz.be\/fr\/wp-json\/wp\/v2\/comments?post=29083"}],"wp:featuredmedia":[{"embeddable":true,"href":"https:\/\/promz.be\/fr\/wp-json\/wp\/v2\/media\/29076"}],"wp:attachment":[{"href":"https:\/\/promz.be\/fr\/wp-json\/wp\/v2\/media?parent=29083"}],"wp:term":[{"taxonomy":"product_cat","embeddable":true,"href":"https:\/\/promz.be\/fr\/wp-json\/wp\/v2\/product_cat?post=29083"},{"taxonomy":"product_tag","embeddable":true,"href":"https:\/\/promz.be\/fr\/wp-json\/wp\/v2\/product_tag?post=29083"}],"curies":[{"name":"wp","href":"https:\/\/api.w.org\/{rel}","templated":true}]}}