{"id":29084,"date":"2020-05-06T11:39:21","date_gmt":"2020-05-06T09:39:21","guid":{"rendered":"https:\/\/promz.be\/product\/stanley-stella-changer\/"},"modified":"2020-05-06T11:39:21","modified_gmt":"2020-05-06T09:39:21","slug":"stanley-stella-changer","status":"publish","type":"product","link":"https:\/\/promz.be\/fr\/product\/stanley-stella-changer\/","title":{"rendered":"Stanley\/Stella Changer"},"content":{"rendered":"<p><strong>Le Stanley\/Stella Changer est un pull unisexe fait de 85% de coton biologique et de 15% de polyester recycl\u00e9.<\/strong><\/p>\n<p>Le Changer est l&#8217;un de nos best-sellers. Le mod\u00e8le est disponible dans de nombreuses couleurs \u00e0 la mode et est tr\u00e8s agr\u00e9able \u00e0 porter. Le textile est compos\u00e9 \u00e0 85 % de coton biologique et \u00e0 15 % de polyester recycl\u00e9 et a \u00e9t\u00e9 trait\u00e9 pour offrir douceur et durabilit\u00e9.<\/p>\n<p>En tant que premier acteur du Benelux dans le domaine de l&#8217;impression num\u00e9rique (DTG) sur les textiles, nous sommes convaincus que nous pouvons jouer un r\u00f4le important dans la production de vos v\u00eatements promotionnels ou professionnels.<\/p>\n<p>Au cours des quatre derni\u00e8res ann\u00e9es, nous avons beaucoup investi dans nos machines num\u00e9riques. Nous avons l&#8217;Aeoon et la machine d&#8217;impression num\u00e9rique Kornit. Chaque machine a ses propres avantages et, de plus, les deux machines fonctionnent de mani\u00e8re compl\u00e9mentaire.<br \/>\nEn tenant compte des souhaits sp\u00e9cifiques de notre client, en ce qui concerne l&#8217;impression et la finition, nous choisissons la machine qui peut fournir le meilleur r\u00e9sultat.<\/p>\n","protected":false},"excerpt":{"rendered":"<p><strong>Le Stanley\/Stella Changer est un pull unisexe fait de 85% de coton biologique et de 15% de polyester recycl\u00e9.<\/strong><\/p>\n<p>Le Changer est l&#8217;un de nos best-sellers. Le mod\u00e8le est disponible dans de nombreuses couleurs \u00e0 la mode et est tr\u00e8s agr\u00e9able \u00e0 porter. Le textile est compos\u00e9 \u00e0 85 % de coton biologique et \u00e0 15 % de polyester recycl\u00e9 et a \u00e9t\u00e9 trait\u00e9 pour offrir douceur et durabilit\u00e9.<\/p>\n<p>En tant que premier acteur du Benelux dans le domaine de l&#8217;impression num\u00e9rique (DTG) sur les textiles, nous sommes convaincus que nous pouvons jouer un r\u00f4le important dans la production de vos v\u00eatements promotionnels ou professionnels.<\/p>\n<p>Au cours des quatre derni\u00e8res ann\u00e9es, nous avons beaucoup investi dans nos machines num\u00e9riques. Nous avons l&#8217;Aeoon et la machine d&#8217;impression num\u00e9rique Kornit. Chaque machine a ses propres avantages et, de plus, les deux machines fonctionnent de mani\u00e8re compl\u00e9mentaire.<br \/>\nEn tenant compte des souhaits sp\u00e9cifiques de notre client, en ce qui concerne l&#8217;impression et la finition, nous choisissons la machine qui peut fournir le meilleur r\u00e9sultat. [&#8230;]<\/p>\n<p><a class=\"btn btn-secondary understrap-read-more-link\" href=\"https:\/\/promz.be\/fr\/product\/stanley-stella-changer\/\">Lire la suite&#8230;<\/a><\/p>\n","protected":false},"featured_media":29066,"comment_status":"open","ping_status":"closed","template":"","meta":[],"product_cat":[980,957,1001,1012,955,967],"product_tag":[],"_links":{"self":[{"href":"https:\/\/promz.be\/fr\/wp-json\/wp\/v2\/product\/29084"}],"collection":[{"href":"https:\/\/promz.be\/fr\/wp-json\/wp\/v2\/product"}],"about":[{"href":"https:\/\/promz.be\/fr\/wp-json\/wp\/v2\/types\/product"}],"replies":[{"embeddable":true,"href":"https:\/\/promz.be\/fr\/wp-json\/wp\/v2\/comments?post=29084"}],"wp:featuredmedia":[{"embeddable":true,"href":"https:\/\/promz.be\/fr\/wp-json\/wp\/v2\/media\/29066"}],"wp:attachment":[{"href":"https:\/\/promz.be\/fr\/wp-json\/wp\/v2\/media?parent=29084"}],"wp:term":[{"taxonomy":"product_cat","embeddable":true,"href":"https:\/\/promz.be\/fr\/wp-json\/wp\/v2\/product_cat?post=29084"},{"taxonomy":"product_tag","embeddable":true,"href":"https:\/\/promz.be\/fr\/wp-json\/wp\/v2\/product_tag?post=29084"}],"curies":[{"name":"wp","href":"https:\/\/api.w.org\/{rel}","templated":true}]}}