{"id":29133,"date":"2020-05-06T16:43:56","date_gmt":"2020-05-06T14:43:56","guid":{"rendered":"https:\/\/promz.be\/product\/masque-lavable-et-reutilisable\/"},"modified":"2020-05-06T16:43:56","modified_gmt":"2020-05-06T14:43:56","slug":"masque-lavable-et-reutilisable","status":"publish","type":"product","link":"https:\/\/promz.be\/fr\/product\/masque-lavable-et-reutilisable\/","title":{"rendered":"Masque lavable et r\u00e9utilisable"},"content":{"rendered":"<p><strong>Masque buccal r\u00e9utilisable avec logo, fabriqu\u00e9 en Europe, lavable \u00e0 90\u00b0, 100 % coton, deux couches.<\/strong><\/p>\n","protected":false},"excerpt":{"rendered":"<p><strong>Masque buccal r\u00e9utilisable avec logo, fabriqu\u00e9 en Europe, lavable \u00e0 90\u00b0, 100 % coton, deux couches.<\/strong> [&#8230;]<\/p>\n<p><a class=\"btn btn-secondary understrap-read-more-link\" href=\"https:\/\/promz.be\/fr\/product\/masque-lavable-et-reutilisable\/\">Lire la suite&#8230;<\/a><\/p>\n","protected":false},"featured_media":29115,"comment_status":"open","ping_status":"closed","template":"","meta":[],"product_cat":[1014,993,952,982,980,986,950,1035,951,948,957,1001,954,949,955],"product_tag":[],"_links":{"self":[{"href":"https:\/\/promz.be\/fr\/wp-json\/wp\/v2\/product\/29133"}],"collection":[{"href":"https:\/\/promz.be\/fr\/wp-json\/wp\/v2\/product"}],"about":[{"href":"https:\/\/promz.be\/fr\/wp-json\/wp\/v2\/types\/product"}],"replies":[{"embeddable":true,"href":"https:\/\/promz.be\/fr\/wp-json\/wp\/v2\/comments?post=29133"}],"wp:featuredmedia":[{"embeddable":true,"href":"https:\/\/promz.be\/fr\/wp-json\/wp\/v2\/media\/29115"}],"wp:attachment":[{"href":"https:\/\/promz.be\/fr\/wp-json\/wp\/v2\/media?parent=29133"}],"wp:term":[{"taxonomy":"product_cat","embeddable":true,"href":"https:\/\/promz.be\/fr\/wp-json\/wp\/v2\/product_cat?post=29133"},{"taxonomy":"product_tag","embeddable":true,"href":"https:\/\/promz.be\/fr\/wp-json\/wp\/v2\/product_tag?post=29133"}],"curies":[{"name":"wp","href":"https:\/\/api.w.org\/{rel}","templated":true}]}}