{"id":29140,"date":"2020-05-07T08:54:40","date_gmt":"2020-05-07T06:54:40","guid":{"rendered":"https:\/\/promz.be\/product\/power-placemat\/"},"modified":"2020-05-07T08:54:40","modified_gmt":"2020-05-07T06:54:40","slug":"power-placemat","status":"publish","type":"product","link":"https:\/\/promz.be\/fr\/product\/power-placemat\/","title":{"rendered":"Power Placemat"},"content":{"rendered":"<p><strong>Nous sommes MOYU Notebooks et nous avons d\u00e9velopp\u00e9 les carnets de notes les plus beaux, durables et fonctionnels possible.<\/strong><\/p>\n<p>C&#8217;est du moins ce que nous pensions. Jusqu&#8217;\u00e0 ce que nous r\u00e9alisions \u00e0 nouveau que nous avons une mission encore plus grande \u00e0 l&#8217;esprit: emp\u00eacher le d\u00e9frichement des for\u00eats, planter des arbres et cr\u00e9er de nouveaux \u00e9cosyst\u00e8mes. Voil\u00e0 qui nous sommes. C&#8217;est pourquoi nous vivons et pourquoi nous faisons ce que nous faisons. Nous, MOYU, voulons rendre le monde un peu plus beau.<\/p>\n<p>Pendant cette p\u00e9riode mouvement\u00e9e o\u00f9 le monde entier travaille \u00e0 la maison, nous voulons franchir une \u00e9tape suppl\u00e9mentaire. Nous voulons rendre le travail durable \u00e0 domicile accessible, productif mais surtout agr\u00e9able. C&#8217;est pourquoi nous avons con\u00e7u notre nouveau produit le sous-main MOYU Power Placemat. Avec cela, nous aidons chacun \u00e0 \u00eatre plus concentr\u00e9 parmi toutes les distractions de la maison, mais \u00e9galement \u00e0 \u00eatre plus d\u00e9tendu, car vous travaillez simplement l\u00e0 o\u00f9 vous vivez. La situation est simplement telle qu&#8217;elle est. Alors retirons-en le meilleur ensemble!<\/p>\n<p>Le Power Placemat vous permet d&#8217;organiser votre semaine avec le planificateur hebdomadaire, de lister les choses \u00e0 faire &amp; id\u00e9es et de vous d\u00e9tendre avec une partie de sudoku. Comme nos cahiers MOYU, le sous-main Power Placemat est \u00e9galement en papier de pierre et a les m\u00eames propri\u00e9t\u00e9s. En plus d&#8217;une grande exp\u00e9rience d&#8217;\u00e9criture, ce produit est r\u00e9sistant \u00e0 l&#8217;eau et aux d\u00e9chirures, vous pouvez donc facilement effacer vos notes avec un chiffon humide et nos produits peuvent \u00eatre utilis\u00e9s pendant des ann\u00e9es. Aucun arbre n&#8217;est coup\u00e9 pour la production, aucun produit chimique n&#8217;est utilis\u00e9 et aucune eau. M\u00eame la pierre provient de d\u00e9chets r\u00e9utilis\u00e9s.<\/p>\n<p><strong>Pouvons-nous vous aider?<\/strong><br \/>\nSans aucun doute! Nous pouvons faire livrer les cahiers et sous-mains \u00e0 la porte de vos coll\u00e8gues. Juste comme un remerciement ou comme une surprise &#8211; ce que vous voudrez. Pour un grand groupe de coll\u00e8gues, nous pouvons m\u00eame envisager ensemble des sets de table ou des cahiers personnalis\u00e9s!<\/p>\n","protected":false},"excerpt":{"rendered":"<p><strong>Nous sommes MOYU Notebooks et nous avons d\u00e9velopp\u00e9 les carnets de notes les plus beaux, durables et fonctionnels possible.<\/strong><\/p>\n<p>C&#8217;est du moins ce que nous pensions. Jusqu&#8217;\u00e0 ce que nous r\u00e9alisions \u00e0 nouveau que nous avons une mission encore plus grande \u00e0 l&#8217;esprit: emp\u00eacher le d\u00e9frichement des for\u00eats, planter des arbres et cr\u00e9er de nouveaux \u00e9cosyst\u00e8mes. Voil\u00e0 qui nous sommes. C&#8217;est pourquoi nous vivons et pourquoi nous faisons ce que nous faisons. Nous, MOYU, voulons rendre le monde un peu plus beau.<\/p>\n<p>Pendant cette p\u00e9riode mouvement\u00e9e o\u00f9 le monde entier travaille \u00e0 la maison, nous voulons franchir une \u00e9tape suppl\u00e9mentaire. Nous voulons rendre le travail durable \u00e0 domicile accessible, productif mais surtout agr\u00e9able. C&#8217;est pourquoi nous avons con\u00e7u notre nouveau produit le sous-main MOYU Power Placemat. Avec cela, nous aidons chacun \u00e0 \u00eatre plus concentr\u00e9 parmi toutes les distractions de la maison, mais \u00e9galement \u00e0 \u00eatre plus d\u00e9tendu, car vous travaillez simplement l\u00e0 o\u00f9 vous vivez. La situation est simplement telle qu&#8217;elle est. Alors retirons-en le meilleur ensemble!<\/p>\n<p>Le Power Placemat vous permet d&#8217;organiser votre semaine avec le planificateur hebdomadaire, de lister les choses \u00e0 faire &amp; id\u00e9es et de vous d\u00e9tendre avec une partie de sudoku. Comme nos cahiers MOYU, le sous-main Power Placemat est \u00e9galement en papier de pierre et a les m\u00eames propri\u00e9t\u00e9s. En plus d&#8217;une grande exp\u00e9rience d&#8217;\u00e9criture, ce produit est r\u00e9sistant \u00e0 l&#8217;eau et aux d\u00e9chirures, vous pouvez donc facilement effacer vos notes avec un chiffon humide et nos produits peuvent \u00eatre utilis\u00e9s pendant des ann\u00e9es. Aucun arbre n&#8217;est coup\u00e9 pour la production, aucun produit chimique n&#8217;est utilis\u00e9 et aucune eau. M\u00eame la pierre provient de d\u00e9chets r\u00e9utilis\u00e9s.<\/p>\n<p><strong>Pouvons-nous vous aider?<\/strong><br \/>\nSans aucun doute! Nous pouvons faire livrer les cahiers et sous-mains \u00e0 la porte de vos coll\u00e8gues. Juste comme un remerciement ou comme une surprise &#8211; ce que vous voudrez. Pour un grand groupe de coll\u00e8gues, nous pouvons m\u00eame envisager ensemble des sets de table ou des cahiers personnalis\u00e9s! [&#8230;]<\/p>\n<p><a class=\"btn btn-secondary understrap-read-more-link\" href=\"https:\/\/promz.be\/fr\/product\/power-placemat\/\">Lire la suite&#8230;<\/a><\/p>\n","protected":false},"featured_media":29135,"comment_status":"open","ping_status":"closed","template":"","meta":[],"product_cat":[974,959,980,988,950,951,948,1004,957,1001],"product_tag":[],"_links":{"self":[{"href":"https:\/\/promz.be\/fr\/wp-json\/wp\/v2\/product\/29140"}],"collection":[{"href":"https:\/\/promz.be\/fr\/wp-json\/wp\/v2\/product"}],"about":[{"href":"https:\/\/promz.be\/fr\/wp-json\/wp\/v2\/types\/product"}],"replies":[{"embeddable":true,"href":"https:\/\/promz.be\/fr\/wp-json\/wp\/v2\/comments?post=29140"}],"wp:featuredmedia":[{"embeddable":true,"href":"https:\/\/promz.be\/fr\/wp-json\/wp\/v2\/media\/29135"}],"wp:attachment":[{"href":"https:\/\/promz.be\/fr\/wp-json\/wp\/v2\/media?parent=29140"}],"wp:term":[{"taxonomy":"product_cat","embeddable":true,"href":"https:\/\/promz.be\/fr\/wp-json\/wp\/v2\/product_cat?post=29140"},{"taxonomy":"product_tag","embeddable":true,"href":"https:\/\/promz.be\/fr\/wp-json\/wp\/v2\/product_tag?post=29140"}],"curies":[{"name":"wp","href":"https:\/\/api.w.org\/{rel}","templated":true}]}}