{"id":29273,"date":"2020-05-12T14:46:53","date_gmt":"2020-05-12T12:48:47","guid":{"rendered":"https:\/\/promz.be\/?post_type=product&#038;p=29273"},"modified":"2020-05-12T14:48:47","modified_gmt":"2020-05-12T12:48:47","slug":"stanley-stella-creator","status":"publish","type":"product","link":"https:\/\/promz.be\/fr\/product\/stanley-stella-creator\/","title":{"rendered":"Stanley\/Stella Creator"},"content":{"rendered":"<p><strong>Le Stanley\/Stella Creator est un t-shirt unisexe qui convient pour des motifs complexes via l&#8217;impression digitale.<\/strong><\/p>\n<p>Le Creator est l&#8217;un de nos best-sellers. Le mod\u00e8le existe dans de nombreuses couleurs \u00e0 la mode et est tr\u00e8s agr\u00e9able \u00e0 porter. Le textile est compos\u00e9 \u00e0 100% de CATOENS ET DE CATOENS BIOLOGIQUES CHAMM\u00c9S et a \u00e9t\u00e9 trait\u00e9 pour offrir douceur et durabilit\u00e9.<\/p>\n<p>En tant que principal acteur du Benelux dans le domaine de l&#8217;impression digitale (DTG) sur les textiles, nous sommes convaincus que nous pouvons jouer un r\u00f4le important dans la production de vos v\u00eatements promotionnels ou professionnels.<\/p>\n<p>Ces quatre derni\u00e8res ann\u00e9es, nous avons beaucoup investi dans nos machines digitales. Nous avons l&#8217;Aeoon et la machine d&#8217;impression num\u00e9rique Kornit. Chaque machine a ses propres avantages et, de plus, les deux machines fonctionnent de mani\u00e8re compl\u00e9mentaire.<br \/>\nEn tenant compte des souhaits sp\u00e9cifiques de notre client, en ce qui concerne l&#8217;impression et la finition, nous choisissons la machine qui peut fournir le meilleur r\u00e9sultat.<\/p>\n","protected":false},"excerpt":{"rendered":"<p><strong>Le Stanley\/Stella Creator est un t-shirt unisexe qui convient pour des motifs complexes via l&#8217;impression digitale.<\/strong><\/p>\n<p>Le Creator est l&#8217;un de nos best-sellers. Le mod\u00e8le existe dans de nombreuses couleurs \u00e0 la mode et est tr\u00e8s agr\u00e9able \u00e0 porter. Le textile est compos\u00e9 \u00e0 100% de CATOENS ET DE CATOENS BIOLOGIQUES CHAMM\u00c9S et a \u00e9t\u00e9 trait\u00e9 pour offrir douceur et durabilit\u00e9.<\/p>\n<p>En tant que principal acteur du Benelux dans le domaine de l&#8217;impression digitale (DTG) sur les textiles, nous sommes convaincus que nous pouvons jouer un r\u00f4le important dans la production de vos v\u00eatements promotionnels ou professionnels.<\/p>\n<p>Ces quatre derni\u00e8res ann\u00e9es, nous avons beaucoup investi dans nos machines digitales. Nous avons l&#8217;Aeoon et la machine d&#8217;impression num\u00e9rique Kornit. Chaque machine a ses propres avantages et, de plus, les deux machines fonctionnent de mani\u00e8re compl\u00e9mentaire.<br \/>\nEn tenant compte des souhaits sp\u00e9cifiques de notre client, en ce qui concerne l&#8217;impression et la finition, nous choisissons la machine qui peut fournir le meilleur r\u00e9sultat. [&#8230;]<\/p>\n<p><a class=\"btn btn-secondary understrap-read-more-link\" href=\"https:\/\/promz.be\/fr\/product\/stanley-stella-creator\/\">Lire la suite&#8230;<\/a><\/p>\n","protected":false},"featured_media":29275,"comment_status":"open","ping_status":"closed","template":"","meta":[],"product_cat":[980,957,1001,1012,955,967],"product_tag":[],"_links":{"self":[{"href":"https:\/\/promz.be\/fr\/wp-json\/wp\/v2\/product\/29273"}],"collection":[{"href":"https:\/\/promz.be\/fr\/wp-json\/wp\/v2\/product"}],"about":[{"href":"https:\/\/promz.be\/fr\/wp-json\/wp\/v2\/types\/product"}],"replies":[{"embeddable":true,"href":"https:\/\/promz.be\/fr\/wp-json\/wp\/v2\/comments?post=29273"}],"wp:featuredmedia":[{"embeddable":true,"href":"https:\/\/promz.be\/fr\/wp-json\/wp\/v2\/media\/29275"}],"wp:attachment":[{"href":"https:\/\/promz.be\/fr\/wp-json\/wp\/v2\/media?parent=29273"}],"wp:term":[{"taxonomy":"product_cat","embeddable":true,"href":"https:\/\/promz.be\/fr\/wp-json\/wp\/v2\/product_cat?post=29273"},{"taxonomy":"product_tag","embeddable":true,"href":"https:\/\/promz.be\/fr\/wp-json\/wp\/v2\/product_tag?post=29273"}],"curies":[{"name":"wp","href":"https:\/\/api.w.org\/{rel}","templated":true}]}}