{"id":29281,"date":"2020-05-12T15:05:23","date_gmt":"2020-05-12T13:05:23","guid":{"rendered":"https:\/\/promz.be\/product\/lanterne-anti-moustiques\/"},"modified":"2020-05-12T15:05:23","modified_gmt":"2020-05-12T13:05:23","slug":"lanterne-anti-moustiques","status":"publish","type":"product","link":"https:\/\/promz.be\/fr\/product\/lanterne-anti-moustiques\/","title":{"rendered":"Lanterne anti-moustiques"},"content":{"rendered":"<p><strong>La lanterne qui utilise une lampe LED comme source de lumi\u00e8re et qui fonctionne comme un pi\u00e8ge \u00e0 moustiques et comme r\u00e9seau \u00e9lectrique.<\/strong><\/p>\n<p>La lanterne anti-moustiques est une lanterne de camping qui utilise une lampe LED haute puissance comme source de lumi\u00e8re et qui fonctionne comme un pi\u00e8ge \u00e0 moustiques ultra-violet et comme r\u00e9seau \u00e9lectrique. Il existe deux interrupteurs tactiles lumineux distincts pour contr\u00f4ler le mode d&#8217;\u00e9clairage et le mode de contr\u00f4le des moustiques, respectivement. La lanterne a une qualit\u00e9 imperm\u00e9able IPX4. Id\u00e9ale pour une utilisation en int\u00e9rieur et en ext\u00e9rieur pour \u00e9loigner les moustiques.<\/p>\n","protected":false},"excerpt":{"rendered":"<p><strong>La lanterne qui utilise une lampe LED comme source de lumi\u00e8re et qui fonctionne comme un pi\u00e8ge \u00e0 moustiques et comme r\u00e9seau \u00e9lectrique.<\/strong><\/p>\n<p>La lanterne anti-moustiques est une lanterne de camping qui utilise une lampe LED haute puissance comme source de lumi\u00e8re et qui fonctionne comme un pi\u00e8ge \u00e0 moustiques ultra-violet et comme r\u00e9seau \u00e9lectrique. Il existe deux interrupteurs tactiles lumineux distincts pour contr\u00f4ler le mode d&#8217;\u00e9clairage et le mode de contr\u00f4le des moustiques, respectivement. La lanterne a une qualit\u00e9 imperm\u00e9able IPX4. Id\u00e9ale pour une utilisation en int\u00e9rieur et en ext\u00e9rieur pour \u00e9loigner les moustiques. [&#8230;]<\/p>\n<p><a class=\"btn btn-secondary understrap-read-more-link\" href=\"https:\/\/promz.be\/fr\/product\/lanterne-anti-moustiques\/\">Lire la suite&#8230;<\/a><\/p>\n","protected":false},"featured_media":29278,"comment_status":"open","ping_status":"closed","template":"","meta":[],"product_cat":[1014,952,1029,1025,950,966,954],"product_tag":[],"_links":{"self":[{"href":"https:\/\/promz.be\/fr\/wp-json\/wp\/v2\/product\/29281"}],"collection":[{"href":"https:\/\/promz.be\/fr\/wp-json\/wp\/v2\/product"}],"about":[{"href":"https:\/\/promz.be\/fr\/wp-json\/wp\/v2\/types\/product"}],"replies":[{"embeddable":true,"href":"https:\/\/promz.be\/fr\/wp-json\/wp\/v2\/comments?post=29281"}],"wp:featuredmedia":[{"embeddable":true,"href":"https:\/\/promz.be\/fr\/wp-json\/wp\/v2\/media\/29278"}],"wp:attachment":[{"href":"https:\/\/promz.be\/fr\/wp-json\/wp\/v2\/media?parent=29281"}],"wp:term":[{"taxonomy":"product_cat","embeddable":true,"href":"https:\/\/promz.be\/fr\/wp-json\/wp\/v2\/product_cat?post=29281"},{"taxonomy":"product_tag","embeddable":true,"href":"https:\/\/promz.be\/fr\/wp-json\/wp\/v2\/product_tag?post=29281"}],"curies":[{"name":"wp","href":"https:\/\/api.w.org\/{rel}","templated":true}]}}