{"id":29287,"date":"2020-05-12T15:14:34","date_gmt":"2020-05-12T13:14:34","guid":{"rendered":"https:\/\/promz.be\/product\/craft-teamwear\/"},"modified":"2020-05-12T15:14:34","modified_gmt":"2020-05-12T13:14:34","slug":"craft-teamwear","status":"publish","type":"product","link":"https:\/\/promz.be\/fr\/product\/craft-teamwear\/","title":{"rendered":"CRAFT TEAMWEAR"},"content":{"rendered":"<p><strong>Craft Teamwear propose une collection de haute qualit\u00e9 pour chaque individu et toute l&#8217;\u00e9quipe dans de nombreux mod\u00e8les et couleurs diff\u00e9rents.<\/strong><\/p>\n<p>Craft d\u00e9veloppe et produit des v\u00eatements de sport fonctionnels pour les sportifs amateurs, amateurs et professionnels depuis 1977. Craft a commenc\u00e9 comme un pionnier des couches de base fonctionnelles et est toujours l&#8217;un des leaders du march\u00e9 sur ce march\u00e9 sp\u00e9cialis\u00e9 et exigeant. En plus des sous-couches, Craft propose une large gamme de v\u00eatements de sport techniques pour diverses disciplines. Les \u00e9quipes f\u00e9minines, masculines et juniors peuvent \u00eatre habill\u00e9es compl\u00e8tement uniforme; de l&#8217;entra\u00eenement et de la comp\u00e9tition \u00e0 la pr\u00e9sentation et au temps libre.<\/p>\n","protected":false},"excerpt":{"rendered":"<p><strong>Craft Teamwear propose une collection de haute qualit\u00e9 pour chaque individu et toute l&#8217;\u00e9quipe dans de nombreux mod\u00e8les et couleurs diff\u00e9rents.<\/strong><\/p>\n<p>Craft d\u00e9veloppe et produit des v\u00eatements de sport fonctionnels pour les sportifs amateurs, amateurs et professionnels depuis 1977. Craft a commenc\u00e9 comme un pionnier des couches de base fonctionnelles et est toujours l&#8217;un des leaders du march\u00e9 sur ce march\u00e9 sp\u00e9cialis\u00e9 et exigeant. En plus des sous-couches, Craft propose une large gamme de v\u00eatements de sport techniques pour diverses disciplines. Les \u00e9quipes f\u00e9minines, masculines et juniors peuvent \u00eatre habill\u00e9es compl\u00e8tement uniforme; de l&#8217;entra\u00eenement et de la comp\u00e9tition \u00e0 la pr\u00e9sentation et au temps libre. [&#8230;]<\/p>\n<p><a class=\"btn btn-secondary understrap-read-more-link\" href=\"https:\/\/promz.be\/fr\/product\/craft-teamwear\/\">Lire la suite&#8230;<\/a><\/p>\n","protected":false},"featured_media":29284,"comment_status":"open","ping_status":"closed","template":"","meta":[],"product_cat":[952,986,957,1001,1012,955,967],"product_tag":[],"_links":{"self":[{"href":"https:\/\/promz.be\/fr\/wp-json\/wp\/v2\/product\/29287"}],"collection":[{"href":"https:\/\/promz.be\/fr\/wp-json\/wp\/v2\/product"}],"about":[{"href":"https:\/\/promz.be\/fr\/wp-json\/wp\/v2\/types\/product"}],"replies":[{"embeddable":true,"href":"https:\/\/promz.be\/fr\/wp-json\/wp\/v2\/comments?post=29287"}],"wp:featuredmedia":[{"embeddable":true,"href":"https:\/\/promz.be\/fr\/wp-json\/wp\/v2\/media\/29284"}],"wp:attachment":[{"href":"https:\/\/promz.be\/fr\/wp-json\/wp\/v2\/media?parent=29287"}],"wp:term":[{"taxonomy":"product_cat","embeddable":true,"href":"https:\/\/promz.be\/fr\/wp-json\/wp\/v2\/product_cat?post=29287"},{"taxonomy":"product_tag","embeddable":true,"href":"https:\/\/promz.be\/fr\/wp-json\/wp\/v2\/product_tag?post=29287"}],"curies":[{"name":"wp","href":"https:\/\/api.w.org\/{rel}","templated":true}]}}