{"id":29295,"date":"2020-05-12T15:32:00","date_gmt":"2020-05-12T13:32:00","guid":{"rendered":"https:\/\/promz.be\/product\/bol-de-feu-elegant\/"},"modified":"2020-05-12T15:32:00","modified_gmt":"2020-05-12T13:32:00","slug":"bol-de-feu-elegant","status":"publish","type":"product","link":"https:\/\/promz.be\/fr\/product\/bol-de-feu-elegant\/","title":{"rendered":"Bol de feu \u00e9l\u00e9gant"},"content":{"rendered":"<p><strong>Un article d&#8217;\u00e9t\u00e9 \u00e9l\u00e9gant pour vos employ\u00e9s et vos clients ! <\/strong><\/p>\n<p><strong>Disponible \u00e0 Maximum Image.<\/strong><\/p>\n","protected":false},"excerpt":{"rendered":"<p><strong>Un article d&#8217;\u00e9t\u00e9 \u00e9l\u00e9gant pour vos employ\u00e9s et vos clients ! <\/strong><\/p>\n<p><strong>Disponible \u00e0 Maximum Image.<\/strong> [&#8230;]<\/p>\n<p><a class=\"btn btn-secondary understrap-read-more-link\" href=\"https:\/\/promz.be\/fr\/product\/bol-de-feu-elegant\/\">Lire la suite&#8230;<\/a><\/p>\n","protected":false},"featured_media":29290,"comment_status":"open","ping_status":"closed","template":"","meta":[],"product_cat":[952,1037,1029,1025,986,950,966,957],"product_tag":[],"_links":{"self":[{"href":"https:\/\/promz.be\/fr\/wp-json\/wp\/v2\/product\/29295"}],"collection":[{"href":"https:\/\/promz.be\/fr\/wp-json\/wp\/v2\/product"}],"about":[{"href":"https:\/\/promz.be\/fr\/wp-json\/wp\/v2\/types\/product"}],"replies":[{"embeddable":true,"href":"https:\/\/promz.be\/fr\/wp-json\/wp\/v2\/comments?post=29295"}],"wp:featuredmedia":[{"embeddable":true,"href":"https:\/\/promz.be\/fr\/wp-json\/wp\/v2\/media\/29290"}],"wp:attachment":[{"href":"https:\/\/promz.be\/fr\/wp-json\/wp\/v2\/media?parent=29295"}],"wp:term":[{"taxonomy":"product_cat","embeddable":true,"href":"https:\/\/promz.be\/fr\/wp-json\/wp\/v2\/product_cat?post=29295"},{"taxonomy":"product_tag","embeddable":true,"href":"https:\/\/promz.be\/fr\/wp-json\/wp\/v2\/product_tag?post=29295"}],"curies":[{"name":"wp","href":"https:\/\/api.w.org\/{rel}","templated":true}]}}