{"id":29420,"date":"2020-05-20T10:34:39","date_gmt":"2020-05-20T08:34:39","guid":{"rendered":"https:\/\/promz.be\/product\/cottover\/"},"modified":"2020-05-20T10:34:39","modified_gmt":"2020-05-20T08:34:39","slug":"cottover","status":"publish","type":"product","link":"https:\/\/promz.be\/fr\/product\/cottover\/","title":{"rendered":"COTTOVER"},"content":{"rendered":"<p><strong>V\u00eatements COTTOVER de haute qualit\u00e9 en 100% coton biologique &#8216;fairtrade&#8221; pour femmes, hommes et enfants dans des diff\u00e9rentes couleurs.<\/strong><\/p>\n<p>Cottover offre une large gamme de v\u00eatements durables de la plus haute qualit\u00e9.<br \/>\nLa gamme a des couleurs magnifiques avec une coupe moderne qui se porte tr\u00e8s confortable.<br \/>\nLa marque est la plus durable avec ces 4 certificats: Fairtrade, GOTS, Oeko-Tex &amp; Nordic Swan Ecolabel.<\/p>\n","protected":false},"excerpt":{"rendered":"<p><strong>V\u00eatements COTTOVER de haute qualit\u00e9 en 100% coton biologique &#8216;fairtrade&#8221; pour femmes, hommes et enfants dans des diff\u00e9rentes couleurs.<\/strong><\/p>\n<p>Cottover offre une large gamme de v\u00eatements durables de la plus haute qualit\u00e9.<br \/>\nLa gamme a des couleurs magnifiques avec une coupe moderne qui se porte tr\u00e8s confortable.<br \/>\nLa marque est la plus durable avec ces 4 certificats: Fairtrade, GOTS, Oeko-Tex &amp; Nordic Swan Ecolabel. [&#8230;]<\/p>\n<p><a class=\"btn btn-secondary understrap-read-more-link\" href=\"https:\/\/promz.be\/fr\/product\/cottover\/\">Lire la suite&#8230;<\/a><\/p>\n","protected":false},"featured_media":29417,"comment_status":"open","ping_status":"closed","template":"","meta":[],"product_cat":[993,980,976,1019,957,1012,955,1024,967],"product_tag":[],"_links":{"self":[{"href":"https:\/\/promz.be\/fr\/wp-json\/wp\/v2\/product\/29420"}],"collection":[{"href":"https:\/\/promz.be\/fr\/wp-json\/wp\/v2\/product"}],"about":[{"href":"https:\/\/promz.be\/fr\/wp-json\/wp\/v2\/types\/product"}],"replies":[{"embeddable":true,"href":"https:\/\/promz.be\/fr\/wp-json\/wp\/v2\/comments?post=29420"}],"wp:featuredmedia":[{"embeddable":true,"href":"https:\/\/promz.be\/fr\/wp-json\/wp\/v2\/media\/29417"}],"wp:attachment":[{"href":"https:\/\/promz.be\/fr\/wp-json\/wp\/v2\/media?parent=29420"}],"wp:term":[{"taxonomy":"product_cat","embeddable":true,"href":"https:\/\/promz.be\/fr\/wp-json\/wp\/v2\/product_cat?post=29420"},{"taxonomy":"product_tag","embeddable":true,"href":"https:\/\/promz.be\/fr\/wp-json\/wp\/v2\/product_tag?post=29420"}],"curies":[{"name":"wp","href":"https:\/\/api.w.org\/{rel}","templated":true}]}}