{"id":29427,"date":"2020-05-20T10:47:02","date_gmt":"2020-05-20T08:47:53","guid":{"rendered":"https:\/\/promz.be\/?post_type=product&#038;p=29427"},"modified":"2020-05-20T10:47:53","modified_gmt":"2020-05-20T08:47:53","slug":"stylos-bio","status":"publish","type":"product","link":"https:\/\/promz.be\/fr\/product\/stylos-bio\/","title":{"rendered":"Stylos Bio"},"content":{"rendered":"<p>Le plastique biosourc\u00e9 aide \u00e0 r\u00e9duire les \u00e9missions de CO\u00b2.<br \/>\nVous pouvez utiliser ces stylos \u00e0 bille Bio pour des campagnes durables et ainsi mettre en valeur votre image positive.<\/p>\n","protected":false},"excerpt":{"rendered":"<p>Le plastique biosourc\u00e9 aide \u00e0 r\u00e9duire les \u00e9missions de CO\u00b2.<br \/>\nVous pouvez utiliser ces stylos \u00e0 bille Bio pour des campagnes durables et ainsi mettre en valeur votre image positive. [&#8230;]<\/p>\n<p><a class=\"btn btn-secondary understrap-read-more-link\" href=\"https:\/\/promz.be\/fr\/product\/stylos-bio\/\">Lire la suite&#8230;<\/a><\/p>\n","protected":false},"featured_media":29426,"comment_status":"open","ping_status":"closed","template":"","meta":[],"product_cat":[8745],"product_tag":[],"_links":{"self":[{"href":"https:\/\/promz.be\/fr\/wp-json\/wp\/v2\/product\/29427"}],"collection":[{"href":"https:\/\/promz.be\/fr\/wp-json\/wp\/v2\/product"}],"about":[{"href":"https:\/\/promz.be\/fr\/wp-json\/wp\/v2\/types\/product"}],"replies":[{"embeddable":true,"href":"https:\/\/promz.be\/fr\/wp-json\/wp\/v2\/comments?post=29427"}],"wp:featuredmedia":[{"embeddable":true,"href":"https:\/\/promz.be\/fr\/wp-json\/wp\/v2\/media\/29426"}],"wp:attachment":[{"href":"https:\/\/promz.be\/fr\/wp-json\/wp\/v2\/media?parent=29427"}],"wp:term":[{"taxonomy":"product_cat","embeddable":true,"href":"https:\/\/promz.be\/fr\/wp-json\/wp\/v2\/product_cat?post=29427"},{"taxonomy":"product_tag","embeddable":true,"href":"https:\/\/promz.be\/fr\/wp-json\/wp\/v2\/product_tag?post=29427"}],"curies":[{"name":"wp","href":"https:\/\/api.w.org\/{rel}","templated":true}]}}