{"id":29437,"date":"2020-05-20T11:00:05","date_gmt":"2020-05-20T09:00:05","guid":{"rendered":"https:\/\/promz.be\/product\/broches-en-bois-bois-pef-fsc-certifie\/"},"modified":"2020-05-20T11:00:05","modified_gmt":"2020-05-20T09:00:05","slug":"broches-en-bois-bois-pef-fsc-certifie","status":"publish","type":"product","link":"https:\/\/promz.be\/fr\/product\/broches-en-bois-bois-pef-fsc-certifie\/","title":{"rendered":"Broches en bois &#8211; bois PEF \/ FSC certifi\u00e9"},"content":{"rendered":"<p><strong>Broches, badges,&#8230; en bois selon votre logo ou design.<\/strong><br \/>\n<strong>Ecobos est certifi\u00e9 PEFC &amp; FSC et travaille avec bois d&#8217;une gestion foresti\u00e8re durable.<\/strong><\/p>\n<p>Tous nos produits sont fabriqu\u00e9s dans le respect des personnes et de l&#8217;environnement.<br \/>\nDe la production locale en Belgique et en Europe, souvent en collaboration avec des entreprises qui emploient des personnes handicap\u00e9es (ateliers prot\u00e9g\u00e9s). Nous vendons des articles durables par conviction et passion depuis 1996.<br \/>\nComme \u00e7a, Ecobos est, entre autres, certifi\u00e9 FSC et membre du FSC Belgique. Ecobos est \u00e9galement certifi\u00e9 PEFC, membre de The Shift (r\u00e9seau belge pour la durabilit\u00e9) et participe au r\u00e9seau d&#8217; Achat Circulaire du Green Deal. Les ic\u00f4nes de notre logo refl\u00e8tent et soulignent la durabilit\u00e9 de notre entreprise: \u00e9cologique et recycl\u00e9e. \u00c9conomique et social. Ecobos montre que durable et \u00e9cologique peuvent aller de pair avec beau, amusant et original.<\/p>\n","protected":false},"excerpt":{"rendered":"<p><strong>Broches, badges,&#8230; en bois selon votre logo ou design.<\/strong><br \/>\n<strong>Ecobos est certifi\u00e9 PEFC &amp; FSC et travaille avec bois d&#8217;une gestion foresti\u00e8re durable.<\/strong><\/p>\n<p>Tous nos produits sont fabriqu\u00e9s dans le respect des personnes et de l&#8217;environnement.<br \/>\nDe la production locale en Belgique et en Europe, souvent en collaboration avec des entreprises qui emploient des personnes handicap\u00e9es (ateliers prot\u00e9g\u00e9s). Nous vendons des articles durables par conviction et passion depuis 1996.<br \/>\nComme \u00e7a, Ecobos est, entre autres, certifi\u00e9 FSC et membre du FSC Belgique. Ecobos est \u00e9galement certifi\u00e9 PEFC, membre de The Shift (r\u00e9seau belge pour la durabilit\u00e9) et participe au r\u00e9seau d&#8217; Achat Circulaire du Green Deal. Les ic\u00f4nes de notre logo refl\u00e8tent et soulignent la durabilit\u00e9 de notre entreprise: \u00e9cologique et recycl\u00e9e. \u00c9conomique et social. Ecobos montre que durable et \u00e9cologique peuvent aller de pair avec beau, amusant et original. [&#8230;]<\/p>\n<p><a class=\"btn btn-secondary understrap-read-more-link\" href=\"https:\/\/promz.be\/fr\/product\/broches-en-bois-bois-pef-fsc-certifie\/\">Lire la suite&#8230;<\/a><\/p>\n","protected":false},"featured_media":29430,"comment_status":"open","ping_status":"closed","template":"","meta":[],"product_cat":[993,980,1003,957,1001,1002,955],"product_tag":[],"_links":{"self":[{"href":"https:\/\/promz.be\/fr\/wp-json\/wp\/v2\/product\/29437"}],"collection":[{"href":"https:\/\/promz.be\/fr\/wp-json\/wp\/v2\/product"}],"about":[{"href":"https:\/\/promz.be\/fr\/wp-json\/wp\/v2\/types\/product"}],"replies":[{"embeddable":true,"href":"https:\/\/promz.be\/fr\/wp-json\/wp\/v2\/comments?post=29437"}],"wp:featuredmedia":[{"embeddable":true,"href":"https:\/\/promz.be\/fr\/wp-json\/wp\/v2\/media\/29430"}],"wp:attachment":[{"href":"https:\/\/promz.be\/fr\/wp-json\/wp\/v2\/media?parent=29437"}],"wp:term":[{"taxonomy":"product_cat","embeddable":true,"href":"https:\/\/promz.be\/fr\/wp-json\/wp\/v2\/product_cat?post=29437"},{"taxonomy":"product_tag","embeddable":true,"href":"https:\/\/promz.be\/fr\/wp-json\/wp\/v2\/product_tag?post=29437"}],"curies":[{"name":"wp","href":"https:\/\/api.w.org\/{rel}","templated":true}]}}