{"id":29503,"date":"2020-05-20T12:02:21","date_gmt":"2020-05-20T10:02:21","guid":{"rendered":"https:\/\/promz.be\/product\/masques-reutilisables\/"},"modified":"2020-05-20T12:02:21","modified_gmt":"2020-05-20T10:02:21","slug":"masques-reutilisables","status":"publish","type":"product","link":"https:\/\/promz.be\/fr\/product\/masques-reutilisables\/","title":{"rendered":"Masques R\u00e9utilisables"},"content":{"rendered":"<p><strong>Prot\u00e9gez-vous, ainsi que vos employ\u00e9s.<\/strong><\/p>\n<p>Ceci est possible gr\u00e2ce \u00e0 nos masques r\u00e9utilisables, lavable \u00e0 60\u00b0C.<br \/>\nCertains masques peuvent \u00e9galement \u00eatre imprim\u00e9s avec votre logo ou autre message personnalis\u00e9.<\/p>\n","protected":false},"excerpt":{"rendered":"<p><strong>Prot\u00e9gez-vous, ainsi que vos employ\u00e9s.<\/strong><\/p>\n<p>Ceci est possible gr\u00e2ce \u00e0 nos masques r\u00e9utilisables, lavable \u00e0 60\u00b0C.<br \/>\nCertains masques peuvent \u00e9galement \u00eatre imprim\u00e9s avec votre logo ou autre message personnalis\u00e9. [&#8230;]<\/p>\n<p><a class=\"btn btn-secondary understrap-read-more-link\" href=\"https:\/\/promz.be\/fr\/product\/masques-reutilisables\/\">Lire la suite&#8230;<\/a><\/p>\n","protected":false},"featured_media":29502,"comment_status":"open","ping_status":"closed","template":"","meta":[],"product_cat":[1014,952,982,980,950,1035,951,957,954,949],"product_tag":[],"_links":{"self":[{"href":"https:\/\/promz.be\/fr\/wp-json\/wp\/v2\/product\/29503"}],"collection":[{"href":"https:\/\/promz.be\/fr\/wp-json\/wp\/v2\/product"}],"about":[{"href":"https:\/\/promz.be\/fr\/wp-json\/wp\/v2\/types\/product"}],"replies":[{"embeddable":true,"href":"https:\/\/promz.be\/fr\/wp-json\/wp\/v2\/comments?post=29503"}],"wp:featuredmedia":[{"embeddable":true,"href":"https:\/\/promz.be\/fr\/wp-json\/wp\/v2\/media\/29502"}],"wp:attachment":[{"href":"https:\/\/promz.be\/fr\/wp-json\/wp\/v2\/media?parent=29503"}],"wp:term":[{"taxonomy":"product_cat","embeddable":true,"href":"https:\/\/promz.be\/fr\/wp-json\/wp\/v2\/product_cat?post=29503"},{"taxonomy":"product_tag","embeddable":true,"href":"https:\/\/promz.be\/fr\/wp-json\/wp\/v2\/product_tag?post=29503"}],"curies":[{"name":"wp","href":"https:\/\/api.w.org\/{rel}","templated":true}]}}