{"id":29515,"date":"2020-05-20T12:20:44","date_gmt":"2020-05-20T10:20:44","guid":{"rendered":"https:\/\/promz.be\/product\/masques-buccaux-personnalises\/"},"modified":"2020-05-20T12:20:44","modified_gmt":"2020-05-20T10:20:44","slug":"masques-buccaux-personnalises","status":"publish","type":"product","link":"https:\/\/promz.be\/fr\/product\/masques-buccaux-personnalises\/","title":{"rendered":"Masques buccaux personnalis\u00e9s"},"content":{"rendered":"<p><strong>Masques de pr\u00e9vention et protection faciale.<\/strong><\/p>\n<p>Offre une protection anti-goutte. Ils offrent une bonne filtration de l\u2019air, obtenant de cette mani\u00e8re une respiration libre de toute impuret\u00e9.<br \/>\n100 % personnalisable. Microfiber 220 gr\/m\u00b2. Fabriqu\u00e9 en UE.<br \/>\nLa fonction de ces masques est d\u2019\u00e9viter la propagation de l\u2019air expir\u00e9 lors d\u2019un \u00e9ternuement, toux ou respiration. Ne cause pas d\u2019irritation ni de g\u00eane pour respirer. Le masque dispose de 2 \u00e9lastiques blancs, qui se fixent derri\u00e8re les oreilles. Lavable \u00e0 la main ou en machine, m\u00eame en cycle d\u00e9licat \u00e0 temp\u00e9rature maximum 60\u00b7C.<\/p>\n","protected":false},"excerpt":{"rendered":"<p><strong>Masques de pr\u00e9vention et protection faciale.<\/strong><\/p>\n<p>Offre une protection anti-goutte. Ils offrent une bonne filtration de l\u2019air, obtenant de cette mani\u00e8re une respiration libre de toute impuret\u00e9.<br \/>\n100 % personnalisable. Microfiber 220 gr\/m\u00b2. Fabriqu\u00e9 en UE.<br \/>\nLa fonction de ces masques est d\u2019\u00e9viter la propagation de l\u2019air expir\u00e9 lors d\u2019un \u00e9ternuement, toux ou respiration. Ne cause pas d\u2019irritation ni de g\u00eane pour respirer. Le masque dispose de 2 \u00e9lastiques blancs, qui se fixent derri\u00e8re les oreilles. Lavable \u00e0 la main ou en machine, m\u00eame en cycle d\u00e9licat \u00e0 temp\u00e9rature maximum 60\u00b7C. [&#8230;]<\/p>\n<p><a class=\"btn btn-secondary understrap-read-more-link\" href=\"https:\/\/promz.be\/fr\/product\/masques-buccaux-personnalises\/\">Lire la suite&#8230;<\/a><\/p>\n","protected":false},"featured_media":29506,"comment_status":"open","ping_status":"closed","template":"","meta":[],"product_cat":[1014,952,982,980,986,950,1035,951,957,1001,954,949,955],"product_tag":[],"_links":{"self":[{"href":"https:\/\/promz.be\/fr\/wp-json\/wp\/v2\/product\/29515"}],"collection":[{"href":"https:\/\/promz.be\/fr\/wp-json\/wp\/v2\/product"}],"about":[{"href":"https:\/\/promz.be\/fr\/wp-json\/wp\/v2\/types\/product"}],"replies":[{"embeddable":true,"href":"https:\/\/promz.be\/fr\/wp-json\/wp\/v2\/comments?post=29515"}],"wp:featuredmedia":[{"embeddable":true,"href":"https:\/\/promz.be\/fr\/wp-json\/wp\/v2\/media\/29506"}],"wp:attachment":[{"href":"https:\/\/promz.be\/fr\/wp-json\/wp\/v2\/media?parent=29515"}],"wp:term":[{"taxonomy":"product_cat","embeddable":true,"href":"https:\/\/promz.be\/fr\/wp-json\/wp\/v2\/product_cat?post=29515"},{"taxonomy":"product_tag","embeddable":true,"href":"https:\/\/promz.be\/fr\/wp-json\/wp\/v2\/product_tag?post=29515"}],"curies":[{"name":"wp","href":"https:\/\/api.w.org\/{rel}","templated":true}]}}