{"id":29519,"date":"2020-05-20T12:26:45","date_gmt":"2020-05-20T10:26:45","guid":{"rendered":"https:\/\/promz.be\/product\/bouteille-a-eau-ellipse-500-ml\/"},"modified":"2020-05-20T12:26:45","modified_gmt":"2020-05-20T10:26:45","slug":"bouteille-a-eau-ellipse-500-ml","status":"publish","type":"product","link":"https:\/\/promz.be\/fr\/product\/bouteille-a-eau-ellipse-500-ml\/","title":{"rendered":"Bouteille \u00e0 eau Ellipse 500 ml"},"content":{"rendered":"<p><strong>La bouteille Ellipse pour l&#8217;eau ou les boissons gazeuses. La bouteille peut \u00eatre mise au lave-vaisselle. Super pratique au travail ou sur la route.<\/strong><\/p>\n<p>Si vous utilisez la bouteille \u00e0 eau durable Ellipse de Mepal, vous r\u00e9duisez la quantit\u00e9 de bouteilles jetables. Vous remplissez simplement cette \u00e9l\u00e9gante bouteille \u00e0 eau de 500 ml avec de l&#8217;eau du robinet, \u00e9galement adapt\u00e9e aux boissons gazeuses, et vous pouvez l&#8217;utiliser au lave-vaisselle apr\u00e8s utilisation. La bouteille est produite et assembl\u00e9e aux Pays-Bas afin d&#8217;\u00e9viter autant que possible tout transport inutile.<br \/>\nLa bouteille \u00e0 eau Ellipse est disponible dans des couleurs modernes et fra\u00eeches et peut \u00eatre imprim\u00e9e avec un logo. \u00c7a a l&#8217;air sympa. Et est \u00e9galement souvent vu. Apr\u00e8s tout, cette bouteille est utilis\u00e9e quotidiennement et est souvent en d\u00e9placement!<\/p>\n","protected":false},"excerpt":{"rendered":"<p><strong>La bouteille Ellipse pour l&#8217;eau ou les boissons gazeuses. La bouteille peut \u00eatre mise au lave-vaisselle. Super pratique au travail ou sur la route.<\/strong><\/p>\n<p>Si vous utilisez la bouteille \u00e0 eau durable Ellipse de Mepal, vous r\u00e9duisez la quantit\u00e9 de bouteilles jetables. Vous remplissez simplement cette \u00e9l\u00e9gante bouteille \u00e0 eau de 500 ml avec de l&#8217;eau du robinet, \u00e9galement adapt\u00e9e aux boissons gazeuses, et vous pouvez l&#8217;utiliser au lave-vaisselle apr\u00e8s utilisation. La bouteille est produite et assembl\u00e9e aux Pays-Bas afin d&#8217;\u00e9viter autant que possible tout transport inutile.<br \/>\nLa bouteille \u00e0 eau Ellipse est disponible dans des couleurs modernes et fra\u00eeches et peut \u00eatre imprim\u00e9e avec un logo. \u00c7a a l&#8217;air sympa. Et est \u00e9galement souvent vu. Apr\u00e8s tout, cette bouteille est utilis\u00e9e quotidiennement et est souvent en d\u00e9placement! [&#8230;]<\/p>\n<p><a class=\"btn btn-secondary understrap-read-more-link\" href=\"https:\/\/promz.be\/fr\/product\/bouteille-a-eau-ellipse-500-ml\/\">Lire la suite&#8230;<\/a><\/p>\n","protected":false},"featured_media":29518,"comment_status":"open","ping_status":"closed","template":"","meta":[],"product_cat":[1014,952,947,1025,980,966,969,957,954,983],"product_tag":[],"_links":{"self":[{"href":"https:\/\/promz.be\/fr\/wp-json\/wp\/v2\/product\/29519"}],"collection":[{"href":"https:\/\/promz.be\/fr\/wp-json\/wp\/v2\/product"}],"about":[{"href":"https:\/\/promz.be\/fr\/wp-json\/wp\/v2\/types\/product"}],"replies":[{"embeddable":true,"href":"https:\/\/promz.be\/fr\/wp-json\/wp\/v2\/comments?post=29519"}],"wp:featuredmedia":[{"embeddable":true,"href":"https:\/\/promz.be\/fr\/wp-json\/wp\/v2\/media\/29518"}],"wp:attachment":[{"href":"https:\/\/promz.be\/fr\/wp-json\/wp\/v2\/media?parent=29519"}],"wp:term":[{"taxonomy":"product_cat","embeddable":true,"href":"https:\/\/promz.be\/fr\/wp-json\/wp\/v2\/product_cat?post=29519"},{"taxonomy":"product_tag","embeddable":true,"href":"https:\/\/promz.be\/fr\/wp-json\/wp\/v2\/product_tag?post=29519"}],"curies":[{"name":"wp","href":"https:\/\/api.w.org\/{rel}","templated":true}]}}