{"id":29528,"date":"2020-05-20T13:32:35","date_gmt":"2020-05-20T11:32:35","guid":{"rendered":"https:\/\/promz.be\/product\/cadeaux-pour-boites-aux-lettres\/"},"modified":"2020-05-20T13:32:35","modified_gmt":"2020-05-20T11:32:35","slug":"cadeaux-pour-boites-aux-lettres","status":"publish","type":"product","link":"https:\/\/promz.be\/fr\/product\/cadeaux-pour-boites-aux-lettres\/","title":{"rendered":"Cadeaux pour bo\u00eetes aux lettres"},"content":{"rendered":"<p><strong>Envoyez un beau cadeau par la poste, comme une carte postale sur papier de croissance ou une Tony Chocolonely, nous serons heureux de vous aider.<\/strong><\/p>\n<h2>Restez en contact en envoyant des cadeaux dans les bo\u00eetes aux lettres :<\/h2>\n<p>Nous vivons des temps bizarres, on dirait que le monde s&#8217;arr\u00eate et pourtant nous sommes tous occup\u00e9s au travail, comme il est beau d&#8217;envoyer un cadeau de bo\u00eete aux lettres \u00e0 ses employ\u00e9s ou \u00e0 ses clients. Chez nous, vous pouvez acheter diff\u00e9rents cadeaux de bo\u00eetes aux lettres de toutes formes et de toutes tailles. Par exemple, nous avons de nombreux cadeaux diff\u00e9rents dans nos bo\u00eetes aux lettres, comme de magnifiques plantes a\u00e9riennes, des bonbons ou des graines de tournesol. Vous pouvez commander les cadeaux de la bo\u00eete aux lettres via notre site web. Nous pouvons \u00e9galement faire en sorte que les cadeaux de la bo\u00eete aux lettres soient envoy\u00e9s \u00e0 vos clients.<\/p>\n<h2>Qu&#8217;est-ce qu&#8217;un cadeau de bo\u00eete aux lettres :<\/h2>\n<p>Un cadeau de bo\u00eete aux lettres est un cadeau qui passe par la bo\u00eete aux lettres. Pour la s\u00e9lection des cadeaux, nous avons pris en compte les directives que nous utilisons pour nos fournisseurs de cadeaux de bo\u00eetes aux lettres. Des exemples de cadeaux sont tony Chocolonely, des objets en forme de bouteille ou des bulbes de tulipe. Le plus important est qu&#8217;il passe dans la bo\u00eete aux lettres. Vous pouvez vous attendre \u00e0 diff\u00e9rents produits de notre part dans la cat\u00e9gorie des cadeaux pour bo\u00eetes aux lettres.<\/p>\n<h2>Commandez un cadeau de bo\u00eete aux lettres chez nous :<\/h2>\n<p>Vous pouvez facilement et rapidement commander un cadeau via le site web. Vous pouvez nous demander un devis \u00e0 l&#8217;avance et vous pouvez payer ensuite sur la base d&#8217;une facture. Vous pouvez commander en cadeau \u00e0 partir d&#8217;une bo\u00eete aux lettres. Chaque cadeau est soigneusement emball\u00e9 et contr\u00f4l\u00e9. De cette fa\u00e7on, nous \u00e9vitons les erreurs. La livraison \u00e0 vos clients ou \u00e0 vos employ\u00e9s est \u00e9galement effectu\u00e9e avec beaucoup de soin. Un fichier excel est suffisant pour nous permettre d&#8217;envoyer les cadeaux de la bo\u00eete aux lettres. C&#8217;est agr\u00e9able de surprendre quelqu&#8217;un de cette fa\u00e7on avec un message tr\u00e8s clair.<\/p>\n","protected":false},"excerpt":{"rendered":"<p><strong>Envoyez un beau cadeau par la poste, comme une carte postale sur papier de croissance ou une Tony Chocolonely, nous serons heureux de vous aider.<\/strong><\/p>\n<h2>Restez en contact en envoyant des cadeaux dans les bo\u00eetes aux lettres :<\/h2>\n<p>Nous vivons des temps bizarres, on dirait que le monde s&#8217;arr\u00eate et pourtant nous sommes tous occup\u00e9s au travail, comme il est beau d&#8217;envoyer un cadeau de bo\u00eete aux lettres \u00e0 ses employ\u00e9s ou \u00e0 ses clients. Chez nous, vous pouvez acheter diff\u00e9rents cadeaux de bo\u00eetes aux lettres de toutes formes et de toutes tailles. Par exemple, nous avons de nombreux cadeaux diff\u00e9rents dans nos bo\u00eetes aux lettres, comme de magnifiques plantes a\u00e9riennes, des bonbons ou des graines de tournesol. Vous pouvez commander les cadeaux de la bo\u00eete aux lettres via notre site web. Nous pouvons \u00e9galement faire en sorte que les cadeaux de la bo\u00eete aux lettres soient envoy\u00e9s \u00e0 vos clients.<\/p>\n<h2>Qu&#8217;est-ce qu&#8217;un cadeau de bo\u00eete aux lettres :<\/h2>\n<p>Un cadeau de bo\u00eete aux lettres est un cadeau qui passe par la bo\u00eete aux lettres. Pour la s\u00e9lection des cadeaux, nous avons pris en compte les directives que nous utilisons pour nos fournisseurs de cadeaux de bo\u00eetes aux lettres. Des exemples de cadeaux sont tony Chocolonely, des objets en forme de bouteille ou des bulbes de tulipe. Le plus important est qu&#8217;il passe dans la bo\u00eete aux lettres. Vous pouvez vous attendre \u00e0 diff\u00e9rents produits de notre part dans la cat\u00e9gorie des cadeaux pour bo\u00eetes aux lettres.<\/p>\n<h2>Commandez un cadeau de bo\u00eete aux lettres chez nous :<\/h2>\n<p>Vous pouvez facilement et rapidement commander un cadeau via le site web. Vous pouvez nous demander un devis \u00e0 l&#8217;avance et vous pouvez payer ensuite sur la base d&#8217;une facture. Vous pouvez commander en cadeau \u00e0 partir d&#8217;une bo\u00eete aux lettres. Chaque cadeau est soigneusement emball\u00e9 et contr\u00f4l\u00e9. De cette fa\u00e7on, nous \u00e9vitons les erreurs. La livraison \u00e0 vos clients ou \u00e0 vos employ\u00e9s est \u00e9galement effectu\u00e9e avec beaucoup de soin. Un fichier excel est suffisant pour nous permettre d&#8217;envoyer les cadeaux de la bo\u00eete aux lettres. C&#8217;est agr\u00e9able de surprendre quelqu&#8217;un de cette fa\u00e7on avec un message tr\u00e8s clair. [&#8230;]<\/p>\n<p><a class=\"btn btn-secondary understrap-read-more-link\" href=\"https:\/\/promz.be\/fr\/product\/cadeaux-pour-boites-aux-lettres\/\">Lire la suite&#8230;<\/a><\/p>\n","protected":false},"featured_media":29522,"comment_status":"open","ping_status":"closed","template":"","meta":[],"product_cat":[947,980,977,957,1031,971],"product_tag":[],"_links":{"self":[{"href":"https:\/\/promz.be\/fr\/wp-json\/wp\/v2\/product\/29528"}],"collection":[{"href":"https:\/\/promz.be\/fr\/wp-json\/wp\/v2\/product"}],"about":[{"href":"https:\/\/promz.be\/fr\/wp-json\/wp\/v2\/types\/product"}],"replies":[{"embeddable":true,"href":"https:\/\/promz.be\/fr\/wp-json\/wp\/v2\/comments?post=29528"}],"wp:featuredmedia":[{"embeddable":true,"href":"https:\/\/promz.be\/fr\/wp-json\/wp\/v2\/media\/29522"}],"wp:attachment":[{"href":"https:\/\/promz.be\/fr\/wp-json\/wp\/v2\/media?parent=29528"}],"wp:term":[{"taxonomy":"product_cat","embeddable":true,"href":"https:\/\/promz.be\/fr\/wp-json\/wp\/v2\/product_cat?post=29528"},{"taxonomy":"product_tag","embeddable":true,"href":"https:\/\/promz.be\/fr\/wp-json\/wp\/v2\/product_tag?post=29528"}],"curies":[{"name":"wp","href":"https:\/\/api.w.org\/{rel}","templated":true}]}}