{"id":29758,"date":"2020-06-11T10:38:47","date_gmt":"2020-06-11T08:59:15","guid":{"rendered":"https:\/\/promz.be\/?post_type=product&#038;p=29758"},"modified":"2020-06-11T10:59:15","modified_gmt":"2020-06-11T08:59:15","slug":"ecran-facial-facecover-avec-logo","status":"publish","type":"product","link":"https:\/\/promz.be\/fr\/product\/ecran-facial-facecover-avec-logo\/","title":{"rendered":"\u00c9cran facial &#8211; FaceCover avec logo"},"content":{"rendered":"<p><strong>Excellente protection lorsque le port d&#8217;un masque buccal est difficile ou lorsque l&#8217;expression du visage est importante, pensez simplement aux ou pour un interpr\u00e8te sourd qui doit \u00eatre capable de lire sur les l\u00e8vres.\u00a0<\/strong><\/p>\n<p>Le port d&#8217;un \u00e9cran facial est tr\u00e8s utile, non seulement dans des professions comme celles d&#8217;opticien ou de chauffeur de bus, mais aussi lorsque vous \u00eates devant une classe ou que vous devez parler devant un groupe en tant qu&#8217;enseignant.<br \/>\nL&#8217;impression en couleur le rend \u00e9galement adapt\u00e9 et reconnaissable pour l&#8217;uniforme. De plus, cette FaceCover l\u00e9g\u00e8re est un cadeau tr\u00e8s pratique et peu co\u00fbteux pour faire passer le message.<\/p>\n<p><strong>Ce produit est certifi\u00e9.<\/strong><\/p>\n<p><strong>Caract\u00e9ristiques :<\/strong><br \/>\n\u2713 Le cadre l\u00e9ger, ergonomique et durable prot\u00e8ge enti\u00e8rement le visage des facteurs externes<br \/>\n\u2713 Ce masque facial est fabriqu\u00e9 dans un mat\u00e9riau transparent d&#8217;une grande durabilit\u00e9 et d&#8217;une rigidit\u00e9 suffisante.<br \/>\n\u2713 Offre un large champ de vision, tandis que la forme profil\u00e9e ne limite pas les mouvements de la t\u00eate<br \/>\n\u2713 Lisse et facile \u00e0 ajuster pour un ajustement pr\u00e9cis \u00e0 la t\u00eate<br \/>\n\u2713 Offre un grand confort gr\u00e2ce \u00e0 sa conception l\u00e9g\u00e8re, m\u00eame en cas d&#8217;utilisation prolong\u00e9e<br \/>\n\u2713 L&#8217;assemblage de la pi\u00e8ce de protection sur la courroie de transport se d\u00e9tache facilement \u00e0 l&#8217;aide des boutons pression pour le nettoyage.<br \/>\n\u2713 Cet \u00e9cran facial permet de travailler avec des lunettes sur<br \/>\n\u2713 La vitre avant de l&#8217;\u00e9cran facial peut facilement \u00eatre remplac\u00e9e par une nouvelle vitre<br \/>\n\u2713 Peut \u00eatre parfaitement nettoy\u00e9 avec des d\u00e9tergents et des d\u00e9sinfectants<br \/>\n\u2713 Impression color\u00e9e et de haute qualit\u00e9 incluse<\/p>\n","protected":false},"excerpt":{"rendered":"<p><strong>Excellente protection lorsque le port d&#8217;un masque buccal est difficile ou lorsque l&#8217;expression du visage est importante, pensez simplement aux ou pour un interpr\u00e8te sourd qui doit \u00eatre capable de lire sur les l\u00e8vres.\u00a0<\/strong><\/p>\n<p>Le port d&#8217;un \u00e9cran facial est tr\u00e8s utile, non seulement dans des professions comme celles d&#8217;opticien ou de chauffeur de bus, mais aussi lorsque vous \u00eates devant une classe ou que vous devez parler devant un groupe en tant qu&#8217;enseignant.<br \/>\nL&#8217;impression en couleur le rend \u00e9galement adapt\u00e9 et reconnaissable pour l&#8217;uniforme. De plus, cette FaceCover l\u00e9g\u00e8re est un cadeau tr\u00e8s pratique et peu co\u00fbteux pour faire passer le message.<\/p>\n<p><strong>Ce produit est certifi\u00e9.<\/strong><\/p>\n<p><strong>Caract\u00e9ristiques :<\/strong><br \/>\n\u2713 Le cadre l\u00e9ger, ergonomique et durable prot\u00e8ge enti\u00e8rement le visage des facteurs externes<br \/>\n\u2713 Ce masque facial est fabriqu\u00e9 dans un mat\u00e9riau transparent d&#8217;une grande durabilit\u00e9 et d&#8217;une rigidit\u00e9 suffisante.<br \/>\n\u2713 Offre un large champ de vision, tandis que la forme profil\u00e9e ne limite pas les mouvements de la t\u00eate<br \/>\n\u2713 Lisse et facile \u00e0 ajuster pour un ajustement pr\u00e9cis \u00e0 la t\u00eate<br \/>\n\u2713 Offre un grand confort gr\u00e2ce \u00e0 sa conception l\u00e9g\u00e8re, m\u00eame en cas d&#8217;utilisation prolong\u00e9e<br \/>\n\u2713 L&#8217;assemblage de la pi\u00e8ce de protection sur la courroie de transport se d\u00e9tache facilement \u00e0 l&#8217;aide des boutons pression pour le nettoyage.<br \/>\n\u2713 Cet \u00e9cran facial permet de travailler avec des lunettes sur<br \/>\n\u2713 La vitre avant de l&#8217;\u00e9cran facial peut facilement \u00eatre remplac\u00e9e par une nouvelle vitre<br \/>\n\u2713 Peut \u00eatre parfaitement nettoy\u00e9 avec des d\u00e9tergents et des d\u00e9sinfectants<br \/>\n\u2713 Impression color\u00e9e et de haute qualit\u00e9 incluse [&#8230;]<\/p>\n<p><a class=\"btn btn-secondary understrap-read-more-link\" href=\"https:\/\/promz.be\/fr\/product\/ecran-facial-facecover-avec-logo\/\">Lire la suite&#8230;<\/a><\/p>\n","protected":false},"featured_media":29749,"comment_status":"open","ping_status":"closed","template":"","meta":[],"product_cat":[952,982,986,950,1035,957,985,949],"product_tag":[],"_links":{"self":[{"href":"https:\/\/promz.be\/fr\/wp-json\/wp\/v2\/product\/29758"}],"collection":[{"href":"https:\/\/promz.be\/fr\/wp-json\/wp\/v2\/product"}],"about":[{"href":"https:\/\/promz.be\/fr\/wp-json\/wp\/v2\/types\/product"}],"replies":[{"embeddable":true,"href":"https:\/\/promz.be\/fr\/wp-json\/wp\/v2\/comments?post=29758"}],"wp:featuredmedia":[{"embeddable":true,"href":"https:\/\/promz.be\/fr\/wp-json\/wp\/v2\/media\/29749"}],"wp:attachment":[{"href":"https:\/\/promz.be\/fr\/wp-json\/wp\/v2\/media?parent=29758"}],"wp:term":[{"taxonomy":"product_cat","embeddable":true,"href":"https:\/\/promz.be\/fr\/wp-json\/wp\/v2\/product_cat?post=29758"},{"taxonomy":"product_tag","embeddable":true,"href":"https:\/\/promz.be\/fr\/wp-json\/wp\/v2\/product_tag?post=29758"}],"curies":[{"name":"wp","href":"https:\/\/api.w.org\/{rel}","templated":true}]}}