{"id":29771,"date":"2020-06-11T11:42:14","date_gmt":"2020-06-11T09:42:14","guid":{"rendered":"https:\/\/promz.be\/?post_type=product&#038;p=29771"},"modified":"2020-06-11T11:42:15","modified_gmt":"2020-06-11T09:42:15","slug":"senator-antibac","status":"publish","type":"product","link":"https:\/\/promz.be\/fr\/product\/senator-antibac\/","title":{"rendered":"senator\u00ae Antibac\u00ae"},"content":{"rendered":"<p><strong>NOS BESTSELLERS VOUS PROT\u00c8GENT.<\/strong><br \/>\nLa gamme senator\u00ae Antibac\u00ae offre uneprotection antibact\u00e9rienne effcace durant<br \/>\ntoute la dur\u00e9e de vie du stylo. Maintenant disponible sur 3 mod\u00e8les.<\/p>\n<p><strong>Qu&#8217;est ce que l&#8217;Antibac\u00ae senator\u00ae?<\/strong><br \/>\n\u2022 L&#8217;Antibac\u00ae de senator\u00ae est un stylo \u00e0 bille avec une protection antibact\u00e9rienne sur toute sa surface.<br \/>\n\u2022 Cela r\u00e9duit la propagation des germes parce qu&#8217;ils ne peuvent pas survivre sur cette surface particuli\u00e8re.<br \/>\n\u2022 L&#8217;agent actif est directement int\u00e9gr\u00e9 dans le plastique et par cons\u00e9quent il ne peut ni \u00eatre abras\u00e9, ni \u00eatre \u00e9limin\u00e9 par un quelconque \u00e9l\u00e9ment ext\u00e9rieur.<\/p>\n<p><strong>Adapt\u00e9 \u00e0 un usage quotidien, disponible et effcace \u00e0 tout moment.<\/strong><\/p>\n<p><strong>Quel agent actif utilisonsnous?<\/strong><br \/>\n\u2022 Nous utilisons du plastique provenant d&#8217;Allemagne enrichi \u00e0 l&#8217;aide d&#8217;un composant \u00e0 base d&#8217;argent.<br \/>\n\u2022 Toutes les parties en plastique du stylo ont un effet antimicrobien (contres les bact\u00e9ries et les virus) test\u00e9 selon la norme ISO 22196.<br \/>\n\u2022 L&#8217;Antibac\u00ae de senator\u00ae permet d&#8217;obtenir une protection antibact\u00e9rienne sup\u00e9rieure au niveau &#8220;Log 3&#8221;, c&#8217;est \u00e0 dire une r\u00e9duction des germes par 1 000 ou \u00e0 99,9%.<\/p>\n","protected":false},"excerpt":{"rendered":"<p><strong>NOS BESTSELLERS VOUS PROT\u00c8GENT.<\/strong><br \/>\nLa gamme senator\u00ae Antibac\u00ae offre uneprotection antibact\u00e9rienne effcace durant<br \/>\ntoute la dur\u00e9e de vie du stylo. Maintenant disponible sur 3 mod\u00e8les.<\/p>\n<p><strong>Qu&#8217;est ce que l&#8217;Antibac\u00ae senator\u00ae?<\/strong><br \/>\n\u2022 L&#8217;Antibac\u00ae de senator\u00ae est un stylo \u00e0 bille avec une protection antibact\u00e9rienne sur toute sa surface.<br \/>\n\u2022 Cela r\u00e9duit la propagation des germes parce qu&#8217;ils ne peuvent pas survivre sur cette surface particuli\u00e8re.<br \/>\n\u2022 L&#8217;agent actif est directement int\u00e9gr\u00e9 dans le plastique et par cons\u00e9quent il ne peut ni \u00eatre abras\u00e9, ni \u00eatre \u00e9limin\u00e9 par un quelconque \u00e9l\u00e9ment ext\u00e9rieur.<\/p>\n<p><strong>Adapt\u00e9 \u00e0 un usage quotidien, disponible et effcace \u00e0 tout moment.<\/strong><\/p>\n<p><strong>Quel agent actif utilisonsnous?<\/strong><br \/>\n\u2022 Nous utilisons du plastique provenant d&#8217;Allemagne enrichi \u00e0 l&#8217;aide d&#8217;un composant \u00e0 base d&#8217;argent.<br \/>\n\u2022 Toutes les parties en plastique du stylo ont un effet antimicrobien (contres les bact\u00e9ries et les virus) test\u00e9 selon la norme ISO 22196.<br \/>\n\u2022 L&#8217;Antibac\u00ae de senator\u00ae permet d&#8217;obtenir une protection antibact\u00e9rienne sup\u00e9rieure au niveau &#8220;Log 3&#8221;, c&#8217;est \u00e0 dire une r\u00e9duction des germes par 1 000 ou \u00e0 99,9%. [&#8230;]<\/p>\n<p><a class=\"btn btn-secondary understrap-read-more-link\" href=\"https:\/\/promz.be\/fr\/product\/senator-antibac\/\">Lire la suite&#8230;<\/a><\/p>\n","protected":false},"featured_media":29764,"comment_status":"open","ping_status":"closed","template":"","meta":[],"product_cat":[1014,988,950,951,948,957,1001,954,1010],"product_tag":[],"_links":{"self":[{"href":"https:\/\/promz.be\/fr\/wp-json\/wp\/v2\/product\/29771"}],"collection":[{"href":"https:\/\/promz.be\/fr\/wp-json\/wp\/v2\/product"}],"about":[{"href":"https:\/\/promz.be\/fr\/wp-json\/wp\/v2\/types\/product"}],"replies":[{"embeddable":true,"href":"https:\/\/promz.be\/fr\/wp-json\/wp\/v2\/comments?post=29771"}],"wp:featuredmedia":[{"embeddable":true,"href":"https:\/\/promz.be\/fr\/wp-json\/wp\/v2\/media\/29764"}],"wp:attachment":[{"href":"https:\/\/promz.be\/fr\/wp-json\/wp\/v2\/media?parent=29771"}],"wp:term":[{"taxonomy":"product_cat","embeddable":true,"href":"https:\/\/promz.be\/fr\/wp-json\/wp\/v2\/product_cat?post=29771"},{"taxonomy":"product_tag","embeddable":true,"href":"https:\/\/promz.be\/fr\/wp-json\/wp\/v2\/product_tag?post=29771"}],"curies":[{"name":"wp","href":"https:\/\/api.w.org\/{rel}","templated":true}]}}