{"id":29802,"date":"2020-06-11T13:43:53","date_gmt":"2020-06-11T11:43:53","guid":{"rendered":"https:\/\/promz.be\/?post_type=product&#038;p=29802"},"modified":"2020-06-11T13:43:53","modified_gmt":"2020-06-11T11:43:53","slug":"tissus-masques-buccaux","status":"publish","type":"product","link":"https:\/\/promz.be\/fr\/product\/tissus-masques-buccaux\/","title":{"rendered":"Tissus Masques buccaux"},"content":{"rendered":"<p><strong>Nous fabriquons des masques buccaux en tissu en Europe. Ils sont lavables et r\u00e9utilisables. Ils sont livr\u00e9s avec votre logo, imprim\u00e9 ou brod\u00e9.<\/strong><\/p>\n<p>Maintenant que les mesures prises apr\u00e8s la pand\u00e9mie de Corona se sont assouplies et que nous sommes autoris\u00e9s \u00e0 sortir \u00e0 nouveau, il est tr\u00e8s important que nous suivions les mesures d&#8217;hygi\u00e8ne impos\u00e9es et que nous portions un masque buccal.<\/p>\n<p>Nous fabriquons nos masques buccaux en tissu en Europe. Tous nos masques buccaux sont conformes aux normes EN 149:2001. (FOD et maakjemondmask.be) Ils sont lavables et r\u00e9utilisables.<\/p>\n<p>Ce sont tous des masques de confort compos\u00e9s de 2, 3 ou m\u00eame 4 couches de coton OEKOTEX, de non-tiss\u00e9 ou de polyester selon le type.<br \/>\nUn filtre est d\u00e9j\u00e0 ajout\u00e9 ou peut \u00eatre ajout\u00e9 dans les mod\u00e8les selon maakjemondmasker.be<br \/>\nNous proposons un choix de plusieurs filtres solides dont l&#8217;op\u00e9ration ne s&#8217;arr\u00eate jamais.<\/p>\n<p>Les masques m\u00e9dicaux (TYPE IIR), chirurgicaux, FFP1, FFP2 ou FFP3 sont \u00e9galement disponibles rapidement.<\/p>\n<p>La personnalisation est certainement possible avec un logo brod\u00e9 ou imprim\u00e9.<br \/>\nUn masque noir ? Alors commandez notre topper.<\/p>\n","protected":false},"excerpt":{"rendered":"<p><strong>Nous fabriquons des masques buccaux en tissu en Europe. Ils sont lavables et r\u00e9utilisables. Ils sont livr\u00e9s avec votre logo, imprim\u00e9 ou brod\u00e9.<\/strong><\/p>\n<p>Maintenant que les mesures prises apr\u00e8s la pand\u00e9mie de Corona se sont assouplies et que nous sommes autoris\u00e9s \u00e0 sortir \u00e0 nouveau, il est tr\u00e8s important que nous suivions les mesures d&#8217;hygi\u00e8ne impos\u00e9es et que nous portions un masque buccal.<\/p>\n<p>Nous fabriquons nos masques buccaux en tissu en Europe. Tous nos masques buccaux sont conformes aux normes EN 149:2001. (FOD et maakjemondmask.be) Ils sont lavables et r\u00e9utilisables.<\/p>\n<p>Ce sont tous des masques de confort compos\u00e9s de 2, 3 ou m\u00eame 4 couches de coton OEKOTEX, de non-tiss\u00e9 ou de polyester selon le type.<br \/>\nUn filtre est d\u00e9j\u00e0 ajout\u00e9 ou peut \u00eatre ajout\u00e9 dans les mod\u00e8les selon maakjemondmasker.be<br \/>\nNous proposons un choix de plusieurs filtres solides dont l&#8217;op\u00e9ration ne s&#8217;arr\u00eate jamais.<\/p>\n<p>Les masques m\u00e9dicaux (TYPE IIR), chirurgicaux, FFP1, FFP2 ou FFP3 sont \u00e9galement disponibles rapidement.<\/p>\n<p>La personnalisation est certainement possible avec un logo brod\u00e9 ou imprim\u00e9.<br \/>\nUn masque noir ? Alors commandez notre topper. [&#8230;]<\/p>\n<p><a class=\"btn btn-secondary understrap-read-more-link\" href=\"https:\/\/promz.be\/fr\/product\/tissus-masques-buccaux\/\">Lire la suite&#8230;<\/a><\/p>\n","protected":false},"featured_media":29793,"comment_status":"open","ping_status":"closed","template":"","meta":[],"product_cat":[1014,952,982,986,988,950,1035,951,948,957,1001,954,949,955,967],"product_tag":[],"_links":{"self":[{"href":"https:\/\/promz.be\/fr\/wp-json\/wp\/v2\/product\/29802"}],"collection":[{"href":"https:\/\/promz.be\/fr\/wp-json\/wp\/v2\/product"}],"about":[{"href":"https:\/\/promz.be\/fr\/wp-json\/wp\/v2\/types\/product"}],"replies":[{"embeddable":true,"href":"https:\/\/promz.be\/fr\/wp-json\/wp\/v2\/comments?post=29802"}],"wp:featuredmedia":[{"embeddable":true,"href":"https:\/\/promz.be\/fr\/wp-json\/wp\/v2\/media\/29793"}],"wp:attachment":[{"href":"https:\/\/promz.be\/fr\/wp-json\/wp\/v2\/media?parent=29802"}],"wp:term":[{"taxonomy":"product_cat","embeddable":true,"href":"https:\/\/promz.be\/fr\/wp-json\/wp\/v2\/product_cat?post=29802"},{"taxonomy":"product_tag","embeddable":true,"href":"https:\/\/promz.be\/fr\/wp-json\/wp\/v2\/product_tag?post=29802"}],"curies":[{"name":"wp","href":"https:\/\/api.w.org\/{rel}","templated":true}]}}