{"id":29806,"date":"2020-06-11T13:59:32","date_gmt":"2020-06-11T11:59:32","guid":{"rendered":"https:\/\/promz.be\/product\/ecran-de-protection-100-recyclable\/"},"modified":"2020-06-11T13:59:32","modified_gmt":"2020-06-11T11:59:32","slug":"ecran-de-protection-100-recyclable","status":"publish","type":"product","link":"https:\/\/promz.be\/fr\/product\/ecran-de-protection-100-recyclable\/","title":{"rendered":"Ecran de protection 100% recyclable"},"content":{"rendered":"<p>\u2714 Carton renforc\u00e9 double cannelure avec label FSC<br \/>\n\u2714 Ecran 100% transparent en Pet 300 microns<br \/>\n\u2714 Personnalisable avec votre logo<br \/>\n\u2714 Facile \u00e0 monter<br \/>\n\u2714 Tr\u00e8s solide<br \/>\n\u2714 L\u00e9ger et facile \u00e0 d\u00e9placer<br \/>\n\u2714 100% fabrication europ\u00e9enne<br \/>\n\u27143 tailles: 90 x 60 cm \/ 120 x 90 cm \/ 119 x 137 cm<\/p>\n","protected":false},"excerpt":{"rendered":"<p>\u2714 Carton renforc\u00e9 double cannelure avec label FSC<br \/>\n\u2714 Ecran 100% transparent en Pet 300 microns<br \/>\n\u2714 Personnalisable avec votre logo<br \/>\n\u2714 Facile \u00e0 monter<br \/>\n\u2714 Tr\u00e8s solide<br \/>\n\u2714 L\u00e9ger et facile \u00e0 d\u00e9placer<br \/>\n\u2714 100% fabrication europ\u00e9enne<br \/>\n\u27143 tailles: 90 x 60 cm \/ 120 x 90 cm \/ 119 x 137 cm [&#8230;]<\/p>\n<p><a class=\"btn btn-secondary understrap-read-more-link\" href=\"https:\/\/promz.be\/fr\/product\/ecran-de-protection-100-recyclable\/\">Lire la suite&#8230;<\/a><\/p>\n","protected":false},"featured_media":29805,"comment_status":"open","ping_status":"closed","template":"","meta":[],"product_cat":[974,980,986,988,950,1035,951,957,1031,949],"product_tag":[],"_links":{"self":[{"href":"https:\/\/promz.be\/fr\/wp-json\/wp\/v2\/product\/29806"}],"collection":[{"href":"https:\/\/promz.be\/fr\/wp-json\/wp\/v2\/product"}],"about":[{"href":"https:\/\/promz.be\/fr\/wp-json\/wp\/v2\/types\/product"}],"replies":[{"embeddable":true,"href":"https:\/\/promz.be\/fr\/wp-json\/wp\/v2\/comments?post=29806"}],"wp:featuredmedia":[{"embeddable":true,"href":"https:\/\/promz.be\/fr\/wp-json\/wp\/v2\/media\/29805"}],"wp:attachment":[{"href":"https:\/\/promz.be\/fr\/wp-json\/wp\/v2\/media?parent=29806"}],"wp:term":[{"taxonomy":"product_cat","embeddable":true,"href":"https:\/\/promz.be\/fr\/wp-json\/wp\/v2\/product_cat?post=29806"},{"taxonomy":"product_tag","embeddable":true,"href":"https:\/\/promz.be\/fr\/wp-json\/wp\/v2\/product_tag?post=29806"}],"curies":[{"name":"wp","href":"https:\/\/api.w.org\/{rel}","templated":true}]}}